{"id":8083,"date":"2026-01-28T16:10:30","date_gmt":"2026-01-28T16:10:30","guid":{"rendered":"https:\/\/pelartlabbenelux.com\/product\/unisex-cream-probio-protective-spf-hev-unisex-probio-line-50-ml\/"},"modified":"2026-02-05T16:33:41","modified_gmt":"2026-02-05T16:33:41","slug":"unisex-cream-probio-protective-spf-hev-unisex-probio-line-50-ml","status":"publish","type":"product","link":"https:\/\/pelartlabbenelux.com\/fr\/produit\/unisex-cream-probio-protective-spf-hev-unisex-probio-line-50-ml\/","title":{"rendered":"Cr\u00e8me Unisexe \u00ab Probio Protective \u00bb SPF \/ HEV, Unisex Probio Line, 50 ml"},"content":{"rendered":"<p>Cr\u00e8me de jour protectrice avec un complexe probiotique, des peptides et de l&rsquo;acide lactique, con\u00e7ue pour renforcer la barri\u00e8re cutan\u00e9e, restaurer le microbiome et prot\u00e9ger la peau des facteurs environnementaux agressifs. Sa formule stimule la synth\u00e8se du collag\u00e8ne, de l&rsquo;\u00e9lastine et de l&rsquo;acide hyaluronique, favorisant le renouvellement de la peau tout en maintenant sa fermet\u00e9 et son hydratation.<\/p>\n<p>La cr\u00e8me contient un \u00ab patch mol\u00e9culaire \u00bb innovant avec un r\u00e9servoir 3D de composants hydratants d&rsquo;origine naturelle, assurant une hydratation prolong\u00e9e et un confort tout au long de la journ\u00e9e. Un complexe de polypeptides issu de graines de moringa prot\u00e8ge la peau de la pollution et des particules de smog, tandis que l&rsquo;extrait de rose des Alpes aide \u00e0 prot\u00e9ger l&rsquo;ADN cellulaire des rayons UVA\/UVB et de la lumi\u00e8re bleue (HEV), y compris les \u00e9missions des appareils num\u00e9riques.<\/p>\n<p>Recommand\u00e9e pour un usage quotidien pour tous les types de peau, particuli\u00e8rement en conditions de stress urbain, d&rsquo;exposition solaire accrue et de charge num\u00e9rique.<\/p>\n<p><strong>Effets cl\u00e9s :<\/strong><br \/>\n\u2022 protection contre les UVA \/ UVB et la lumi\u00e8re bleue (HEV) \u2022 restauration de la barri\u00e8re cutan\u00e9e et du microbiome \u2022 hydratation intensive et prolong\u00e9e \u2022 protection antioxydante et pr\u00e9vention du photo-vieillissement \u2022 protection contre les polluants environnementaux<\/p>\n<p><strong>Mode d\u2019utilisation :<\/strong><br \/>\nAppliquer le matin sur la peau du visage nettoy\u00e9e et tonifi\u00e9e, apr\u00e8s l&rsquo;utilisation du s\u00e9rum Probio Intense. Convient \u00e0 un usage quotidien.<\/p>\n<p><strong>Ingr\u00e9dients :<\/strong><br \/>\nAqua (Water), Oils: Almond Oil, Avocado Oil, Shea Butter, Cetearyl Olivate, Sorbitan Olivate, Octyldodecanol, Ethylhexyl Olivate, Sodium Acrylate Copolymer, Polyglycerin-4 Olivate, Cyclomethicone, Yeast Hydrolysate, Bioconverted by Lactobacillus strain, Butylene Glycol, Pentylene Glycol, Soy Extract, Bioconverted by Lactobacillus plantarum strain, Pentylene Glycol, Cetyl Stearyl Alcohol, Glycerin, Glycerol Glucoside, Trehalose, Urea, Serine, Pentylene Glycol, Glycerol Polyacrylate, Algin, Caprylyl Glycol, Sodium Hyaluronate, Pullulan, Sodium Phosphate, Potassium Phosphate, Moringa Oleifera Extract, Phenoxyethanol, Methylparaben, Propylparaben, Xanthan Gum, Sodium Polyacrylate, Pentarythritol Tetra-di-t-butyl Hydroxyhydrocinnamate, Fragrance Composition.<\/p>\n","protected":false},"excerpt":{"rendered":"<p>Cr\u00e8me de jour protectrice avec un complexe probiotique, des peptides et de l&rsquo;acide lactique, con\u00e7ue pour renforcer la barri\u00e8re cutan\u00e9e, restaurer le microbiome et prot\u00e9ger la peau des facteurs environnementaux agressifs. Sa formule stimule la synth\u00e8se du collag\u00e8ne, de l&rsquo;\u00e9lastine et de l&rsquo;acide hyaluronique, favorisant le renouvellement de la peau tout en maintenant sa fermet\u00e9 [&hellip;]<\/p>\n","protected":false},"featured_media":8084,"comment_status":"open","ping_status":"closed","template":"","meta":[],"product_brand":[88],"product_cat":[129],"product_tag":[],"class_list":{"0":"post-8083","1":"product","2":"type-product","3":"status-publish","4":"has-post-thumbnail","6":"product_brand-unisex-probio-line","7":"product_cat-unisex-probio-gamme-avec-probiotiques-pour-hommes-et-femmes","9":"first","10":"instock","11":"shipping-taxable","12":"purchasable","13":"product-type-simple"},"aioseo_notices":[],"_links":{"self":[{"href":"https:\/\/pelartlabbenelux.com\/fr\/wp-json\/wp\/v2\/product\/8083","targetHints":{"allow":["GET"]}}],"collection":[{"href":"https:\/\/pelartlabbenelux.com\/fr\/wp-json\/wp\/v2\/product"}],"about":[{"href":"https:\/\/pelartlabbenelux.com\/fr\/wp-json\/wp\/v2\/types\/product"}],"replies":[{"embeddable":true,"href":"https:\/\/pelartlabbenelux.com\/fr\/wp-json\/wp\/v2\/comments?post=8083"}],"version-history":[{"count":2,"href":"https:\/\/pelartlabbenelux.com\/fr\/wp-json\/wp\/v2\/product\/8083\/revisions"}],"predecessor-version":[{"id":8410,"href":"https:\/\/pelartlabbenelux.com\/fr\/wp-json\/wp\/v2\/product\/8083\/revisions\/8410"}],"wp:featuredmedia":[{"embeddable":true,"href":"https:\/\/pelartlabbenelux.com\/fr\/wp-json\/wp\/v2\/media\/8084"}],"wp:attachment":[{"href":"https:\/\/pelartlabbenelux.com\/fr\/wp-json\/wp\/v2\/media?parent=8083"}],"wp:term":[{"taxonomy":"product_brand","embeddable":true,"href":"https:\/\/pelartlabbenelux.com\/fr\/wp-json\/wp\/v2\/product_brand?post=8083"},{"taxonomy":"product_cat","embeddable":true,"href":"https:\/\/pelartlabbenelux.com\/fr\/wp-json\/wp\/v2\/product_cat?post=8083"},{"taxonomy":"product_tag","embeddable":true,"href":"https:\/\/pelartlabbenelux.com\/fr\/wp-json\/wp\/v2\/product_tag?post=8083"}],"curies":[{"name":"wp","href":"https:\/\/api.w.org\/{rel}","templated":true}]}}