{"id":8081,"date":"2026-01-28T16:10:30","date_gmt":"2026-01-28T16:10:30","guid":{"rendered":"https:\/\/pelartlabbenelux.com\/product\/unisex-cream-probio-night-unisex-probio-line-50-ml\/"},"modified":"2026-02-05T16:34:22","modified_gmt":"2026-02-05T16:34:22","slug":"unisex-cream-probio-night-unisex-probio-line-50-ml","status":"publish","type":"product","link":"https:\/\/pelartlabbenelux.com\/fr\/produit\/unisex-cream-probio-night-unisex-probio-line-50-ml\/","title":{"rendered":"Cr\u00e8me Unisexe \u00ab Probio Night \u00bb, Unisex Probio Line, 50 ml"},"content":{"rendered":"<p>Cr\u00e8me de nuit avec un complexe probiotique innovant, d\u00e9velopp\u00e9e pour une r\u00e9paration cutan\u00e9e profonde et une restauration du microbiome durant la phase de r\u00e9g\u00e9n\u00e9ration nocturne. Sa formule active la synth\u00e8se des collag\u00e8nes de types I et V, de l&rsquo;\u00e9lastine et des glycosaminoglycanes, aidant \u00e0 augmenter la densit\u00e9 et la fermet\u00e9 de la peau tout en am\u00e9liorant l&rsquo;\u00e9paisseur de l&rsquo;\u00e9piderme.<\/p>\n<p>La cr\u00e8me soutient la synth\u00e8se des lipides cutan\u00e9s essentiels, notamment les c\u00e9ramides, renforce la barri\u00e8re protectrice et r\u00e9duit l&rsquo;intensit\u00e9 des processus inflammatoires. Un complexe d&rsquo;huiles, de composants hydratants et d&rsquo;antioxydants procure une hydratation instantan\u00e9e et durable, prot\u00e8ge les cellules contre le stress oxydatif et aide \u00e0 pr\u00e9server la jeunesse de la peau.<\/p>\n<p>Recommand\u00e9e pour le soin de nuit de tous les types de peau, particuli\u00e8rement en cas de barri\u00e8re cutan\u00e9e alt\u00e9r\u00e9e, de d\u00e9shydratation, de sensibilit\u00e9 ou de signes de vieillissement pr\u00e9matur\u00e9.<\/p>\n<p><strong>Effets cl\u00e9s :<\/strong><br \/>\n\u2022 restauration et soutien du microbiome de la peau \u2022 renforcement de la barri\u00e8re cutan\u00e9e et synth\u00e8se des c\u00e9ramides \u2022 hydratation profonde et durable \u2022 r\u00e9duction de l&rsquo;inflammation et de la sensibilit\u00e9 \u2022 protection antioxydante et pr\u00e9vention du vieillissement<\/p>\n<p><strong>Mode d\u2019utilisation :<\/strong><br \/>\nAppliquer le soir sur la peau du visage nettoy\u00e9e et tonifi\u00e9e. Utiliser apr\u00e8s le s\u00e9rum peeling de nuit Poly-Acid et\/ou le s\u00e9rum Probio Intense. Convient \u00e0 un usage quotidien.<\/p>\n<p><strong>Ingr\u00e9dients :<\/strong><br \/>\nAqua (Water), Decaprylyl Carbonate, Oils: Olive Oil, Grape Seed Oil, Shea Butter, Lanolin, Cetearyl Alcohol, Cyclopentasiloxane, Dimethiconol, Beeswax, Glyceryl Stearate, Glycerin, Soy Extract, Bioconverted by Lactobacillus plantarum strain, Pentylene Glycol, Caprylyl Glycol, Yeast Hydrolysate, Bioconverted by Lactobacillus strain, Butylene Glycol, Trehalose, Urea, Serine, Pentylene Glycol, Glycerol Polyacrylate, Algin, Caprylyl Glycol, Sodium Hyaluronate, Pullulan, Sodium Phosphate, Potassium Phosphate, Glycerol Stearate, Ceteareth-20, Ceteareth-12, Cetyl Palmitate, Phenoxyethanol, Methylparaben, Propylparaben, Moringa Oleifera Extract, Pentarythritol Tetra-di-t-butyl Hydroxyhydrocinnamate, Fragrance Composition.<\/p>\n","protected":false},"excerpt":{"rendered":"<p>Cr\u00e8me de nuit avec un complexe probiotique innovant, d\u00e9velopp\u00e9e pour une r\u00e9paration cutan\u00e9e profonde et une restauration du microbiome durant la phase de r\u00e9g\u00e9n\u00e9ration nocturne. Sa formule active la synth\u00e8se des collag\u00e8nes de types I et V, de l&rsquo;\u00e9lastine et des glycosaminoglycanes, aidant \u00e0 augmenter la densit\u00e9 et la fermet\u00e9 de la peau tout en [&hellip;]<\/p>\n","protected":false},"featured_media":8082,"comment_status":"open","ping_status":"closed","template":"","meta":[],"product_brand":[88],"product_cat":[129],"product_tag":[],"class_list":{"0":"post-8081","1":"product","2":"type-product","3":"status-publish","4":"has-post-thumbnail","6":"product_brand-unisex-probio-line","7":"product_cat-unisex-probio-gamme-avec-probiotiques-pour-hommes-et-femmes","9":"first","10":"instock","11":"shipping-taxable","12":"purchasable","13":"product-type-simple"},"aioseo_notices":[],"_links":{"self":[{"href":"https:\/\/pelartlabbenelux.com\/fr\/wp-json\/wp\/v2\/product\/8081","targetHints":{"allow":["GET"]}}],"collection":[{"href":"https:\/\/pelartlabbenelux.com\/fr\/wp-json\/wp\/v2\/product"}],"about":[{"href":"https:\/\/pelartlabbenelux.com\/fr\/wp-json\/wp\/v2\/types\/product"}],"replies":[{"embeddable":true,"href":"https:\/\/pelartlabbenelux.com\/fr\/wp-json\/wp\/v2\/comments?post=8081"}],"version-history":[{"count":2,"href":"https:\/\/pelartlabbenelux.com\/fr\/wp-json\/wp\/v2\/product\/8081\/revisions"}],"predecessor-version":[{"id":8412,"href":"https:\/\/pelartlabbenelux.com\/fr\/wp-json\/wp\/v2\/product\/8081\/revisions\/8412"}],"wp:featuredmedia":[{"embeddable":true,"href":"https:\/\/pelartlabbenelux.com\/fr\/wp-json\/wp\/v2\/media\/8082"}],"wp:attachment":[{"href":"https:\/\/pelartlabbenelux.com\/fr\/wp-json\/wp\/v2\/media?parent=8081"}],"wp:term":[{"taxonomy":"product_brand","embeddable":true,"href":"https:\/\/pelartlabbenelux.com\/fr\/wp-json\/wp\/v2\/product_brand?post=8081"},{"taxonomy":"product_cat","embeddable":true,"href":"https:\/\/pelartlabbenelux.com\/fr\/wp-json\/wp\/v2\/product_cat?post=8081"},{"taxonomy":"product_tag","embeddable":true,"href":"https:\/\/pelartlabbenelux.com\/fr\/wp-json\/wp\/v2\/product_tag?post=8081"}],"curies":[{"name":"wp","href":"https:\/\/api.w.org\/{rel}","templated":true}]}}