{"id":8077,"date":"2026-01-28T16:08:23","date_gmt":"2026-01-28T16:08:23","guid":{"rendered":"https:\/\/pelartlabbenelux.com\/product\/balancing-vegetable-lotion-toner-for-face-vegetable-series-250-ml\/"},"modified":"2026-02-05T16:38:45","modified_gmt":"2026-02-05T16:38:45","slug":"balancing-vegetable-lotion-toner-for-face-vegetable-series-250-ml","status":"publish","type":"product","link":"https:\/\/pelartlabbenelux.com\/fr\/produit\/balancing-vegetable-lotion-toner-for-face-vegetable-series-250-ml\/","title":{"rendered":"Lotion Tonique V\u00e9g\u00e9tale \u00c9quilibrante pour le visage, Vegetable Series, 250 ml"},"content":{"rendered":"<p>La lotion tonique v\u00e9g\u00e9tale \u00e9quilibrante pour le visage, sans alcool, est con\u00e7ue pour le soin d\u00e9licat des peaux jeunes et sensibles. Elle compl\u00e8te l&rsquo;\u00e9tape du nettoyage, tonifie et rafra\u00eechit efficacement la peau, r\u00e9duit les irritations et soutient la barri\u00e8re protectrice naturelle.<\/p>\n<p>Sa formule, \u00e0 base d&rsquo;extraits de plantes et d&rsquo;hydrolats, favorise la r\u00e9g\u00e9n\u00e9ration cellulaire et la restauration cutan\u00e9e. Les phytoncides d&rsquo;origine v\u00e9g\u00e9tale poss\u00e8dent des propri\u00e9t\u00e9s protectrices et aident \u00e0 renforcer les parois des vaisseaux sanguins en augmentant leur \u00e9lasticit\u00e9. La vitamine C offre une protection antioxydante, pr\u00e9venant les processus d&rsquo;oxydation dans l&rsquo;\u00e9piderme. Le tonique hydrate intens\u00e9ment, normalise l&rsquo;\u00e9quilibre du pH et pr\u00e9pare la peau \u00e0 recevoir d&rsquo;autres soins.<\/p>\n<p><strong>Effets cl\u00e9s :<\/strong><br \/>\n\u2022 tonification douce et rafra\u00eechissement de la peau<br \/>\n\u2022 hydratation et restauration de l&rsquo;\u00e9quilibre du pH<br \/>\n\u2022 action apaisante<br \/>\n\u2022 renforcement des parois des vaisseaux sanguins<br \/>\n\u2022 protection antioxydante<\/p>\n<p><strong>Mode d\u2019utilisation :<\/strong><br \/>\nAppliquer le tonique sur un coton et essuyer le visage, le cou et le d\u00e9collet\u00e9. Recommand\u00e9 pour compl\u00e9ter le soin avec une cr\u00e8me nourrissante (10077, 10078).<\/p>\n<p><strong>Ingr\u00e9dients :<\/strong><br \/>\nHydrosol of Carrot Flowers, Cucumber Hydrosol, D-Panthenol, Lactic Acid, Citric Acid, Extracts: Licorice, Parsley, Onion, Pumpkin, Celery, Water-Soluble Carrot Seed Oil, Sodium Ascorbyl Phosphate, Carrot Powder, Tocopheryl Acetate.<\/p>\n","protected":false},"excerpt":{"rendered":"<p>La lotion tonique v\u00e9g\u00e9tale \u00e9quilibrante pour le visage, sans alcool, est con\u00e7ue pour le soin d\u00e9licat des peaux jeunes et sensibles. Elle compl\u00e8te l&rsquo;\u00e9tape du nettoyage, tonifie et rafra\u00eechit efficacement la peau, r\u00e9duit les irritations et soutient la barri\u00e8re protectrice naturelle. Sa formule, \u00e0 base d&rsquo;extraits de plantes et d&rsquo;hydrolats, favorise la r\u00e9g\u00e9n\u00e9ration cellulaire et [&hellip;]<\/p>\n","protected":false},"featured_media":8078,"comment_status":"open","ping_status":"closed","template":"","meta":[],"product_brand":[66],"product_cat":[128],"product_tag":[],"class_list":{"0":"post-8077","1":"product","2":"type-product","3":"status-publish","4":"has-post-thumbnail","6":"product_brand-vegetable-series","7":"product_cat-vegetable-line-pour-les-peaux-jeunes-a-base-dextraits-vegetaux","9":"first","10":"instock","11":"shipping-taxable","12":"purchasable","13":"product-type-simple"},"aioseo_notices":[],"_links":{"self":[{"href":"https:\/\/pelartlabbenelux.com\/fr\/wp-json\/wp\/v2\/product\/8077","targetHints":{"allow":["GET"]}}],"collection":[{"href":"https:\/\/pelartlabbenelux.com\/fr\/wp-json\/wp\/v2\/product"}],"about":[{"href":"https:\/\/pelartlabbenelux.com\/fr\/wp-json\/wp\/v2\/types\/product"}],"replies":[{"embeddable":true,"href":"https:\/\/pelartlabbenelux.com\/fr\/wp-json\/wp\/v2\/comments?post=8077"}],"version-history":[{"count":2,"href":"https:\/\/pelartlabbenelux.com\/fr\/wp-json\/wp\/v2\/product\/8077\/revisions"}],"predecessor-version":[{"id":8420,"href":"https:\/\/pelartlabbenelux.com\/fr\/wp-json\/wp\/v2\/product\/8077\/revisions\/8420"}],"wp:featuredmedia":[{"embeddable":true,"href":"https:\/\/pelartlabbenelux.com\/fr\/wp-json\/wp\/v2\/media\/8078"}],"wp:attachment":[{"href":"https:\/\/pelartlabbenelux.com\/fr\/wp-json\/wp\/v2\/media?parent=8077"}],"wp:term":[{"taxonomy":"product_brand","embeddable":true,"href":"https:\/\/pelartlabbenelux.com\/fr\/wp-json\/wp\/v2\/product_brand?post=8077"},{"taxonomy":"product_cat","embeddable":true,"href":"https:\/\/pelartlabbenelux.com\/fr\/wp-json\/wp\/v2\/product_cat?post=8077"},{"taxonomy":"product_tag","embeddable":true,"href":"https:\/\/pelartlabbenelux.com\/fr\/wp-json\/wp\/v2\/product_tag?post=8077"}],"curies":[{"name":"wp","href":"https:\/\/api.w.org\/{rel}","templated":true}]}}