{"id":8075,"date":"2026-01-28T16:08:23","date_gmt":"2026-01-28T16:08:23","guid":{"rendered":"https:\/\/pelartlabbenelux.com\/product\/nourishing-vegetable-mask-with-pumpkin-vegetable-series-250-ml\/"},"modified":"2026-02-05T16:39:17","modified_gmt":"2026-02-05T16:39:17","slug":"nourishing-vegetable-mask-with-pumpkin-vegetable-series-250-ml","status":"publish","type":"product","link":"https:\/\/pelartlabbenelux.com\/fr\/produit\/nourishing-vegetable-mask-with-pumpkin-vegetable-series-250-ml\/","title":{"rendered":"Masque Nourrissant V\u00e9g\u00e9tal \u00e0 la citrouille, Vegetable Series, 250 ml"},"content":{"rendered":"<p>Le masque nourrissant v\u00e9g\u00e9tal \u00e0 la citrouille est con\u00e7u pour les peaux jeunes et aide \u00e0 restaurer l&rsquo;\u00e9quilibre hydrolipidique. Sa formule enrichit la peau en vitamines, oligo-\u00e9l\u00e9ments et acides gras essentiels, offrant une nutrition intensive et am\u00e9liorant le tonus g\u00e9n\u00e9ral de la peau.<\/p>\n<p>La citrouille est riche en vitamines A, C, B, E et en acides amin\u00e9s, qui favorisent le renouvellement cutan\u00e9 et augmentent la fermet\u00e9. Les huiles de noix et de s\u00e9same poss\u00e8dent des propri\u00e9t\u00e9s antioxydantes, adoucissent la peau et aident \u00e0 lisser les ridules. L&rsquo;huile de l&rsquo;argousier soutient la r\u00e9g\u00e9n\u00e9ration, am\u00e9liore la microcirculation et donne \u00e0 la peau un aspect frais et \u00e9clatant.<\/p>\n<p><strong>Effets cl\u00e9s :<\/strong><br \/>\n\u2022 nutrition intensive de la peau \u2022 restauration de l&rsquo;\u00e9quilibre hydrolipidique \u2022 augmentation de la fermet\u00e9 et de l&rsquo;\u00e9lasticit\u00e9 \u2022 protection antioxydante \u2022 am\u00e9lioration du teint et de l&rsquo;\u00e9clat<\/p>\n<p><strong>Mode d\u2019utilisation :<\/strong><br \/>\nAppliquer le masque sur la peau du visage nettoy\u00e9e pendant 15 \u00e0 20 minutes, puis rincer \u00e0 l&rsquo;eau ti\u00e8de. Utiliser deux fois par semaine. Recommand\u00e9 en combinaison avec le s\u00e9rum 10034.<\/p>\n<p><strong>Ingr\u00e9dients :<\/strong><br \/>\nKaolin, Konjac Mannan, D-Panthenol, Pumpkin Oil, Extracts of Parsley and Pumpkin, Urea, Oils: Walnut, Sesame, Sea Buckthorn, Sodium Ascorbyl Phosphate, Titanium Dioxide, Allantoin, Carrot Powder.<\/p>\n","protected":false},"excerpt":{"rendered":"<p>Le masque nourrissant v\u00e9g\u00e9tal \u00e0 la citrouille est con\u00e7u pour les peaux jeunes et aide \u00e0 restaurer l&rsquo;\u00e9quilibre hydrolipidique. Sa formule enrichit la peau en vitamines, oligo-\u00e9l\u00e9ments et acides gras essentiels, offrant une nutrition intensive et am\u00e9liorant le tonus g\u00e9n\u00e9ral de la peau. La citrouille est riche en vitamines A, C, B, E et en [&hellip;]<\/p>\n","protected":false},"featured_media":8076,"comment_status":"open","ping_status":"closed","template":"","meta":[],"product_brand":[66],"product_cat":[128],"product_tag":[],"class_list":{"0":"post-8075","1":"product","2":"type-product","3":"status-publish","4":"has-post-thumbnail","6":"product_brand-vegetable-series","7":"product_cat-vegetable-line-pour-les-peaux-jeunes-a-base-dextraits-vegetaux","9":"first","10":"instock","11":"shipping-taxable","12":"purchasable","13":"product-type-simple"},"aioseo_notices":[],"_links":{"self":[{"href":"https:\/\/pelartlabbenelux.com\/fr\/wp-json\/wp\/v2\/product\/8075","targetHints":{"allow":["GET"]}}],"collection":[{"href":"https:\/\/pelartlabbenelux.com\/fr\/wp-json\/wp\/v2\/product"}],"about":[{"href":"https:\/\/pelartlabbenelux.com\/fr\/wp-json\/wp\/v2\/types\/product"}],"replies":[{"embeddable":true,"href":"https:\/\/pelartlabbenelux.com\/fr\/wp-json\/wp\/v2\/comments?post=8075"}],"version-history":[{"count":2,"href":"https:\/\/pelartlabbenelux.com\/fr\/wp-json\/wp\/v2\/product\/8075\/revisions"}],"predecessor-version":[{"id":8422,"href":"https:\/\/pelartlabbenelux.com\/fr\/wp-json\/wp\/v2\/product\/8075\/revisions\/8422"}],"wp:featuredmedia":[{"embeddable":true,"href":"https:\/\/pelartlabbenelux.com\/fr\/wp-json\/wp\/v2\/media\/8076"}],"wp:attachment":[{"href":"https:\/\/pelartlabbenelux.com\/fr\/wp-json\/wp\/v2\/media?parent=8075"}],"wp:term":[{"taxonomy":"product_brand","embeddable":true,"href":"https:\/\/pelartlabbenelux.com\/fr\/wp-json\/wp\/v2\/product_brand?post=8075"},{"taxonomy":"product_cat","embeddable":true,"href":"https:\/\/pelartlabbenelux.com\/fr\/wp-json\/wp\/v2\/product_cat?post=8075"},{"taxonomy":"product_tag","embeddable":true,"href":"https:\/\/pelartlabbenelux.com\/fr\/wp-json\/wp\/v2\/product_tag?post=8075"}],"curies":[{"name":"wp","href":"https:\/\/api.w.org\/{rel}","templated":true}]}}