{"id":8071,"date":"2026-01-28T16:08:23","date_gmt":"2026-01-28T16:08:23","guid":{"rendered":"https:\/\/pelartlabbenelux.com\/product\/day-gel-cream-anti-pollution-spf-20-vegetable-series-50-ml\/"},"modified":"2026-02-05T16:40:44","modified_gmt":"2026-02-05T16:40:44","slug":"day-gel-cream-anti-pollution-spf-20-vegetable-series-50-ml","status":"publish","type":"product","link":"https:\/\/pelartlabbenelux.com\/fr\/produit\/day-gel-cream-anti-pollution-spf-20-vegetable-series-50-ml\/","title":{"rendered":"Gel-Cr\u00e8me de Jour Anti-Pollution SPF 20, Vegetable Series, 50 ml"},"content":{"rendered":"<p>Le Gel-Cr\u00e8me de jour Anti-Pollution SPF 20 est con\u00e7u pour prot\u00e9ger la peau des facteurs environnementaux urbains agressifs : gaz d&rsquo;\u00e9chappement, smog, fum\u00e9e de tabac, rayons UV, lumi\u00e8re bleue des \u00e9crans, poussi\u00e8re et m\u00e9taux lourds. Sa formule r\u00e9duit le stress oxydatif et aide \u00e0 maintenir un teint \u00e9clatant de sant\u00e9.<\/p>\n<p>La cr\u00e8me forme un film protecteur \u00e0 la surface de la peau, emp\u00eachant le d\u00e9p\u00f4t de polluants, stimule la microcirculation et am\u00e9liore l&rsquo;oxyg\u00e9nation. Elle poss\u00e8de des propri\u00e9t\u00e9s antioxydantes et hydratantes prononc\u00e9es, am\u00e9liore le tonus cutan\u00e9 et aide \u00e0 pr\u00e9venir l&rsquo;apparition des premiers signes de l&rsquo;\u00e2ge. Convient \u00e0 tous les types de peau, particuli\u00e8rement aux peaux ternes et fatigu\u00e9es en milieu urbain.<\/p>\n<p><strong>Effets cl\u00e9s :<\/strong><br \/>\n\u2022 protection contre les polluants et les rayons UV \u2022 r\u00e9duction du stress oxydatif \u2022 hydratation et soutien antioxydant \u2022 am\u00e9lioration du teint et de l&rsquo;\u00e9clat \u2022 pr\u00e9vention des premiers signes du vieillissement<\/p>\n<p><strong>Mode d\u2019utilisation :<\/strong><br \/>\nAppliquer une petite quantit\u00e9 de cr\u00e8me le matin apr\u00e8s le nettoyage et la tonification. Recommand\u00e9 en combinaison avec les toniques 10072 ou 10073.<\/p>\n<p><strong>Ingr\u00e9dients :<\/strong><br \/>\nMoringa Extract, CLR Ceramide Complex, UVA\/UVB Filter Complex, Almond Oil, Ethylhexyl Olivate, Sodium Acrylate Copolymer, Chia Seed Oil, Hemp Seed Oil, Maltodextrin, Lecithin, Tocopherol, Ascorbyl Palmitate, Fragrance Composition.<\/p>\n","protected":false},"excerpt":{"rendered":"<p>Le Gel-Cr\u00e8me de jour Anti-Pollution SPF 20 est con\u00e7u pour prot\u00e9ger la peau des facteurs environnementaux urbains agressifs : gaz d&rsquo;\u00e9chappement, smog, fum\u00e9e de tabac, rayons UV, lumi\u00e8re bleue des \u00e9crans, poussi\u00e8re et m\u00e9taux lourds. Sa formule r\u00e9duit le stress oxydatif et aide \u00e0 maintenir un teint \u00e9clatant de sant\u00e9. La cr\u00e8me forme un film [&hellip;]<\/p>\n","protected":false},"featured_media":8072,"comment_status":"open","ping_status":"closed","template":"","meta":[],"product_brand":[66],"product_cat":[128],"product_tag":[],"class_list":{"0":"post-8071","1":"product","2":"type-product","3":"status-publish","4":"has-post-thumbnail","6":"product_brand-vegetable-series","7":"product_cat-vegetable-line-pour-les-peaux-jeunes-a-base-dextraits-vegetaux","9":"first","10":"instock","11":"shipping-taxable","12":"purchasable","13":"product-type-simple"},"aioseo_notices":[],"_links":{"self":[{"href":"https:\/\/pelartlabbenelux.com\/fr\/wp-json\/wp\/v2\/product\/8071","targetHints":{"allow":["GET"]}}],"collection":[{"href":"https:\/\/pelartlabbenelux.com\/fr\/wp-json\/wp\/v2\/product"}],"about":[{"href":"https:\/\/pelartlabbenelux.com\/fr\/wp-json\/wp\/v2\/types\/product"}],"replies":[{"embeddable":true,"href":"https:\/\/pelartlabbenelux.com\/fr\/wp-json\/wp\/v2\/comments?post=8071"}],"version-history":[{"count":2,"href":"https:\/\/pelartlabbenelux.com\/fr\/wp-json\/wp\/v2\/product\/8071\/revisions"}],"predecessor-version":[{"id":8426,"href":"https:\/\/pelartlabbenelux.com\/fr\/wp-json\/wp\/v2\/product\/8071\/revisions\/8426"}],"wp:featuredmedia":[{"embeddable":true,"href":"https:\/\/pelartlabbenelux.com\/fr\/wp-json\/wp\/v2\/media\/8072"}],"wp:attachment":[{"href":"https:\/\/pelartlabbenelux.com\/fr\/wp-json\/wp\/v2\/media?parent=8071"}],"wp:term":[{"taxonomy":"product_brand","embeddable":true,"href":"https:\/\/pelartlabbenelux.com\/fr\/wp-json\/wp\/v2\/product_brand?post=8071"},{"taxonomy":"product_cat","embeddable":true,"href":"https:\/\/pelartlabbenelux.com\/fr\/wp-json\/wp\/v2\/product_cat?post=8071"},{"taxonomy":"product_tag","embeddable":true,"href":"https:\/\/pelartlabbenelux.com\/fr\/wp-json\/wp\/v2\/product_tag?post=8071"}],"curies":[{"name":"wp","href":"https:\/\/api.w.org\/{rel}","templated":true}]}}