{"id":8069,"date":"2026-01-28T16:08:23","date_gmt":"2026-01-28T16:08:23","guid":{"rendered":"https:\/\/pelartlabbenelux.com\/product\/vegetable-nourishing-protective-cream-vegetable-series-250-ml\/"},"modified":"2026-02-05T16:41:26","modified_gmt":"2026-02-05T16:41:26","slug":"vegetable-nourishing-protective-cream-vegetable-series-250-ml","status":"publish","type":"product","link":"https:\/\/pelartlabbenelux.com\/fr\/produit\/vegetable-nourishing-protective-cream-vegetable-series-250-ml\/","title":{"rendered":"Cr\u00e8me Nourrissante Protectrice V\u00e9g\u00e9tale, Vegetable Series, 250 ml"},"content":{"rendered":"<p>La Cr\u00e8me Nourrissante Protectrice V\u00e9g\u00e9tale est con\u00e7ue pour le soin complet des peaux expos\u00e9es aux agressions ext\u00e9rieures. Elle r\u00e9duit efficacement le stress oxydatif, neutralise les radicaux libres et aide \u00e0 ralentir le vieillissement pr\u00e9matur\u00e9 de la peau.<\/p>\n<p>Sa formule stimule la synth\u00e8se de l&rsquo;acide hyaluronique, restaure l&rsquo;\u00e9lasticit\u00e9 et maintient une hydratation optimale. Les acides gras satur\u00e9s et insatur\u00e9s, les vitamines A, B, C, E et P, ainsi qu&rsquo;un complexe de macro et micro-\u00e9l\u00e9ments et d&rsquo;antioxydants, assurent une protection fiable contre les dommages environnementaux. Sa texture cr\u00e9meuse l\u00e9g\u00e8re p\u00e9n\u00e8tre en profondeur, am\u00e9liore le teint, renforce la fermet\u00e9 et laisse la peau douce, lisse et naturellement \u00e9clatante.<\/p>\n<p><strong>Effets cl\u00e9s :<\/strong><br \/>\n\u2022 protection contre le stress oxydatif et les radicaux libres \u2022 nutrition et restauration de la peau \u2022 stimulation de la synth\u00e8se de l&rsquo;acide hyaluronique \u2022 augmentation de la fermet\u00e9 et de l&rsquo;\u00e9lasticit\u00e9 \u2022 am\u00e9lioration du teint et de la texture de la peau<\/p>\n<p><strong>Mode d\u2019utilisation :<\/strong><br \/>\nAppliquer sur la peau du visage nettoy\u00e9e. Recommand\u00e9 en combinaison avec les s\u00e9rums 10034 ou 10054.<\/p>\n<p><strong>Ingr\u00e9dients :<\/strong><br \/>\nSoy Isoflavones, Oils: Olive, Peach Kernel, Shea, D-Panthenol, Wheat Germ Oil, Squalane, Tocopheryl Acetate.<\/p>\n","protected":false},"excerpt":{"rendered":"<p>La Cr\u00e8me Nourrissante Protectrice V\u00e9g\u00e9tale est con\u00e7ue pour le soin complet des peaux expos\u00e9es aux agressions ext\u00e9rieures. Elle r\u00e9duit efficacement le stress oxydatif, neutralise les radicaux libres et aide \u00e0 ralentir le vieillissement pr\u00e9matur\u00e9 de la peau. Sa formule stimule la synth\u00e8se de l&rsquo;acide hyaluronique, restaure l&rsquo;\u00e9lasticit\u00e9 et maintient une hydratation optimale. Les acides gras [&hellip;]<\/p>\n","protected":false},"featured_media":8070,"comment_status":"open","ping_status":"closed","template":"","meta":[],"product_brand":[66],"product_cat":[128],"product_tag":[],"class_list":{"0":"post-8069","1":"product","2":"type-product","3":"status-publish","4":"has-post-thumbnail","6":"product_brand-vegetable-series","7":"product_cat-vegetable-line-pour-les-peaux-jeunes-a-base-dextraits-vegetaux","9":"first","10":"instock","11":"shipping-taxable","12":"purchasable","13":"product-type-simple"},"aioseo_notices":[],"_links":{"self":[{"href":"https:\/\/pelartlabbenelux.com\/fr\/wp-json\/wp\/v2\/product\/8069","targetHints":{"allow":["GET"]}}],"collection":[{"href":"https:\/\/pelartlabbenelux.com\/fr\/wp-json\/wp\/v2\/product"}],"about":[{"href":"https:\/\/pelartlabbenelux.com\/fr\/wp-json\/wp\/v2\/types\/product"}],"replies":[{"embeddable":true,"href":"https:\/\/pelartlabbenelux.com\/fr\/wp-json\/wp\/v2\/comments?post=8069"}],"version-history":[{"count":2,"href":"https:\/\/pelartlabbenelux.com\/fr\/wp-json\/wp\/v2\/product\/8069\/revisions"}],"predecessor-version":[{"id":8428,"href":"https:\/\/pelartlabbenelux.com\/fr\/wp-json\/wp\/v2\/product\/8069\/revisions\/8428"}],"wp:featuredmedia":[{"embeddable":true,"href":"https:\/\/pelartlabbenelux.com\/fr\/wp-json\/wp\/v2\/media\/8070"}],"wp:attachment":[{"href":"https:\/\/pelartlabbenelux.com\/fr\/wp-json\/wp\/v2\/media?parent=8069"}],"wp:term":[{"taxonomy":"product_brand","embeddable":true,"href":"https:\/\/pelartlabbenelux.com\/fr\/wp-json\/wp\/v2\/product_brand?post=8069"},{"taxonomy":"product_cat","embeddable":true,"href":"https:\/\/pelartlabbenelux.com\/fr\/wp-json\/wp\/v2\/product_cat?post=8069"},{"taxonomy":"product_tag","embeddable":true,"href":"https:\/\/pelartlabbenelux.com\/fr\/wp-json\/wp\/v2\/product_tag?post=8069"}],"curies":[{"name":"wp","href":"https:\/\/api.w.org\/{rel}","templated":true}]}}