{"id":8067,"date":"2026-01-28T16:08:23","date_gmt":"2026-01-28T16:08:23","guid":{"rendered":"https:\/\/pelartlabbenelux.com\/product\/vegetable-protective-nourishing-cream-vegetable-series-50-ml\/"},"modified":"2026-02-05T16:42:04","modified_gmt":"2026-02-05T16:42:04","slug":"vegetable-protective-nourishing-cream-vegetable-series-50-ml","status":"publish","type":"product","link":"https:\/\/pelartlabbenelux.com\/fr\/produit\/vegetable-protective-nourishing-cream-vegetable-series-50-ml\/","title":{"rendered":"Cr\u00e8me Nourrissante Protectrice V\u00e9g\u00e9tale, Vegetable Series, 50 ml"},"content":{"rendered":"<p>La cr\u00e8me nourrissante professionnelle aux extraits v\u00e9g\u00e9taux est con\u00e7ue pour prot\u00e9ger la peau des agressions environnementales. Sa formule r\u00e9duit le stress oxydatif, neutralise les radicaux libres et soutient les processus naturels de renouvellement de la peau.<\/p>\n<p>La cr\u00e8me stimule la synth\u00e8se de l&rsquo;acide hyaluronique, am\u00e9liore la fermet\u00e9 et l&rsquo;\u00e9lasticit\u00e9 cutan\u00e9e, et aide \u00e0 restaurer l&rsquo;\u00e9quilibre hydrolipidique. Un complexe d&rsquo;acides gras, de vitamines A, B, C, E et P, ainsi que des antioxydants, assure une nutrition et une protection intensives. Sa texture l\u00e9g\u00e8re p\u00e9n\u00e8tre rapidement, am\u00e9liore le teint et laisse la peau lisse, douce et visiblement rafra\u00eechie.<\/p>\n<p><strong>Effets cl\u00e9s :<\/strong><br \/>\n\u2022 protection contre le stress oxydatif<br \/>\n\u2022 nutrition et restauration de la peau<br \/>\n\u2022 augmentation de la fermet\u00e9 et de l&rsquo;\u00e9lasticit\u00e9<br \/>\n\u2022 am\u00e9lioration du teint et de la texture de la peau<\/p>\n<p><strong>Mode d\u2019utilisation :<\/strong><br \/>\nAppliquer sur la peau du visage nettoy\u00e9e. Recommand\u00e9 en combinaison avec les s\u00e9rums 10034 ou 10054.<\/p>\n<p><strong>Ingr\u00e9dients :<\/strong><br \/>\nSoy Isoflavones, Oils: Olive, Peach Kernel, Shea, D-Panthenol, Wheat Germ Oil, Squalane, Tocopheryl Acetate.<\/p>\n","protected":false},"excerpt":{"rendered":"<p>La cr\u00e8me nourrissante professionnelle aux extraits v\u00e9g\u00e9taux est con\u00e7ue pour prot\u00e9ger la peau des agressions environnementales. Sa formule r\u00e9duit le stress oxydatif, neutralise les radicaux libres et soutient les processus naturels de renouvellement de la peau. La cr\u00e8me stimule la synth\u00e8se de l&rsquo;acide hyaluronique, am\u00e9liore la fermet\u00e9 et l&rsquo;\u00e9lasticit\u00e9 cutan\u00e9e, et aide \u00e0 restaurer l&rsquo;\u00e9quilibre [&hellip;]<\/p>\n","protected":false},"featured_media":8068,"comment_status":"open","ping_status":"closed","template":"","meta":[],"product_brand":[66],"product_cat":[128],"product_tag":[],"class_list":{"0":"post-8067","1":"product","2":"type-product","3":"status-publish","4":"has-post-thumbnail","6":"product_brand-vegetable-series","7":"product_cat-vegetable-line-pour-les-peaux-jeunes-a-base-dextraits-vegetaux","9":"first","10":"instock","11":"shipping-taxable","12":"purchasable","13":"product-type-simple"},"aioseo_notices":[],"_links":{"self":[{"href":"https:\/\/pelartlabbenelux.com\/fr\/wp-json\/wp\/v2\/product\/8067","targetHints":{"allow":["GET"]}}],"collection":[{"href":"https:\/\/pelartlabbenelux.com\/fr\/wp-json\/wp\/v2\/product"}],"about":[{"href":"https:\/\/pelartlabbenelux.com\/fr\/wp-json\/wp\/v2\/types\/product"}],"replies":[{"embeddable":true,"href":"https:\/\/pelartlabbenelux.com\/fr\/wp-json\/wp\/v2\/comments?post=8067"}],"version-history":[{"count":2,"href":"https:\/\/pelartlabbenelux.com\/fr\/wp-json\/wp\/v2\/product\/8067\/revisions"}],"predecessor-version":[{"id":8430,"href":"https:\/\/pelartlabbenelux.com\/fr\/wp-json\/wp\/v2\/product\/8067\/revisions\/8430"}],"wp:featuredmedia":[{"embeddable":true,"href":"https:\/\/pelartlabbenelux.com\/fr\/wp-json\/wp\/v2\/media\/8068"}],"wp:attachment":[{"href":"https:\/\/pelartlabbenelux.com\/fr\/wp-json\/wp\/v2\/media?parent=8067"}],"wp:term":[{"taxonomy":"product_brand","embeddable":true,"href":"https:\/\/pelartlabbenelux.com\/fr\/wp-json\/wp\/v2\/product_brand?post=8067"},{"taxonomy":"product_cat","embeddable":true,"href":"https:\/\/pelartlabbenelux.com\/fr\/wp-json\/wp\/v2\/product_cat?post=8067"},{"taxonomy":"product_tag","embeddable":true,"href":"https:\/\/pelartlabbenelux.com\/fr\/wp-json\/wp\/v2\/product_tag?post=8067"}],"curies":[{"name":"wp","href":"https:\/\/api.w.org\/{rel}","templated":true}]}}