{"id":8065,"date":"2026-01-28T16:08:23","date_gmt":"2026-01-28T16:08:23","guid":{"rendered":"https:\/\/pelartlabbenelux.com\/product\/anti-pollution-sun-city-spf-50-spray-vegetable-series-100-ml\/"},"modified":"2026-02-05T16:42:41","modified_gmt":"2026-02-05T16:42:41","slug":"anti-pollution-sun-city-spf-50-spray-vegetable-series-100-ml","status":"publish","type":"product","link":"https:\/\/pelartlabbenelux.com\/fr\/produit\/anti-pollution-sun-city-spf-50-spray-vegetable-series-100-ml\/","title":{"rendered":"Spray Solaire Anti-Pollution Sun City SPF 50, Vegetable Series, 100 ml"},"content":{"rendered":"<p>Ce spray solaire l\u00e9ger avec un indice SPF 50 \u00e9lev\u00e9 offre une protection fiable contre les rayons UVA\/UVB et les effets n\u00e9fastes de l&rsquo;environnement urbain. Sa formule aux extraits de plantes exerce une action antioxydante, anti-inflammatoire et restauratrice.<\/p>\n<p>Le spray tonifie et hydrate la peau, aide \u00e0 r\u00e9duire le stress li\u00e9 \u00e0 l&rsquo;exposition solaire (photostress) et prot\u00e8ge contre la pollution et les radicaux libres. Son format pratique assure une application rapide et uniforme sans laisser de sensation collante.<\/p>\n<p><strong>Effets cl\u00e9s :<\/strong><br \/>\n\u2022 haute protection UVA\/UVB \u2022 d\u00e9fense antioxydante et anti-pollution \u2022 hydratation et tonification de la peau \u2022 r\u00e9duction de l&rsquo;inflammation et du photostress<\/p>\n<p><strong>Mode d\u2019utilisation :<\/strong><br \/>\nVaporiser sur le visage et le corps \u00e0 une distance d&rsquo;environ 15 cm, en \u00e9vitant le contour des yeux. R\u00e9partir d\u00e9licatement par de l\u00e9gers mouvements de massage.<\/p>\n<p><strong>Ingr\u00e9dients :<\/strong><br \/>\nAqua (Water), Ethylhexyl Methoxycinnamate, Glycerin, Methylene Bis-Benzotriazolyl Tetramethylbutylphenol, Decyl Glucoside, Propylene Glycol, Xanthan Gum, Butylene Glycol, Ferulic Acid, Aloe Barbadensis Leaf Extract, Diethylamino Hydroxybenzoyl Hexyl Benzoate, Centella Asiatica Leaf Extract, Hydroxyethylcellulose, Panthenol, Morinda Citrifolia Fruit Extract, Acrylates\/Metacrylate Copolymer Beheneth-25, Sophora Japonica Flower Extract, European Cedar Pine Tree Extract, Tocopheryl Acetate, Lime Essential Oil, Orange Fruit Extract, Vanilla Fruit Extract, Sorbitan Caprylate, Propanediol, Beta Glucan, Benzoic Acid.<\/p>\n","protected":false},"excerpt":{"rendered":"<p>Ce spray solaire l\u00e9ger avec un indice SPF 50 \u00e9lev\u00e9 offre une protection fiable contre les rayons UVA\/UVB et les effets n\u00e9fastes de l&rsquo;environnement urbain. Sa formule aux extraits de plantes exerce une action antioxydante, anti-inflammatoire et restauratrice. Le spray tonifie et hydrate la peau, aide \u00e0 r\u00e9duire le stress li\u00e9 \u00e0 l&rsquo;exposition solaire (photostress) [&hellip;]<\/p>\n","protected":false},"featured_media":8066,"comment_status":"open","ping_status":"closed","template":"","meta":[],"product_brand":[66],"product_cat":[128],"product_tag":[],"class_list":{"0":"post-8065","1":"product","2":"type-product","3":"status-publish","4":"has-post-thumbnail","6":"product_brand-vegetable-series","7":"product_cat-vegetable-line-pour-les-peaux-jeunes-a-base-dextraits-vegetaux","9":"first","10":"instock","11":"shipping-taxable","12":"purchasable","13":"product-type-simple"},"aioseo_notices":[],"_links":{"self":[{"href":"https:\/\/pelartlabbenelux.com\/fr\/wp-json\/wp\/v2\/product\/8065","targetHints":{"allow":["GET"]}}],"collection":[{"href":"https:\/\/pelartlabbenelux.com\/fr\/wp-json\/wp\/v2\/product"}],"about":[{"href":"https:\/\/pelartlabbenelux.com\/fr\/wp-json\/wp\/v2\/types\/product"}],"replies":[{"embeddable":true,"href":"https:\/\/pelartlabbenelux.com\/fr\/wp-json\/wp\/v2\/comments?post=8065"}],"version-history":[{"count":2,"href":"https:\/\/pelartlabbenelux.com\/fr\/wp-json\/wp\/v2\/product\/8065\/revisions"}],"predecessor-version":[{"id":8432,"href":"https:\/\/pelartlabbenelux.com\/fr\/wp-json\/wp\/v2\/product\/8065\/revisions\/8432"}],"wp:featuredmedia":[{"embeddable":true,"href":"https:\/\/pelartlabbenelux.com\/fr\/wp-json\/wp\/v2\/media\/8066"}],"wp:attachment":[{"href":"https:\/\/pelartlabbenelux.com\/fr\/wp-json\/wp\/v2\/media?parent=8065"}],"wp:term":[{"taxonomy":"product_brand","embeddable":true,"href":"https:\/\/pelartlabbenelux.com\/fr\/wp-json\/wp\/v2\/product_brand?post=8065"},{"taxonomy":"product_cat","embeddable":true,"href":"https:\/\/pelartlabbenelux.com\/fr\/wp-json\/wp\/v2\/product_cat?post=8065"},{"taxonomy":"product_tag","embeddable":true,"href":"https:\/\/pelartlabbenelux.com\/fr\/wp-json\/wp\/v2\/product_tag?post=8065"}],"curies":[{"name":"wp","href":"https:\/\/api.w.org\/{rel}","templated":true}]}}