{"id":8063,"date":"2026-01-28T16:08:02","date_gmt":"2026-01-28T16:08:02","guid":{"rendered":"https:\/\/pelartlabbenelux.com\/product\/cleansing-gel-vegetable-for-face-vegetable-series-400-ml\/"},"modified":"2026-02-05T16:36:09","modified_gmt":"2026-02-05T16:36:09","slug":"cleansing-gel-vegetable-for-face-vegetable-series-400-ml","status":"publish","type":"product","link":"https:\/\/pelartlabbenelux.com\/fr\/produit\/cleansing-gel-vegetable-for-face-vegetable-series-400-ml\/","title":{"rendered":"Gel Nettoyant V\u00e9g\u00e9tal pour le Visage, Vegetable Series, 400 ml"},"content":{"rendered":"<p>Le gel nettoyant v\u00e9g\u00e9tal pour le visage, formul\u00e9 \u00e0 base d&rsquo;extraits de plantes et d&rsquo;hydrolats, est con\u00e7u pour un nettoyage quotidien en douceur. Sa formule ne dess\u00e8che pas et n&rsquo;irrite pas la peau, ce qui la rend adapt\u00e9e \u00e0 tous les types de peau, y compris les peaux sensibles et sujettes aux irritations.<\/p>\n<p>Les hydrolats v\u00e9g\u00e9taux pr\u00e9servent les propri\u00e9t\u00e9s des huiles essentielles et assurent un nettoyage physiologique d\u00e9licat. Les ingr\u00e9dients hydratants naturels aident \u00e0 resserrer les pores, r\u00e9duire les d\u00e9mangeaisons, normaliser la production de s\u00e9bum et maintenir une hydratation cutan\u00e9e optimale. L&rsquo;extrait de persil tonifie, rafra\u00eechit, r\u00e9duit les poches et enrichit la peau en vitamines. Un complexe d&rsquo;extraits de plantes et d&rsquo;acides AHA favorise le renouvellement \u00e9pidermique, \u00e9quilibre le pH et soutient la r\u00e9tention d&rsquo;eau.<\/p>\n<p><strong>Effets cl\u00e9s :<\/strong><br \/>\n\u2022 nettoyage doux sans sensation de tiraillement \u2022 hydratation et maintien de l&rsquo;\u00e9quilibre hydrique \u2022 normalisation du pH \u2022 resserrement des pores et r\u00e9duction de l&rsquo;exc\u00e8s de s\u00e9bum \u2022 r\u00e9duction des irritations et des d\u00e9mangeaisons \u2022 tonification et rafra\u00eechissement de la peau<\/p>\n<p><strong>Mode d\u2019utilisation :<\/strong><br \/>\nAppliquer une petite quantit\u00e9 sur la peau du visage humide, r\u00e9partir uniform\u00e9ment, \u00e9mulsionner, puis rincer \u00e0 l&rsquo;eau. Recommand\u00e9 en combinaison avec les toniques 10072 ou 10073.<\/p>\n<p><strong>Ingr\u00e9dients :<\/strong><br \/>\nBetaine, Hydrosol of Carrot Flowers, Parsley Extract, D-Panthenol, Cucumber Hydrosol, Extracts: Onion, Celery, Pumpkin, Licorice, Lactic, Tartaric, and Citric Acids, Water-Soluble Carrot Seed Oil, Parsley Powder, Sodium Ascorbyl Phosphate, Tocopheryl Acetate.<\/p>\n","protected":false},"excerpt":{"rendered":"<p>Le gel nettoyant v\u00e9g\u00e9tal pour le visage, formul\u00e9 \u00e0 base d&rsquo;extraits de plantes et d&rsquo;hydrolats, est con\u00e7u pour un nettoyage quotidien en douceur. Sa formule ne dess\u00e8che pas et n&rsquo;irrite pas la peau, ce qui la rend adapt\u00e9e \u00e0 tous les types de peau, y compris les peaux sensibles et sujettes aux irritations. Les hydrolats [&hellip;]<\/p>\n","protected":false},"featured_media":8064,"comment_status":"open","ping_status":"closed","template":"","meta":[],"product_brand":[66],"product_cat":[128],"product_tag":[],"class_list":{"0":"post-8063","1":"product","2":"type-product","3":"status-publish","4":"has-post-thumbnail","6":"product_brand-vegetable-series","7":"product_cat-vegetable-line-pour-les-peaux-jeunes-a-base-dextraits-vegetaux","9":"first","10":"instock","11":"shipping-taxable","12":"purchasable","13":"product-type-simple"},"aioseo_notices":[],"_links":{"self":[{"href":"https:\/\/pelartlabbenelux.com\/fr\/wp-json\/wp\/v2\/product\/8063","targetHints":{"allow":["GET"]}}],"collection":[{"href":"https:\/\/pelartlabbenelux.com\/fr\/wp-json\/wp\/v2\/product"}],"about":[{"href":"https:\/\/pelartlabbenelux.com\/fr\/wp-json\/wp\/v2\/types\/product"}],"replies":[{"embeddable":true,"href":"https:\/\/pelartlabbenelux.com\/fr\/wp-json\/wp\/v2\/comments?post=8063"}],"version-history":[{"count":2,"href":"https:\/\/pelartlabbenelux.com\/fr\/wp-json\/wp\/v2\/product\/8063\/revisions"}],"predecessor-version":[{"id":8414,"href":"https:\/\/pelartlabbenelux.com\/fr\/wp-json\/wp\/v2\/product\/8063\/revisions\/8414"}],"wp:featuredmedia":[{"embeddable":true,"href":"https:\/\/pelartlabbenelux.com\/fr\/wp-json\/wp\/v2\/media\/8064"}],"wp:attachment":[{"href":"https:\/\/pelartlabbenelux.com\/fr\/wp-json\/wp\/v2\/media?parent=8063"}],"wp:term":[{"taxonomy":"product_brand","embeddable":true,"href":"https:\/\/pelartlabbenelux.com\/fr\/wp-json\/wp\/v2\/product_brand?post=8063"},{"taxonomy":"product_cat","embeddable":true,"href":"https:\/\/pelartlabbenelux.com\/fr\/wp-json\/wp\/v2\/product_cat?post=8063"},{"taxonomy":"product_tag","embeddable":true,"href":"https:\/\/pelartlabbenelux.com\/fr\/wp-json\/wp\/v2\/product_tag?post=8063"}],"curies":[{"name":"wp","href":"https:\/\/api.w.org\/{rel}","templated":true}]}}