{"id":8059,"date":"2026-01-28T16:08:02","date_gmt":"2026-01-28T16:08:02","guid":{"rendered":"https:\/\/pelartlabbenelux.com\/product\/balancing-vegetable-lotion-toner-for-face-vegetable-series-400-ml\/"},"modified":"2026-02-05T16:37:30","modified_gmt":"2026-02-05T16:37:30","slug":"balancing-vegetable-lotion-toner-for-face-vegetable-series-400-ml","status":"publish","type":"product","link":"https:\/\/pelartlabbenelux.com\/fr\/produit\/balancing-vegetable-lotion-toner-for-face-vegetable-series-400-ml\/","title":{"rendered":"Lotion Tonique V\u00e9g\u00e9tale \u00c9quilibrante pour le visage, Vegetable Series, 400 ml"},"content":{"rendered":"<p>La lotion tonique v\u00e9g\u00e9tale \u00e9quilibrante pour le visage, sans alcool, est con\u00e7ue pour compl\u00e9ter l\u2019\u00e9tape du nettoyage et restaurer le confort cutan\u00e9. Sa formule tonifie et rafra\u00eechit la peau en douceur, apaise les zones irrit\u00e9es et soutient la barri\u00e8re protectrice naturelle.<\/p>\n<p>Les extraits de plantes et les hydrolats favorisent la r\u00e9g\u00e9n\u00e9ration et la cicatrisation, tandis que les phytoncides d&rsquo;origine v\u00e9g\u00e9tale aident \u00e0 renforcer les parois des vaisseaux sanguins et \u00e0 am\u00e9liorer leur \u00e9lasticit\u00e9. La vitamine C prot\u00e8ge la peau des radicaux libres et pr\u00e9vient le stress oxydatif. Le tonique hydrate la peau, normalise le pH et la pr\u00e9pare aux soins suivants.<\/p>\n<p>Recommand\u00e9 pour les peaux jeunes et sujettes \u00e0 la sensibilit\u00e9.<\/p>\n<p><strong>Effets cl\u00e9s :<\/strong><br \/>\n\u2022 tonifie et rafra\u00eechit la peau<br \/>\n\u2022 hydrate et restaure l&rsquo;\u00e9quilibre du pH<br \/>\n\u2022 apaise les irritations<br \/>\n\u2022 renforce les parois des vaisseaux sanguins<br \/>\n\u2022 prot\u00e8ge contre les radicaux libres<\/p>\n<p><strong>Mode d\u2019utilisation :<\/strong><br \/>\nAppliquer le tonique sur un coton et essuyer le visage, le cou et le d\u00e9collet\u00e9. Recommand\u00e9 pour compl\u00e9ter le soin avec une cr\u00e8me nourrissante (10077, 10078).<\/p>\n<p><strong>Ingr\u00e9dients :<\/strong><br \/>\nHydrosol of Carrot Flowers, Cucumber Hydrosol, D-Panthenol, Lactic Acid, Citric Acid, Extracts: Licorice, Parsley, Onion, Pumpkin, Celery, Water-Soluble Carrot Seed Oil, Sodium Ascorbyl Phosphate, Carrot Powder, Tocopheryl Acetate.<\/p>\n","protected":false},"excerpt":{"rendered":"<p>La lotion tonique v\u00e9g\u00e9tale \u00e9quilibrante pour le visage, sans alcool, est con\u00e7ue pour compl\u00e9ter l\u2019\u00e9tape du nettoyage et restaurer le confort cutan\u00e9. Sa formule tonifie et rafra\u00eechit la peau en douceur, apaise les zones irrit\u00e9es et soutient la barri\u00e8re protectrice naturelle. Les extraits de plantes et les hydrolats favorisent la r\u00e9g\u00e9n\u00e9ration et la cicatrisation, tandis [&hellip;]<\/p>\n","protected":false},"featured_media":8060,"comment_status":"open","ping_status":"closed","template":"","meta":[],"product_brand":[66],"product_cat":[128],"product_tag":[],"class_list":{"0":"post-8059","1":"product","2":"type-product","3":"status-publish","4":"has-post-thumbnail","6":"product_brand-vegetable-series","7":"product_cat-vegetable-line-pour-les-peaux-jeunes-a-base-dextraits-vegetaux","9":"first","10":"instock","11":"shipping-taxable","12":"purchasable","13":"product-type-simple"},"aioseo_notices":[],"_links":{"self":[{"href":"https:\/\/pelartlabbenelux.com\/fr\/wp-json\/wp\/v2\/product\/8059","targetHints":{"allow":["GET"]}}],"collection":[{"href":"https:\/\/pelartlabbenelux.com\/fr\/wp-json\/wp\/v2\/product"}],"about":[{"href":"https:\/\/pelartlabbenelux.com\/fr\/wp-json\/wp\/v2\/types\/product"}],"replies":[{"embeddable":true,"href":"https:\/\/pelartlabbenelux.com\/fr\/wp-json\/wp\/v2\/comments?post=8059"}],"version-history":[{"count":2,"href":"https:\/\/pelartlabbenelux.com\/fr\/wp-json\/wp\/v2\/product\/8059\/revisions"}],"predecessor-version":[{"id":8418,"href":"https:\/\/pelartlabbenelux.com\/fr\/wp-json\/wp\/v2\/product\/8059\/revisions\/8418"}],"wp:featuredmedia":[{"embeddable":true,"href":"https:\/\/pelartlabbenelux.com\/fr\/wp-json\/wp\/v2\/media\/8060"}],"wp:attachment":[{"href":"https:\/\/pelartlabbenelux.com\/fr\/wp-json\/wp\/v2\/media?parent=8059"}],"wp:term":[{"taxonomy":"product_brand","embeddable":true,"href":"https:\/\/pelartlabbenelux.com\/fr\/wp-json\/wp\/v2\/product_brand?post=8059"},{"taxonomy":"product_cat","embeddable":true,"href":"https:\/\/pelartlabbenelux.com\/fr\/wp-json\/wp\/v2\/product_cat?post=8059"},{"taxonomy":"product_tag","embeddable":true,"href":"https:\/\/pelartlabbenelux.com\/fr\/wp-json\/wp\/v2\/product_tag?post=8059"}],"curies":[{"name":"wp","href":"https:\/\/api.w.org\/{rel}","templated":true}]}}