{"id":8056,"date":"2026-01-28T16:10:10","date_gmt":"2026-01-28T16:10:10","guid":{"rendered":"https:\/\/pelartlabbenelux.com\/product\/vita-c-vitamin-mesoserum-10-ml-professional-mesotherapy-line\/"},"modified":"2026-02-05T00:49:42","modified_gmt":"2026-02-05T00:49:42","slug":"vita-c-vitamin-mesoserum-10-ml-professional-mesotherapy-line","status":"publish","type":"product","link":"https:\/\/pelartlabbenelux.com\/fr\/produit\/vita-c-vitamin-mesoserum-10-ml-professional-mesotherapy-line\/","title":{"rendered":"VITA C m\u00e9sos\u00e9rum vitamin\u00e9, 10 ml, Professional Mesotherapy Line"},"content":{"rendered":"<p>VITA C m\u00e9sos\u00e9rum vitamin\u00e9 \u2014 m\u00e9sos\u00e9rum injectable professionnel con\u00e7u pour la pr\u00e9vention et la correction des premiers signes du vieillissement biologique et du photo-vieillissement. Il agit efficacement sur le teint terne, l\u2019hyperpigmentation, le teint irr\u00e9gulier et les marques post-acn\u00e9, redonnant fra\u00eecheur, \u00e9clat et aspect sain \u00e0 la peau.<\/p>\n<p>Sa formule repose sur une synergie de vitamine C, d\u2019acide hyaluronique, d\u2019acides amin\u00e9s, de vitamines du groupe B et d\u2019antioxydants. La vitamine C stimule la synth\u00e8se du collag\u00e8ne, \u00e9claircit les taches pigmentaires et unifie le teint, tandis que l\u2019acide hyaluronique assure une hydratation intense. Le complexe actif am\u00e9liore la microcirculation, renforce les parois vasculaires et prot\u00e8ge la peau du stress oxydatif.<\/p>\n<p><strong>Effets cl\u00e9s :<\/strong><\/p>\n<p>\u2022 \u00c9claircissement de la pigmentation et unification du teint<br \/>\n\u2022 Protection antioxydante et pr\u00e9vention du photo-vieillissement<br \/>\n\u2022 Am\u00e9lioration de la fermet\u00e9 et de l\u2019\u00e9lasticit\u00e9 de la peau<br \/>\n\u2022 Hydratation intense et restauration cutan\u00e9e<br \/>\n\u2022 Teint plus lumineux et peau \u00e9clatante<\/p>\n<p><strong>Mode d\u2019utilisation :<\/strong><\/p>\n<p>Usage professionnel en proc\u00e9dures de m\u00e9soth\u00e9rapie. Administrer par voie intradermique selon les techniques micro-papulaire, papulaire, push ou fractionn\u00e9e.<br \/>\nCure recommand\u00e9e : 5 \u00e0 7 s\u00e9ances avec des intervalles de 7 \u00e0 14 jours.<br \/>\nS\u00e9ances d\u2019entretien : une fois tous les 2 \u00e0 3 mois.<br \/>\nUtiliser strictement conform\u00e9ment au protocole et en tenant compte des contre-indications.<\/p>\n<p><strong>Ingr\u00e9dients :<\/strong><\/p>\n<p>Water, Hyaluronic Acid 15 mg\/ml, Escin, Ammonium Glycyrrhizate, Glucose, Valine, Dexpanthenol, Proline, Lysine, Serine, Thiamine, Riboflavin, Ascorbic Acid, Magnesium Chloride, Ubiquinone, Niacinamide, Potassium Chloride, Glutamic Acid, Arginine Hydrochloride, Alanine, Aspartic Acid, Leucine, Isoleucine, Tyrosine, Pyridoxine, Retinol, Zinc Chloride, Sodium Chloride, Gluconolactone, Caprylyl Glycol, Calcium Gluconate<\/p>\n","protected":false},"excerpt":{"rendered":"<p>VITA C m\u00e9sos\u00e9rum vitamin\u00e9 \u2014 m\u00e9sos\u00e9rum injectable professionnel con\u00e7u pour la pr\u00e9vention et la correction des premiers signes du vieillissement biologique et du photo-vieillissement. Il agit efficacement sur le teint terne, l\u2019hyperpigmentation, le teint irr\u00e9gulier et les marques post-acn\u00e9, redonnant fra\u00eecheur, \u00e9clat et aspect sain \u00e0 la peau. Sa formule repose sur une synergie de [&hellip;]<\/p>\n","protected":false},"featured_media":8037,"comment_status":"open","ping_status":"closed","template":"","meta":[],"product_brand":[84],"product_cat":[127],"product_tag":[120],"class_list":{"0":"post-8056","1":"product","2":"type-product","3":"status-publish","4":"has-post-thumbnail","6":"product_brand-mesoserums","7":"product_cat-ligne-mesotherapeutique","8":"product_tag-enregistrez-vous-en-tant-que-cosmetologue-pour-acheter-cet-article","10":"first","11":"instock","12":"shipping-taxable","13":"product-type-simple"},"aioseo_notices":[],"_links":{"self":[{"href":"https:\/\/pelartlabbenelux.com\/fr\/wp-json\/wp\/v2\/product\/8056","targetHints":{"allow":["GET"]}}],"collection":[{"href":"https:\/\/pelartlabbenelux.com\/fr\/wp-json\/wp\/v2\/product"}],"about":[{"href":"https:\/\/pelartlabbenelux.com\/fr\/wp-json\/wp\/v2\/types\/product"}],"replies":[{"embeddable":true,"href":"https:\/\/pelartlabbenelux.com\/fr\/wp-json\/wp\/v2\/comments?post=8056"}],"version-history":[{"count":2,"href":"https:\/\/pelartlabbenelux.com\/fr\/wp-json\/wp\/v2\/product\/8056\/revisions"}],"predecessor-version":[{"id":8267,"href":"https:\/\/pelartlabbenelux.com\/fr\/wp-json\/wp\/v2\/product\/8056\/revisions\/8267"}],"wp:featuredmedia":[{"embeddable":true,"href":"https:\/\/pelartlabbenelux.com\/fr\/wp-json\/wp\/v2\/media\/8037"}],"wp:attachment":[{"href":"https:\/\/pelartlabbenelux.com\/fr\/wp-json\/wp\/v2\/media?parent=8056"}],"wp:term":[{"taxonomy":"product_brand","embeddable":true,"href":"https:\/\/pelartlabbenelux.com\/fr\/wp-json\/wp\/v2\/product_brand?post=8056"},{"taxonomy":"product_cat","embeddable":true,"href":"https:\/\/pelartlabbenelux.com\/fr\/wp-json\/wp\/v2\/product_cat?post=8056"},{"taxonomy":"product_tag","embeddable":true,"href":"https:\/\/pelartlabbenelux.com\/fr\/wp-json\/wp\/v2\/product_tag?post=8056"}],"curies":[{"name":"wp","href":"https:\/\/api.w.org\/{rel}","templated":true}]}}