{"id":8054,"date":"2026-01-28T16:10:10","date_gmt":"2026-01-28T16:10:10","guid":{"rendered":"https:\/\/pelartlabbenelux.com\/product\/pep-lift-peptide-mesoserum-10-ml-professional-mesotherapy-line\/"},"modified":"2026-02-05T00:51:49","modified_gmt":"2026-02-05T00:51:49","slug":"pep-lift-peptide-mesoserum-10-ml-professional-mesotherapy-line","status":"publish","type":"product","link":"https:\/\/pelartlabbenelux.com\/fr\/produit\/pep-lift-peptide-mesoserum-10-ml-professional-mesotherapy-line\/","title":{"rendered":"PEP LIFT m\u00e9sos\u00e9rum peptidique, 10 ml, Professional Mesotherapy Line"},"content":{"rendered":"<p>PEP LIFT m\u00e9sos\u00e9rum peptidique \u2014 s\u00e9rum de m\u00e9soth\u00e9rapie professionnel hautement actif, con\u00e7u pour la correction et la pr\u00e9vention des signes marqu\u00e9s du vieillissement biologique de la peau, notamment la perte de fermet\u00e9, le vieillissement de type d\u00e9formation et le \u00ab vieillissement fatigu\u00e9 \u00bb. Il est particuli\u00e8rement efficace pour les changements cutan\u00e9s li\u00e9s \u00e0 l\u2019\u00e2ge du visage et du corps, associ\u00e9s \u00e0 une diminution de l\u2019activit\u00e9 hormonale.<\/p>\n<p>Sa formule multifonctionnelle associe de l\u2019acide hyaluronique \u00e0 haute concentration (20 mg\/ml), un complexe de peptides signal (Palmitoyl Tripeptide-1, Palmitoyl Tetrapeptide-7, Acetyl Hexapeptide-8, sh-Oligopeptide), des vitamines, des acides amin\u00e9s et des oligo-\u00e9l\u00e9ments. Le s\u00e9rum stimule activement la synth\u00e8se du collag\u00e8ne et de l\u2019\u00e9lastine, am\u00e9liore la densit\u00e9 et le tonus cutan\u00e9s, favorise l\u2019effet lifting et renforce la r\u00e9sistance de la peau aux changements li\u00e9s \u00e0 l\u2019\u00e2ge. La peau devient plus ferme, plus lisse et visiblement rajeunie.<\/p>\n<p><strong>Effets cl\u00e9s :<\/strong><\/p>\n<p>\u2022 Am\u00e9lioration marqu\u00e9e de la fermet\u00e9 et de la densit\u00e9 de la peau<br \/>\n\u2022 Effet lifting et am\u00e9lioration des contours du visage et du corps<br \/>\n\u2022 Stimulation de la synth\u00e8se du collag\u00e8ne et de l\u2019\u00e9lastine<br \/>\n\u2022 Correction du vieillissement de type d\u00e9formation et du \u00ab vieillissement fatigu\u00e9 \u00bb<br \/>\n\u2022 Am\u00e9lioration globale de la qualit\u00e9 et de la texture de la peau<\/p>\n<p><strong>Mode d\u2019utilisation :<\/strong><\/p>\n<p>Usage professionnel uniquement. Administrer par voie intradermique selon les techniques micro-papulaire, papulaire, push, papules moyennes ou fractionn\u00e9e.<br \/>\nCure recommand\u00e9e : 4 \u00e0 7 s\u00e9ances avec des intervalles de 7 \u00e0 14 jours.<br \/>\nS\u00e9ances d\u2019entretien : une fois tous les 2 \u00e0 3 mois, 2 \u00e0 3 cures par an.<br \/>\nConsommation du produit : 2 ml \u2014 visage ; 5 ml \u2014 visage, cou et d\u00e9collet\u00e9.<br \/>\nUtiliser strictement conform\u00e9ment au protocole et en tenant compte de toutes les contre-indications.<\/p>\n<p><strong>Ingr\u00e9dients :<\/strong><\/p>\n<p>Water, Hyaluronic Acid 20 mg\/ml, Ascorbic Acid, Palmitoyl Tripeptide-1, Palmitoyl Tetrapeptide-7, Thiamine, Acetylhexapeptide-8, Potassium Phosphate, Arginine, Calcium Chloride, Magnesium Sulfate, Lysine, Proline, Sodium Chloride, Peptidin, Inositol, Asparagine, sh-Oligopeptide 11-9-6-1, Glutamic Acid, Leucine, Aspartic Acid, Threonine, Valine, Serine, Cysteine Hydrochloride, Alanine, Tyrosine, Glycine, Pantothenic Acid, Niacinamide, Phenylalanine, Tryptophan, Zinc Sulfate, Thiamine Hydrochloride, Cyanocobalamin, Sodium Metasilicate, Riboflavin, Pyridoxine Hydrochloride, Biotin, Linolenic Acid, Tannic Acid, Copper Sulfate, Magnesium Sulfate, Tocopherol<\/p>\n","protected":false},"excerpt":{"rendered":"<p>PEP LIFT m\u00e9sos\u00e9rum peptidique \u2014 s\u00e9rum de m\u00e9soth\u00e9rapie professionnel hautement actif, con\u00e7u pour la correction et la pr\u00e9vention des signes marqu\u00e9s du vieillissement biologique de la peau, notamment la perte de fermet\u00e9, le vieillissement de type d\u00e9formation et le \u00ab vieillissement fatigu\u00e9 \u00bb. Il est particuli\u00e8rement efficace pour les changements cutan\u00e9s li\u00e9s \u00e0 l\u2019\u00e2ge du [&hellip;]<\/p>\n","protected":false},"featured_media":8033,"comment_status":"open","ping_status":"closed","template":"","meta":[],"product_brand":[84],"product_cat":[127],"product_tag":[120],"class_list":{"0":"post-8054","1":"product","2":"type-product","3":"status-publish","4":"has-post-thumbnail","6":"product_brand-mesoserums","7":"product_cat-ligne-mesotherapeutique","8":"product_tag-enregistrez-vous-en-tant-que-cosmetologue-pour-acheter-cet-article","10":"first","11":"instock","12":"shipping-taxable","13":"product-type-simple"},"aioseo_notices":[],"_links":{"self":[{"href":"https:\/\/pelartlabbenelux.com\/fr\/wp-json\/wp\/v2\/product\/8054","targetHints":{"allow":["GET"]}}],"collection":[{"href":"https:\/\/pelartlabbenelux.com\/fr\/wp-json\/wp\/v2\/product"}],"about":[{"href":"https:\/\/pelartlabbenelux.com\/fr\/wp-json\/wp\/v2\/types\/product"}],"replies":[{"embeddable":true,"href":"https:\/\/pelartlabbenelux.com\/fr\/wp-json\/wp\/v2\/comments?post=8054"}],"version-history":[{"count":2,"href":"https:\/\/pelartlabbenelux.com\/fr\/wp-json\/wp\/v2\/product\/8054\/revisions"}],"predecessor-version":[{"id":8271,"href":"https:\/\/pelartlabbenelux.com\/fr\/wp-json\/wp\/v2\/product\/8054\/revisions\/8271"}],"wp:featuredmedia":[{"embeddable":true,"href":"https:\/\/pelartlabbenelux.com\/fr\/wp-json\/wp\/v2\/media\/8033"}],"wp:attachment":[{"href":"https:\/\/pelartlabbenelux.com\/fr\/wp-json\/wp\/v2\/media?parent=8054"}],"wp:term":[{"taxonomy":"product_brand","embeddable":true,"href":"https:\/\/pelartlabbenelux.com\/fr\/wp-json\/wp\/v2\/product_brand?post=8054"},{"taxonomy":"product_cat","embeddable":true,"href":"https:\/\/pelartlabbenelux.com\/fr\/wp-json\/wp\/v2\/product_cat?post=8054"},{"taxonomy":"product_tag","embeddable":true,"href":"https:\/\/pelartlabbenelux.com\/fr\/wp-json\/wp\/v2\/product_tag?post=8054"}],"curies":[{"name":"wp","href":"https:\/\/api.w.org\/{rel}","templated":true}]}}