{"id":8051,"date":"2026-01-28T16:10:10","date_gmt":"2026-01-28T16:10:10","guid":{"rendered":"https:\/\/pelartlabbenelux.com\/product\/hair-control-mesoserum-10-ml-professional-mesotherapy-line\/"},"modified":"2026-02-05T00:55:00","modified_gmt":"2026-02-05T00:55:00","slug":"hair-control-mesoserum-10-ml-professional-mesotherapy-line","status":"publish","type":"product","link":"https:\/\/pelartlabbenelux.com\/fr\/produit\/hair-control-mesoserum-10-ml-professional-mesotherapy-line\/","title":{"rendered":"HAIR CONTROL m\u00e9sos\u00e9rum, 10 ml, Professional Mesotherapy Line"},"content":{"rendered":"<p>HAIR CONTROL m\u00e9sos\u00e9rum \u2014 cocktail de m\u00e9soth\u00e9rapie high-tech con\u00e7u pour traiter un large \u00e9ventail de probl\u00e9matiques trichologiques. Gr\u00e2ce au PDRN (35 mg\/ml) et \u00e0 l\u2019acide hyaluronique (15 mg\/ml), le s\u00e9rum r\u00e9g\u00e9n\u00e8re intens\u00e9ment les tissus du cuir chevelu, am\u00e9liore la trophicit\u00e9 des follicules pileux et restaure le cycle physiologique de croissance des cheveux. Il est efficace aussi bien en monoth\u00e9rapie qu\u2019en association dans des protocoles complets pour diff\u00e9rents types d\u2019alop\u00e9cie.<\/p>\n<p>La formule active est enrichie d\u2019un peptide contenant du cuivre (Tripeptide Cu-1), de biotine et d\u2019un complexe de facteurs de croissance qui stimulent les follicules dormants et renforcent la structure de la fibre capillaire. Un complexe riche en acides amin\u00e9s et en vitamines (acide folique, riboflavine) normalise l\u2019\u00e9tat du cuir chevelu en cas de dermatite s\u00e9borrh\u00e9ique, aide \u00e0 corriger la chute de cheveux li\u00e9e au stress et ralentit l\u2019alop\u00e9cie involutive.<\/p>\n<p><strong>Effets cl\u00e9s :<\/strong><\/p>\n<p>\u2022 Stimulation de la croissance active des cheveux et augmentation de la densit\u00e9<br \/>\n\u2022 Renforcement des follicules pileux et pr\u00e9vention de la chute des cheveux<br \/>\n\u2022 Normalisation de l\u2019activit\u00e9 des glandes s\u00e9bac\u00e9es et am\u00e9lioration de la sant\u00e9 du cuir chevelu<br \/>\n\u2022 Am\u00e9lioration de la microcirculation et de la nutrition des racines capillaires<br \/>\n\u2022 Restauration de la structure du cheveu et de sa brillance naturelle<\/p>\n<p><strong>Mode d\u2019utilisation :<\/strong><\/p>\n<p>Usage professionnel uniquement. Administrer par injection selon la technique micro-papulaire, la m\u00e9thode nappage ou la m\u00e9soth\u00e9rapie fractionn\u00e9e.<br \/>\nCure recommand\u00e9e : 3 \u00e0 5 s\u00e9ances avec des intervalles de 14 jours, jusqu\u2019\u00e0 obtention du r\u00e9sultat souhait\u00e9.<br \/>\nS\u00e9ances d\u2019entretien : une fois tous les 2 \u00e0 3 mois.<br \/>\nConsommation du produit : 2 \u00e0 5 ml par s\u00e9ance, selon la zone trait\u00e9e.<\/p>\n<p>Aiguille : 30\u201332G ; injections intradermiques avec formation de papules, en respectant un espacement d\u2019environ 1 cm entre les points d\u2019injection.<br \/>\nLa zone trait\u00e9e doit \u00eatre d\u00e9sinfect\u00e9e avant et apr\u00e8s la proc\u00e9dure.<\/p>\n<p>Utiliser strictement conform\u00e9ment aux contre-indications et uniquement par des professionnels de sant\u00e9 qualifi\u00e9s.<\/p>\n<p><strong>Ingr\u00e9dients :<\/strong><\/p>\n<p>Water, Polydesoxyribonucleotide 35 mg\/ml, Tripeptide Cu-1, Biotin, sh-Oligopeptide-1, Oligopeptide-68, sh-Oligopeptide-10, Hyaluronic Acid 15 mg\/ml, Valine, Proline, Lysine, Glutamic Acid, Arginine Hydrochloride, Alanine, Aspartic Acid, Leucine, Isoleucine, Tyrosine, Folic Acid, Riboflavin<\/p>\n","protected":false},"excerpt":{"rendered":"<p>HAIR CONTROL m\u00e9sos\u00e9rum \u2014 cocktail de m\u00e9soth\u00e9rapie high-tech con\u00e7u pour traiter un large \u00e9ventail de probl\u00e9matiques trichologiques. Gr\u00e2ce au PDRN (35 mg\/ml) et \u00e0 l\u2019acide hyaluronique (15 mg\/ml), le s\u00e9rum r\u00e9g\u00e9n\u00e8re intens\u00e9ment les tissus du cuir chevelu, am\u00e9liore la trophicit\u00e9 des follicules pileux et restaure le cycle physiologique de croissance des cheveux. Il est efficace [&hellip;]<\/p>\n","protected":false},"featured_media":8027,"comment_status":"open","ping_status":"closed","template":"","meta":[],"product_brand":[84],"product_cat":[127],"product_tag":[120],"class_list":{"0":"post-8051","1":"product","2":"type-product","3":"status-publish","4":"has-post-thumbnail","6":"product_brand-mesoserums","7":"product_cat-ligne-mesotherapeutique","8":"product_tag-enregistrez-vous-en-tant-que-cosmetologue-pour-acheter-cet-article","10":"first","11":"instock","12":"shipping-taxable","13":"product-type-simple"},"aioseo_notices":[],"_links":{"self":[{"href":"https:\/\/pelartlabbenelux.com\/fr\/wp-json\/wp\/v2\/product\/8051","targetHints":{"allow":["GET"]}}],"collection":[{"href":"https:\/\/pelartlabbenelux.com\/fr\/wp-json\/wp\/v2\/product"}],"about":[{"href":"https:\/\/pelartlabbenelux.com\/fr\/wp-json\/wp\/v2\/types\/product"}],"replies":[{"embeddable":true,"href":"https:\/\/pelartlabbenelux.com\/fr\/wp-json\/wp\/v2\/comments?post=8051"}],"version-history":[{"count":2,"href":"https:\/\/pelartlabbenelux.com\/fr\/wp-json\/wp\/v2\/product\/8051\/revisions"}],"predecessor-version":[{"id":8277,"href":"https:\/\/pelartlabbenelux.com\/fr\/wp-json\/wp\/v2\/product\/8051\/revisions\/8277"}],"wp:featuredmedia":[{"embeddable":true,"href":"https:\/\/pelartlabbenelux.com\/fr\/wp-json\/wp\/v2\/media\/8027"}],"wp:attachment":[{"href":"https:\/\/pelartlabbenelux.com\/fr\/wp-json\/wp\/v2\/media?parent=8051"}],"wp:term":[{"taxonomy":"product_brand","embeddable":true,"href":"https:\/\/pelartlabbenelux.com\/fr\/wp-json\/wp\/v2\/product_brand?post=8051"},{"taxonomy":"product_cat","embeddable":true,"href":"https:\/\/pelartlabbenelux.com\/fr\/wp-json\/wp\/v2\/product_cat?post=8051"},{"taxonomy":"product_tag","embeddable":true,"href":"https:\/\/pelartlabbenelux.com\/fr\/wp-json\/wp\/v2\/product_tag?post=8051"}],"curies":[{"name":"wp","href":"https:\/\/api.w.org\/{rel}","templated":true}]}}