{"id":8034,"date":"2026-01-28T16:09:48","date_gmt":"2026-01-28T16:09:48","guid":{"rendered":"https:\/\/pelartlabbenelux.com\/product\/booster-shine-glowing-mesoserum-5-ml-professional-mesotherapy-line\/"},"modified":"2026-02-05T00:35:12","modified_gmt":"2026-02-05T00:35:12","slug":"booster-shine-glowing-mesoserum-5-ml-professional-mesotherapy-line","status":"publish","type":"product","link":"https:\/\/pelartlabbenelux.com\/fr\/produit\/booster-shine-glowing-mesoserum-5-ml-professional-mesotherapy-line\/","title":{"rendered":"BOOSTER SHINE m\u00e9sos\u00e9rum \u00e9clat, 5 ml, Professional Mesotherapy Line"},"content":{"rendered":"<p>BOOSTER SHINE m\u00e9sos\u00e9rum \u00e9clat \u2014 s\u00e9rum de m\u00e9soth\u00e9rapie professionnel con\u00e7u pour la pr\u00e9vention et la correction des premiers signes du vieillissement biologique et du photo-vieillissement. Il agit efficacement sur le teint terne, les marques post-acn\u00e9 et le teint irr\u00e9gulier, redonnant fra\u00eecheur, douceur et \u00e9clat naturel \u00e0 la peau.<\/p>\n<p>Sa formule repose sur de l\u2019acide hyaluronique hautement purifi\u00e9 (15 mg\/ml), de la niacinamide, du dexpanth\u00e9nol, des acides amin\u00e9s et des agents hydratants. Le complexe actif hydrate intens\u00e9ment la peau, am\u00e9liore sa texture, soutient les processus r\u00e9g\u00e9n\u00e9ratifs et renforce la barri\u00e8re cutan\u00e9e. La peau devient ainsi plus ferme, plus uniforme et visiblement lumineuse.<\/p>\n<p><strong>Effets cl\u00e9s :<\/strong><\/p>\n<p>\u2022 Hydratation intense et am\u00e9lioration de la fermet\u00e9 cutan\u00e9e<br \/>\n\u2022 Unification du teint et am\u00e9lioration de l\u2019\u00e9clat<br \/>\n\u2022 Pr\u00e9vention du photo-vieillissement et des premiers signes de l\u2019\u00e2ge<br \/>\n\u2022 Am\u00e9lioration de la texture de la peau et att\u00e9nuation des marques post-acn\u00e9<br \/>\n\u2022 Apparence saine et lumineuse de la peau<\/p>\n<p><strong>Mode d\u2019utilisation :<\/strong><\/p>\n<p>Usage professionnel uniquement. Administrer par voie intradermique selon les techniques micro-papulaire, papulaire, push, papules moyennes ou fractionn\u00e9e.<br \/>\nCure recommand\u00e9e : 3 \u00e0 4 s\u00e9ances avec des intervalles de 7 \u00e0 14 jours.<br \/>\nS\u00e9ances d\u2019entretien : une fois tous les 2 \u00e0 3 mois, 1 \u00e0 2 cures par an.<br \/>\nConsommation du produit : 2 ml \u2014 visage ; 5 ml \u2014 visage, cou et d\u00e9collet\u00e9.<br \/>\nUtiliser strictement conform\u00e9ment au protocole et en tenant compte des contre-indications.<\/p>\n<p><strong>Ingr\u00e9dients :<\/strong><\/p>\n<p>Water, Hyaluronic Acid 15 mg\/ml, Leucine, Dexpanthenol, Niacinamide, Sodium Chloride, Tr\u00e9halose, Algin, Arginine Hydrochloride, Proline, Serine, Valine, Glycine<\/p>\n","protected":false},"excerpt":{"rendered":"<p>BOOSTER SHINE m\u00e9sos\u00e9rum \u00e9clat \u2014 s\u00e9rum de m\u00e9soth\u00e9rapie professionnel con\u00e7u pour la pr\u00e9vention et la correction des premiers signes du vieillissement biologique et du photo-vieillissement. Il agit efficacement sur le teint terne, les marques post-acn\u00e9 et le teint irr\u00e9gulier, redonnant fra\u00eecheur, douceur et \u00e9clat naturel \u00e0 la peau. Sa formule repose sur de l\u2019acide hyaluronique [&hellip;]<\/p>\n","protected":false},"featured_media":8035,"comment_status":"open","ping_status":"closed","template":"","meta":[],"product_brand":[84],"product_cat":[127],"product_tag":[120],"class_list":{"0":"post-8034","1":"product","2":"type-product","3":"status-publish","4":"has-post-thumbnail","6":"product_brand-mesoserums","7":"product_cat-ligne-mesotherapeutique","8":"product_tag-enregistrez-vous-en-tant-que-cosmetologue-pour-acheter-cet-article","10":"first","11":"instock","12":"shipping-taxable","13":"product-type-simple"},"aioseo_notices":[],"_links":{"self":[{"href":"https:\/\/pelartlabbenelux.com\/fr\/wp-json\/wp\/v2\/product\/8034","targetHints":{"allow":["GET"]}}],"collection":[{"href":"https:\/\/pelartlabbenelux.com\/fr\/wp-json\/wp\/v2\/product"}],"about":[{"href":"https:\/\/pelartlabbenelux.com\/fr\/wp-json\/wp\/v2\/types\/product"}],"replies":[{"embeddable":true,"href":"https:\/\/pelartlabbenelux.com\/fr\/wp-json\/wp\/v2\/comments?post=8034"}],"version-history":[{"count":2,"href":"https:\/\/pelartlabbenelux.com\/fr\/wp-json\/wp\/v2\/product\/8034\/revisions"}],"predecessor-version":[{"id":8242,"href":"https:\/\/pelartlabbenelux.com\/fr\/wp-json\/wp\/v2\/product\/8034\/revisions\/8242"}],"wp:featuredmedia":[{"embeddable":true,"href":"https:\/\/pelartlabbenelux.com\/fr\/wp-json\/wp\/v2\/media\/8035"}],"wp:attachment":[{"href":"https:\/\/pelartlabbenelux.com\/fr\/wp-json\/wp\/v2\/media?parent=8034"}],"wp:term":[{"taxonomy":"product_brand","embeddable":true,"href":"https:\/\/pelartlabbenelux.com\/fr\/wp-json\/wp\/v2\/product_brand?post=8034"},{"taxonomy":"product_cat","embeddable":true,"href":"https:\/\/pelartlabbenelux.com\/fr\/wp-json\/wp\/v2\/product_cat?post=8034"},{"taxonomy":"product_tag","embeddable":true,"href":"https:\/\/pelartlabbenelux.com\/fr\/wp-json\/wp\/v2\/product_tag?post=8034"}],"curies":[{"name":"wp","href":"https:\/\/api.w.org\/{rel}","templated":true}]}}