{"id":8030,"date":"2026-01-28T16:09:48","date_gmt":"2026-01-28T16:09:48","guid":{"rendered":"https:\/\/pelartlabbenelux.com\/product\/lipo-met-mesoserum-5-ml-professional-mesotherapy-line\/"},"modified":"2026-02-05T00:36:48","modified_gmt":"2026-02-05T00:36:48","slug":"lipo-met-mesoserum-5-ml-professional-mesotherapy-line","status":"publish","type":"product","link":"https:\/\/pelartlabbenelux.com\/fr\/produit\/lipo-met-mesoserum-5-ml-professional-mesotherapy-line\/","title":{"rendered":"LIPO MET m\u00e9sos\u00e9rum, 5 ml, Professional Mesotherapy Line"},"content":{"rendered":"<p>LIPO MET m\u00e9sos\u00e9rum \u2014 s\u00e9rum de m\u00e9soth\u00e9rapie lipolytique professionnel, destin\u00e9 \u00e0 la pr\u00e9paration de la peau avant les proc\u00e9dures de m\u00e9soth\u00e9rapie, au traitement global de la cellulite et \u00e0 la correction des amas graisseux localis\u00e9s. Il est efficace aussi bien pour le visage que pour le corps, y compris les zones probl\u00e9matiques sujettes au vieillissement de type d\u00e9formation et \u00e0 la diminution du tonus tissulaire.<\/p>\n<p>Sa formule contient une forte concentration de caf\u00e9ine (50 mg\/ml), d\u2019extrait de feuille d\u2019artichaut (50 mg\/ml), de carnitine, de mannitol, de sulfate de chondro\u00eftine et de PDRN (polyd\u00e9soxyribonucl\u00e9otide 5 mg\/ml). Ce complexe actif stimule la lipolyse, am\u00e9liore la microcirculation et le drainage lymphatique, r\u00e9duit les d\u00e9p\u00f4ts graisseux et l\u2019aspect de la cellulite, et augmente la densit\u00e9 ainsi que la qualit\u00e9 de la peau. Le s\u00e9rum est \u00e9galement efficace pour la correction des sillons nasog\u00e9niens, des poches p\u00e9rioculaires et de la zone sous-mentonni\u00e8re.<\/p>\n<p><strong>Effets cl\u00e9s :<\/strong><\/p>\n<p>\u2022 Stimulation de la lipolyse et r\u00e9duction des d\u00e9p\u00f4ts graisseux localis\u00e9s<br \/>\n\u2022 Correction de la cellulite et am\u00e9lioration de la texture cutan\u00e9e<br \/>\n\u2022 Am\u00e9lioration de la microcirculation et du drainage lymphatique<br \/>\n\u2022 Augmentation de la densit\u00e9 et du tonus de la peau<br \/>\n\u2022 Pr\u00e9paration des tissus aux proc\u00e9dures de m\u00e9soth\u00e9rapie ult\u00e9rieures<\/p>\n<p><strong>Mode d\u2019utilisation :<\/strong><\/p>\n<p>Usage professionnel uniquement. Administrer par injection selon la technique d\u2019infiltration, la technique stimulante ou la technique des papules moyennes (dans les zones r\u00e9flexog\u00e8nes).<br \/>\nCure recommand\u00e9e : 4 \u00e0 6 s\u00e9ances avec des intervalles de 5 \u00e0 7 jours.<br \/>\nConsommation du produit : 2 \u00e0 5 ml \u2014 visage ; jusqu\u2019\u00e0 10 ml \u2014 corps.<br \/>\nProfondeur d\u2019injection : visage \u2014 2 \u00e0 6 mm ; corps \u2014 4 \u00e0 13 mm.<br \/>\nUtiliser strictement conform\u00e9ment au protocole professionnel et en tenant compte de toutes les contre-indications.<\/p>\n<p><strong>Ingr\u00e9dients :<\/strong><\/p>\n<p>Water, Caffeine 50 mg\/ml, Mannitol, Artichoke Leaf Extract 50 mg\/ml, Carnitine, Chondroitin Sulfate, Hyaluronic Acid 10 mg\/ml, Sodium Chloride, Galactyl Glucoside, Biotin, Polydesoxyribonucleotide 5 mg\/ml<\/p>\n","protected":false},"excerpt":{"rendered":"<p>LIPO MET m\u00e9sos\u00e9rum \u2014 s\u00e9rum de m\u00e9soth\u00e9rapie lipolytique professionnel, destin\u00e9 \u00e0 la pr\u00e9paration de la peau avant les proc\u00e9dures de m\u00e9soth\u00e9rapie, au traitement global de la cellulite et \u00e0 la correction des amas graisseux localis\u00e9s. Il est efficace aussi bien pour le visage que pour le corps, y compris les zones probl\u00e9matiques sujettes au vieillissement [&hellip;]<\/p>\n","protected":false},"featured_media":8031,"comment_status":"open","ping_status":"closed","template":"","meta":[],"product_brand":[84],"product_cat":[127],"product_tag":[120],"class_list":{"0":"post-8030","1":"product","2":"type-product","3":"status-publish","4":"has-post-thumbnail","6":"product_brand-mesoserums","7":"product_cat-ligne-mesotherapeutique","8":"product_tag-enregistrez-vous-en-tant-que-cosmetologue-pour-acheter-cet-article","10":"first","11":"instock","12":"shipping-taxable","13":"product-type-simple"},"aioseo_notices":[],"_links":{"self":[{"href":"https:\/\/pelartlabbenelux.com\/fr\/wp-json\/wp\/v2\/product\/8030","targetHints":{"allow":["GET"]}}],"collection":[{"href":"https:\/\/pelartlabbenelux.com\/fr\/wp-json\/wp\/v2\/product"}],"about":[{"href":"https:\/\/pelartlabbenelux.com\/fr\/wp-json\/wp\/v2\/types\/product"}],"replies":[{"embeddable":true,"href":"https:\/\/pelartlabbenelux.com\/fr\/wp-json\/wp\/v2\/comments?post=8030"}],"version-history":[{"count":2,"href":"https:\/\/pelartlabbenelux.com\/fr\/wp-json\/wp\/v2\/product\/8030\/revisions"}],"predecessor-version":[{"id":8246,"href":"https:\/\/pelartlabbenelux.com\/fr\/wp-json\/wp\/v2\/product\/8030\/revisions\/8246"}],"wp:featuredmedia":[{"embeddable":true,"href":"https:\/\/pelartlabbenelux.com\/fr\/wp-json\/wp\/v2\/media\/8031"}],"wp:attachment":[{"href":"https:\/\/pelartlabbenelux.com\/fr\/wp-json\/wp\/v2\/media?parent=8030"}],"wp:term":[{"taxonomy":"product_brand","embeddable":true,"href":"https:\/\/pelartlabbenelux.com\/fr\/wp-json\/wp\/v2\/product_brand?post=8030"},{"taxonomy":"product_cat","embeddable":true,"href":"https:\/\/pelartlabbenelux.com\/fr\/wp-json\/wp\/v2\/product_cat?post=8030"},{"taxonomy":"product_tag","embeddable":true,"href":"https:\/\/pelartlabbenelux.com\/fr\/wp-json\/wp\/v2\/product_tag?post=8030"}],"curies":[{"name":"wp","href":"https:\/\/api.w.org\/{rel}","templated":true}]}}