{"id":8028,"date":"2026-01-28T16:09:48","date_gmt":"2026-01-28T16:09:48","guid":{"rendered":"https:\/\/pelartlabbenelux.com\/product\/lipo-drn-mesoserum-5-ml-professional-mesotherapy-line\/"},"modified":"2026-02-05T00:37:40","modified_gmt":"2026-02-05T00:37:40","slug":"lipo-drn-mesoserum-5-ml-professional-mesotherapy-line","status":"publish","type":"product","link":"https:\/\/pelartlabbenelux.com\/fr\/produit\/lipo-drn-mesoserum-5-ml-professional-mesotherapy-line\/","title":{"rendered":"LIPO DRN m\u00e9sos\u00e9rum, 5 ml, Professional Mesotherapy Line"},"content":{"rendered":"<article class=\"text-token-text-primary w-full focus:outline-none [--shadow-height:45px] has-data-writing-block:pointer-events-none has-data-writing-block:-mt-(--shadow-height) has-data-writing-block:pt-(--shadow-height) [&amp;:has([data-writing-block])&gt;*]:pointer-events-auto scroll-mt-(--header-height)\" dir=\"auto\" tabindex=\"-1\" data-turn-id=\"523d5f14-aafe-4ed8-9d46-1793b62d6aad\" data-testid=\"conversation-turn-387\" data-scroll-anchor=\"false\" data-turn=\"user\">\n<div class=\"text-base my-auto mx-auto pt-12 [--thread-content-margin:--spacing(4)] @w-sm\/main:[--thread-content-margin:--spacing(6)] @w-lg\/main:[--thread-content-margin:--spacing(16)] px-(--thread-content-margin)\">\n<div class=\"[--thread-content-max-width:40rem] @w-lg\/main:[--thread-content-max-width:48rem] mx-auto max-w-(--thread-content-max-width) flex-1 group\/turn-messages focus-visible:outline-hidden relative flex w-full min-w-0 flex-col\" tabindex=\"-1\">\n<div class=\"flex max-w-full flex-col grow\">\n<div class=\"min-h-8 text-message relative flex w-full flex-col items-end gap-2 text-start break-words whitespace-normal [.text-message+&amp;]:mt-1\" dir=\"auto\" data-message-author-role=\"user\" data-message-id=\"523d5f14-aafe-4ed8-9d46-1793b62d6aad\">\n<div class=\"flex w-full flex-col gap-1 empty:hidden items-end rtl:items-start\">\n<div class=\"user-message-bubble-color corner-superellipse\/1.1 relative rounded-[18px] px-4 py-1.5 data-[multiline]:py-3 max-w-[var(--user-chat-width,70%)]\" data-multiline=\"\">\n<p>LIPO DRN m\u00e9sos\u00e9rum \u2014 s\u00e9rum de m\u00e9soth\u00e9rapie drainant professionnel, con\u00e7u pour la pr\u00e9paration de la peau aux proc\u00e9dures de m\u00e9soth\u00e9rapie, la correction globale de la cellulite et le traitement du vieillissement de type d\u00e9formation. Il est efficace pour une utilisation sur le visage et le corps, y compris sur les zones pr\u00e9sentant des troubles de la microcirculation, une tendance aux \u0153d\u00e8mes et des modifications vasculaires.<\/p>\n<p>Sa formule contient de la trox\u00e9rutine (20 mg\/ml), de l\u2019extrait de ginkgo biloba (20 mg\/ml), de l\u2019escine, de l\u2019extrait de fucus v\u00e9siculeux (bladderwrack) ainsi qu\u2019un complexe peptidique (Dipeptide-2, Palmitoyl Tetrapeptide-3). Ce complexe actif am\u00e9liore le drainage veineux et lymphatique, renforce les parois des vaisseaux sanguins et r\u00e9duit les ph\u00e9nom\u00e8nes de stase. Le s\u00e9rum contribue \u00e0 diminuer les \u0153d\u00e8mes, \u00e0 am\u00e9liorer le tonus tissulaire, \u00e0 r\u00e9duire les manifestations de la couperose et \u00e0 optimiser la qualit\u00e9 globale de la peau.<\/p>\n<p><strong>Effets cl\u00e9s :<\/strong><\/p>\n<p>\u2022 Am\u00e9lioration du drainage lymphatique et de la microcirculation<br \/>\n\u2022 R\u00e9duction des \u0153d\u00e8mes et des ph\u00e9nom\u00e8nes de stagnation<br \/>\n\u2022 Correction de la cellulite et du vieillissement de type d\u00e9formation<br \/>\n\u2022 Renforcement des parois vasculaires et diminution de la couperose<br \/>\n\u2022 Pr\u00e9paration de la peau aux proc\u00e9dures de m\u00e9soth\u00e9rapie<\/p>\n<p><strong>Mode d\u2019utilisation :<\/strong><\/p>\n<p>Usage professionnel uniquement. Administrer par injection selon les techniques micro-papulaire, papules moyennes ou nappage.<br \/>\nCure recommand\u00e9e : 4 \u00e0 6 s\u00e9ances avec des intervalles de 5 \u00e0 7 jours.<br \/>\nConsommation du produit : 2 \u00e0 5 ml \u2014 visage, cou, d\u00e9collet\u00e9 ; jusqu\u2019\u00e0 10 ml \u2014 corps.<br \/>\nProfondeur d\u2019injection : visage \u2014 1 \u00e0 2 mm ; corps \u2014 2 \u00e0 3 mm.<br \/>\nUtiliser strictement conform\u00e9ment au protocole professionnel et en respectant toutes les contre-indications.<\/p>\n<p>Ingr\u00e9dients :<\/p>\n<p>Water, Troxerutin 20 mg\/ml, Escin, Ginkgo Biloba Extract 20 mg\/ml, Glycerin, Sodium Chloride, Dinitriya Phosphate, Fucus Vesiculosus Extract, Dipeptide-2, Palmitoyl Tetrapeptide-3, Phosphoric Acid<\/p>\n<\/div>\n<\/div>\n<\/div>\n<\/div>\n<\/div>\n<\/div>\n<\/article>\n","protected":false},"excerpt":{"rendered":"<p>LIPO DRN m\u00e9sos\u00e9rum \u2014 s\u00e9rum de m\u00e9soth\u00e9rapie drainant professionnel, con\u00e7u pour la pr\u00e9paration de la peau aux proc\u00e9dures de m\u00e9soth\u00e9rapie, la correction globale de la cellulite et le traitement du vieillissement de type d\u00e9formation. Il est efficace pour une utilisation sur le visage et le corps, y compris sur les zones pr\u00e9sentant des troubles de [&hellip;]<\/p>\n","protected":false},"featured_media":8029,"comment_status":"open","ping_status":"closed","template":"","meta":[],"product_brand":[84],"product_cat":[127],"product_tag":[120],"class_list":{"0":"post-8028","1":"product","2":"type-product","3":"status-publish","4":"has-post-thumbnail","6":"product_brand-mesoserums","7":"product_cat-ligne-mesotherapeutique","8":"product_tag-enregistrez-vous-en-tant-que-cosmetologue-pour-acheter-cet-article","10":"first","11":"instock","12":"shipping-taxable","13":"product-type-simple"},"aioseo_notices":[],"_links":{"self":[{"href":"https:\/\/pelartlabbenelux.com\/fr\/wp-json\/wp\/v2\/product\/8028","targetHints":{"allow":["GET"]}}],"collection":[{"href":"https:\/\/pelartlabbenelux.com\/fr\/wp-json\/wp\/v2\/product"}],"about":[{"href":"https:\/\/pelartlabbenelux.com\/fr\/wp-json\/wp\/v2\/types\/product"}],"replies":[{"embeddable":true,"href":"https:\/\/pelartlabbenelux.com\/fr\/wp-json\/wp\/v2\/comments?post=8028"}],"version-history":[{"count":2,"href":"https:\/\/pelartlabbenelux.com\/fr\/wp-json\/wp\/v2\/product\/8028\/revisions"}],"predecessor-version":[{"id":8248,"href":"https:\/\/pelartlabbenelux.com\/fr\/wp-json\/wp\/v2\/product\/8028\/revisions\/8248"}],"wp:featuredmedia":[{"embeddable":true,"href":"https:\/\/pelartlabbenelux.com\/fr\/wp-json\/wp\/v2\/media\/8029"}],"wp:attachment":[{"href":"https:\/\/pelartlabbenelux.com\/fr\/wp-json\/wp\/v2\/media?parent=8028"}],"wp:term":[{"taxonomy":"product_brand","embeddable":true,"href":"https:\/\/pelartlabbenelux.com\/fr\/wp-json\/wp\/v2\/product_brand?post=8028"},{"taxonomy":"product_cat","embeddable":true,"href":"https:\/\/pelartlabbenelux.com\/fr\/wp-json\/wp\/v2\/product_cat?post=8028"},{"taxonomy":"product_tag","embeddable":true,"href":"https:\/\/pelartlabbenelux.com\/fr\/wp-json\/wp\/v2\/product_tag?post=8028"}],"curies":[{"name":"wp","href":"https:\/\/api.w.org\/{rel}","templated":true}]}}