{"id":8024,"date":"2026-01-28T16:09:48","date_gmt":"2026-01-28T16:09:48","guid":{"rendered":"https:\/\/pelartlabbenelux.com\/product\/lipo-krn-mesoserum-5-ml-professional-mesotherapy-line\/"},"modified":"2026-02-05T00:39:18","modified_gmt":"2026-02-05T00:39:18","slug":"lipo-krn-mesoserum-5-ml-professional-mesotherapy-line","status":"publish","type":"product","link":"https:\/\/pelartlabbenelux.com\/fr\/produit\/lipo-krn-mesoserum-5-ml-professional-mesotherapy-line\/","title":{"rendered":"LIPO KRN m\u00e9sos\u00e9rum, 5 ml, Professional Mesotherapy Line"},"content":{"rendered":"<p>LIPO KRN m\u00e9sos\u00e9rum \u2014 s\u00e9rum de m\u00e9soth\u00e9rapie lipolytique professionnel destin\u00e9 \u00e0 la correction des d\u00e9p\u00f4ts graisseux localis\u00e9s et des amas graisseux prononc\u00e9s du visage et du corps. Il est efficace pour r\u00e9duire les poches des paupi\u00e8res sup\u00e9rieures et inf\u00e9rieures, le double menton, les d\u00e9p\u00f4ts graisseux de la zone des sillons nasog\u00e9niens, les bajoues, ainsi que la cellulite et les accumulations graisseuses localis\u00e9es sur le corps.<\/p>\n<p>Sa formule hautement concentr\u00e9e \u00e0 base de carnitine (100 mg\/ml) et de th\u00e9ophylline active la lipolyse, favorise la d\u00e9gradation des adipocytes et am\u00e9liore la microcirculation dans la zone trait\u00e9e. Le s\u00e9rum r\u00e9duit le volume des amas graisseux, am\u00e9liore les contours du visage et du corps et augmente la densit\u00e9 des tissus. Il peut \u00eatre utilis\u00e9 seul ou en association avec LIPO CFF afin de renforcer l\u2019effet lipolytique.<\/p>\n<p><strong>Effets cl\u00e9s :<\/strong><\/p>\n<p>\u2022 Correction des d\u00e9p\u00f4ts graisseux localis\u00e9s<br \/>\n\u2022 R\u00e9duction des amas graisseux et des \u00ab poches \u00bb sous les yeux<br \/>\n\u2022 Diminution du double menton et des bajoues<br \/>\n\u2022 Am\u00e9lioration des contours du visage et du corps<br \/>\n\u2022 Correction des manifestations de la cellulite<\/p>\n<p><strong>Mode d\u2019utilisation :<\/strong><\/p>\n<p>Usage professionnel uniquement. Administrer par infiltration intradermique.<br \/>\nCure recommand\u00e9e : 4 \u00e0 6 s\u00e9ances avec des intervalles de 7 \u00e0 14 jours.<br \/>\nS\u00e9ances d\u2019entretien : une fois tous les 2 \u00e0 3 mois, 1 \u00e0 2 cures par an.<\/p>\n<p>Consommation du produit : 2 ml \u2014 visage ; jusqu\u2019\u00e0 10 ml \u2014 corps.<br \/>\nProfondeur d\u2019injection : visage \u2014 2 \u00e0 6 mm ; corps \u2014 4 \u00e0 13 mm.<br \/>\nPeut \u00eatre m\u00e9lang\u00e9 dans une m\u00eame seringue avec LIPO CFF dans un rapport 1:1.<\/p>\n<p>Utiliser strictement conform\u00e9ment au protocole professionnel et en respectant les contre-indications.<\/p>\n<p><strong>Ingr\u00e9dients<\/strong> :<\/p>\n<p>Water, Carnitine (100 mg\/ml), Sodium Chloride, Th\u00e9ophylline<\/p>\n","protected":false},"excerpt":{"rendered":"<p>LIPO KRN m\u00e9sos\u00e9rum \u2014 s\u00e9rum de m\u00e9soth\u00e9rapie lipolytique professionnel destin\u00e9 \u00e0 la correction des d\u00e9p\u00f4ts graisseux localis\u00e9s et des amas graisseux prononc\u00e9s du visage et du corps. Il est efficace pour r\u00e9duire les poches des paupi\u00e8res sup\u00e9rieures et inf\u00e9rieures, le double menton, les d\u00e9p\u00f4ts graisseux de la zone des sillons nasog\u00e9niens, les bajoues, ainsi que [&hellip;]<\/p>\n","protected":false},"featured_media":8025,"comment_status":"open","ping_status":"closed","template":"","meta":[],"product_brand":[84],"product_cat":[127],"product_tag":[120],"class_list":{"0":"post-8024","1":"product","2":"type-product","3":"status-publish","4":"has-post-thumbnail","6":"product_brand-mesoserums","7":"product_cat-ligne-mesotherapeutique","8":"product_tag-enregistrez-vous-en-tant-que-cosmetologue-pour-acheter-cet-article","10":"first","11":"instock","12":"shipping-taxable","13":"product-type-simple"},"aioseo_notices":[],"_links":{"self":[{"href":"https:\/\/pelartlabbenelux.com\/fr\/wp-json\/wp\/v2\/product\/8024","targetHints":{"allow":["GET"]}}],"collection":[{"href":"https:\/\/pelartlabbenelux.com\/fr\/wp-json\/wp\/v2\/product"}],"about":[{"href":"https:\/\/pelartlabbenelux.com\/fr\/wp-json\/wp\/v2\/types\/product"}],"replies":[{"embeddable":true,"href":"https:\/\/pelartlabbenelux.com\/fr\/wp-json\/wp\/v2\/comments?post=8024"}],"version-history":[{"count":2,"href":"https:\/\/pelartlabbenelux.com\/fr\/wp-json\/wp\/v2\/product\/8024\/revisions"}],"predecessor-version":[{"id":8252,"href":"https:\/\/pelartlabbenelux.com\/fr\/wp-json\/wp\/v2\/product\/8024\/revisions\/8252"}],"wp:featuredmedia":[{"embeddable":true,"href":"https:\/\/pelartlabbenelux.com\/fr\/wp-json\/wp\/v2\/media\/8025"}],"wp:attachment":[{"href":"https:\/\/pelartlabbenelux.com\/fr\/wp-json\/wp\/v2\/media?parent=8024"}],"wp:term":[{"taxonomy":"product_brand","embeddable":true,"href":"https:\/\/pelartlabbenelux.com\/fr\/wp-json\/wp\/v2\/product_brand?post=8024"},{"taxonomy":"product_cat","embeddable":true,"href":"https:\/\/pelartlabbenelux.com\/fr\/wp-json\/wp\/v2\/product_cat?post=8024"},{"taxonomy":"product_tag","embeddable":true,"href":"https:\/\/pelartlabbenelux.com\/fr\/wp-json\/wp\/v2\/product_tag?post=8024"}],"curies":[{"name":"wp","href":"https:\/\/api.w.org\/{rel}","templated":true}]}}