{"id":8014,"date":"2026-01-28T16:09:27","date_gmt":"2026-01-28T16:09:27","guid":{"rendered":"https:\/\/pelartlabbenelux.com\/product\/rejuvenating-tonic-with-vitamin-c-and-retinol-lana-blur-line-250-ml\/"},"modified":"2026-02-05T00:24:25","modified_gmt":"2026-02-05T00:24:25","slug":"rejuvenating-tonic-with-vitamin-c-and-retinol-lana-blur-line-250-ml","status":"publish","type":"product","link":"https:\/\/pelartlabbenelux.com\/fr\/produit\/rejuvenating-tonic-with-vitamin-c-and-retinol-lana-blur-line-250-ml\/","title":{"rendered":"Tonique rajeunissant Vit C + r\u00e9tinol, Lana BluR Line, 250 ml"},"content":{"rendered":"<p>Rejuve Toner Vit C + r\u00e9tinol \u2014 tonique visage rajeunissant biphas\u00e9, con\u00e7u pour redonner fra\u00eecheur, fermet\u00e9 et uniformit\u00e9 au teint. Sa formule associe le r\u00e9tinol et la vitamine C, qui initient les processus de renouvellement, contribuent \u00e0 lisser les rides et \u00e0 am\u00e9liorer l\u2019\u00e9tat g\u00e9n\u00e9ral de la peau.<\/p>\n<p>Le tonique compl\u00e8te efficacement l\u2019\u00e9tape de nettoyage en \u00e9liminant les r\u00e9sidus de maquillage et les impuret\u00e9s, tout en pr\u00e9parant la peau aux soins suivants. Le r\u00e9tinol stimule le renouvellement cellulaire et affine le grain de peau, tandis que la vitamine C offre une puissante protection antioxydante, aide \u00e0 pr\u00e9venir la pigmentation et apporte de l\u2019\u00e9clat.<\/p>\n<p>Les extraits de myrtille, d\u2019a\u00e7a\u00ef et d\u2019algues bleues renforcent les fonctions protectrices de la peau et aident \u00e0 lutter contre le stress oxydatif et les dommages caus\u00e9s par les radicaux libres. Le panth\u00e9nol, la tr\u00e9halose et l\u2019allanto\u00efne hydratent, apaisent la peau et procurent une sensation de confort sans effet collant ni tiraillement.<\/p>\n<p>Sa structure biphas\u00e9e assure une haute biodisponibilit\u00e9 des actifs et fait de ce tonique une \u00e9tape essentielle du soin anti-\u00e2ge.<\/p>\n<p><strong>Effets cl\u00e9s :<\/strong><\/p>\n<p>\u2022 Rajeunissement et stimulation du renouvellement cutan\u00e9<br \/>\n\u2022 R\u00e9duction visible des rides<br \/>\n\u2022 Teint uniforme, frais et lumineux<br \/>\n\u2022 Protection antioxydante et pr\u00e9vention de la pigmentation<br \/>\n\u2022 Hydratation et pr\u00e9paration de la peau aux soins ult\u00e9rieurs<\/p>\n<p><strong>Mode d\u2019utilisation :<\/strong><\/p>\n<p>Bien agiter le flacon avant utilisation (formule biphas\u00e9e). Utiliser matin et soir. Appliquer le tonique sur un coton et nettoyer le visage et le cou afin de finaliser le nettoyage et pr\u00e9parer la peau \u00e0 l\u2019application d\u2019un s\u00e9rum ou d\u2019une cr\u00e8me.<\/p>\n<p><strong>Ingr\u00e9dients :<\/strong><\/p>\n<p>Aqua (Water), Huile d\u2019avocat, Extrait de mandarine, Extrait de myrtille, D-panth\u00e9nol, Glyc\u00e9rine, Butylene Glycol, R\u00e9tinol, Pentylene Glycol, Acrylates\/C10-30 Alkyl Acrylate Crosspolymer, Huile de soja (Glycine Soja), Tocoph\u00e9rol, Acacia Senegal, Propylene Glycol, Alginate, Tr\u00e9halose, Huile d\u2019a\u00e7a\u00ef, Hydrolyzed Hydrogenated Starch, Extrait d\u2019algues bleu-vert, Allanto\u00efne, Composition parfum\u00e9e, Sorbitan Caprylate, Propanediol, Acide benzo\u00efque<\/p>\n","protected":false},"excerpt":{"rendered":"<p>Rejuve Toner Vit C + r\u00e9tinol \u2014 tonique visage rajeunissant biphas\u00e9, con\u00e7u pour redonner fra\u00eecheur, fermet\u00e9 et uniformit\u00e9 au teint. Sa formule associe le r\u00e9tinol et la vitamine C, qui initient les processus de renouvellement, contribuent \u00e0 lisser les rides et \u00e0 am\u00e9liorer l\u2019\u00e9tat g\u00e9n\u00e9ral de la peau. Le tonique compl\u00e8te efficacement l\u2019\u00e9tape de nettoyage [&hellip;]<\/p>\n","protected":false},"featured_media":8015,"comment_status":"open","ping_status":"closed","template":"","meta":[],"product_brand":[78],"product_cat":[126],"product_tag":[],"class_list":{"0":"post-8014","1":"product","2":"type-product","3":"status-publish","4":"has-post-thumbnail","6":"product_brand-lana-blur-line","7":"product_cat-lana-blur-line-au-retinol-et-a-la-vitamine-c","9":"first","10":"instock","11":"shipping-taxable","12":"purchasable","13":"product-type-simple"},"aioseo_notices":[],"_links":{"self":[{"href":"https:\/\/pelartlabbenelux.com\/fr\/wp-json\/wp\/v2\/product\/8014","targetHints":{"allow":["GET"]}}],"collection":[{"href":"https:\/\/pelartlabbenelux.com\/fr\/wp-json\/wp\/v2\/product"}],"about":[{"href":"https:\/\/pelartlabbenelux.com\/fr\/wp-json\/wp\/v2\/types\/product"}],"replies":[{"embeddable":true,"href":"https:\/\/pelartlabbenelux.com\/fr\/wp-json\/wp\/v2\/comments?post=8014"}],"version-history":[{"count":2,"href":"https:\/\/pelartlabbenelux.com\/fr\/wp-json\/wp\/v2\/product\/8014\/revisions"}],"predecessor-version":[{"id":8224,"href":"https:\/\/pelartlabbenelux.com\/fr\/wp-json\/wp\/v2\/product\/8014\/revisions\/8224"}],"wp:featuredmedia":[{"embeddable":true,"href":"https:\/\/pelartlabbenelux.com\/fr\/wp-json\/wp\/v2\/media\/8015"}],"wp:attachment":[{"href":"https:\/\/pelartlabbenelux.com\/fr\/wp-json\/wp\/v2\/media?parent=8014"}],"wp:term":[{"taxonomy":"product_brand","embeddable":true,"href":"https:\/\/pelartlabbenelux.com\/fr\/wp-json\/wp\/v2\/product_brand?post=8014"},{"taxonomy":"product_cat","embeddable":true,"href":"https:\/\/pelartlabbenelux.com\/fr\/wp-json\/wp\/v2\/product_cat?post=8014"},{"taxonomy":"product_tag","embeddable":true,"href":"https:\/\/pelartlabbenelux.com\/fr\/wp-json\/wp\/v2\/product_tag?post=8014"}],"curies":[{"name":"wp","href":"https:\/\/api.w.org\/{rel}","templated":true}]}}