{"id":8012,"date":"2026-01-28T16:09:27","date_gmt":"2026-01-28T16:09:27","guid":{"rendered":"https:\/\/pelartlabbenelux.com\/product\/anti-stress-serum-with-vitamin-c-and-q10-lana-blur-line-30-ml\/"},"modified":"2026-02-05T00:25:35","modified_gmt":"2026-02-05T00:25:35","slug":"anti-stress-serum-with-vitamin-c-and-q10-lana-blur-line-30-ml","status":"publish","type":"product","link":"https:\/\/pelartlabbenelux.com\/fr\/produit\/anti-stress-serum-with-vitamin-c-and-q10-lana-blur-line-30-ml\/","title":{"rendered":"S\u00e9rum anti-stress Vit C + Q10, Lana BluR Line, 30 ml"},"content":{"rendered":"<p>Anti-stress serum Vit C + Q10 \u2014 s\u00e9rum visage antioxydant l\u00e9ger, con\u00e7u pour prot\u00e9ger la peau du stress, des agressions environnementales et du vieillissement pr\u00e9matur\u00e9. Gr\u00e2ce \u00e0 sa texture ultra-l\u00e9g\u00e8re, il est rapidement absorb\u00e9 et agit imm\u00e9diatement apr\u00e8s l\u2019application, sans laisser de sensation collante ni de lourdeur.<\/p>\n<p>Sa formule contient une forte concentration de vitamine C sous plusieurs formes hautement biodisponibles, qui neutralisent efficacement les radicaux libres, am\u00e9liorent le teint et soutiennent l\u2019\u00e9clat naturel de la peau. Le coenzyme Q10 (ubiquinone) stimule le m\u00e9tabolisme \u00e9nerg\u00e9tique cellulaire, ralentit les processus de vieillissement et renforce la r\u00e9sistance de la peau face aux agressions ext\u00e9rieures.<\/p>\n<p>Les extraits d\u2019a\u00e7a\u00ef, d\u2019agrumes et de m\u00e9lisse offrent une action anti-stress et apaisante marqu\u00e9e, soutiennent la barri\u00e8re \u00e9pidermique et favorisent une r\u00e9cup\u00e9ration cutan\u00e9e plus rapide. L\u2019acide hyaluronique, la glyc\u00e9rine, l\u2019allanto\u00efne et l\u2019ur\u00e9e assurent une hydratation optimale, procurent confort et maintiennent l\u2019\u00e9quilibre hydrique de la peau.<\/p>\n<p>Ce s\u00e9rum est id\u00e9al pour un usage quotidien, en particulier pour les peaux ternes, fatigu\u00e9es et expos\u00e9es au stress et \u00e0 l\u2019environnement urbain.<\/p>\n<p><strong>Effets cl\u00e9s :<\/strong><\/p>\n<p>\u2022 Protection antioxydante et neutralisation des radicaux libres<br \/>\n\u2022 Protection contre le stress et les agressions environnementales<br \/>\n\u2022 Am\u00e9lioration du teint et de l\u2019\u00e9clat de la peau<br \/>\n\u2022 Soutien du m\u00e9tabolisme \u00e9nerg\u00e9tique cellulaire et ralentissement du photo-vieillissement<br \/>\n\u2022 Hydratation et renforcement de la barri\u00e8re cutan\u00e9e<\/p>\n<p><strong>Mode d\u2019utilisation :<\/strong><\/p>\n<p>Appliquer sur le visage et le cou nettoy\u00e9s 1 \u00e0 2 fois par jour par de l\u00e9gers mouvements de massage. Recommand\u00e9 en association avec une cr\u00e8me.<\/p>\n<p><strong>Ingr\u00e9dients :<\/strong><\/p>\n<p>Aqua (Water), Extrait de baie d\u2019a\u00e7a\u00ef, Sodium ascorbyl phosphate, Ascorbyl palmitate, Extrait de fruit d\u2019orange, Ascorbyl glucoside, Extrait de citron, Bis-glycerin ascorbate, Extrait de fleur de tilleul, Acide ascorbique, Glyc\u00e9rine, Astaxanthine, Sodium hyaluronate, Dipotassium glycyrrhizate, Extrait de feuille de m\u00e9lisse, Ur\u00e9e, Allanto\u00efne, L\u00e9cithine, Ubiquinone, Caprylic\/Capric Triglyceride, Acrylates\/C10-30 Alkyl Acrylate Crosspolymer, Tocopheryl acetate, Lysolecithin, Sorbitan caprylate polyacrylate crosspolymer, Acide benzo\u00efque, Parfum<\/p>\n","protected":false},"excerpt":{"rendered":"<p>Anti-stress serum Vit C + Q10 \u2014 s\u00e9rum visage antioxydant l\u00e9ger, con\u00e7u pour prot\u00e9ger la peau du stress, des agressions environnementales et du vieillissement pr\u00e9matur\u00e9. Gr\u00e2ce \u00e0 sa texture ultra-l\u00e9g\u00e8re, il est rapidement absorb\u00e9 et agit imm\u00e9diatement apr\u00e8s l\u2019application, sans laisser de sensation collante ni de lourdeur. Sa formule contient une forte concentration de vitamine [&hellip;]<\/p>\n","protected":false},"featured_media":8013,"comment_status":"open","ping_status":"closed","template":"","meta":[],"product_brand":[78],"product_cat":[126],"product_tag":[],"class_list":{"0":"post-8012","1":"product","2":"type-product","3":"status-publish","4":"has-post-thumbnail","6":"product_brand-lana-blur-line","7":"product_cat-lana-blur-line-au-retinol-et-a-la-vitamine-c","9":"first","10":"instock","11":"shipping-taxable","12":"purchasable","13":"product-type-simple"},"aioseo_notices":[],"_links":{"self":[{"href":"https:\/\/pelartlabbenelux.com\/fr\/wp-json\/wp\/v2\/product\/8012","targetHints":{"allow":["GET"]}}],"collection":[{"href":"https:\/\/pelartlabbenelux.com\/fr\/wp-json\/wp\/v2\/product"}],"about":[{"href":"https:\/\/pelartlabbenelux.com\/fr\/wp-json\/wp\/v2\/types\/product"}],"replies":[{"embeddable":true,"href":"https:\/\/pelartlabbenelux.com\/fr\/wp-json\/wp\/v2\/comments?post=8012"}],"version-history":[{"count":2,"href":"https:\/\/pelartlabbenelux.com\/fr\/wp-json\/wp\/v2\/product\/8012\/revisions"}],"predecessor-version":[{"id":8226,"href":"https:\/\/pelartlabbenelux.com\/fr\/wp-json\/wp\/v2\/product\/8012\/revisions\/8226"}],"wp:featuredmedia":[{"embeddable":true,"href":"https:\/\/pelartlabbenelux.com\/fr\/wp-json\/wp\/v2\/media\/8013"}],"wp:attachment":[{"href":"https:\/\/pelartlabbenelux.com\/fr\/wp-json\/wp\/v2\/media?parent=8012"}],"wp:term":[{"taxonomy":"product_brand","embeddable":true,"href":"https:\/\/pelartlabbenelux.com\/fr\/wp-json\/wp\/v2\/product_brand?post=8012"},{"taxonomy":"product_cat","embeddable":true,"href":"https:\/\/pelartlabbenelux.com\/fr\/wp-json\/wp\/v2\/product_cat?post=8012"},{"taxonomy":"product_tag","embeddable":true,"href":"https:\/\/pelartlabbenelux.com\/fr\/wp-json\/wp\/v2\/product_tag?post=8012"}],"curies":[{"name":"wp","href":"https:\/\/api.w.org\/{rel}","templated":true}]}}