{"id":8010,"date":"2026-01-28T16:09:27","date_gmt":"2026-01-28T16:09:27","guid":{"rendered":"https:\/\/pelartlabbenelux.com\/product\/rejuvenating-serum-with-vitamin-c-retinol-and-pdrn-lana-blur-line-30-ml\/"},"modified":"2026-02-05T00:26:23","modified_gmt":"2026-02-05T00:26:23","slug":"rejuvenating-serum-with-vitamin-c-retinol-and-pdrn-lana-blur-line-30-ml","status":"publish","type":"product","link":"https:\/\/pelartlabbenelux.com\/fr\/produit\/rejuvenating-serum-with-vitamin-c-retinol-and-pdrn-lana-blur-line-30-ml\/","title":{"rendered":"S\u00e9rum rajeunissant Vit C + r\u00e9tinol + PDRN, Lana BluR Line, 30 ml"},"content":{"rendered":"<p>Rejuve serum Vit C + r\u00e9tinol + PDRN \u2014 s\u00e9rum anti-\u00e2ge con\u00e7u pour la correction globale des signes du photo-vieillissement et du vieillissement chronologique. Sa formule associe la vitamine C, le r\u00e9tinol et le PDRN, offrant des effets r\u00e9parateurs, fortifiants et lissants marqu\u00e9s.<\/p>\n<p>Le s\u00e9rum aide \u00e0 \u00e9claircir la pigmentation et les marques post-acn\u00e9, augmente la densit\u00e9 et l\u2019\u00e9lasticit\u00e9 de la peau, et am\u00e9liore la texture ainsi que le teint. Le r\u00e9tinol active les processus de renouvellement cellulaire et favorise le resserrement des pores, tandis que la vitamine C assure une puissante protection antioxydante et ravive l\u2019\u00e9clat cutan\u00e9.<\/p>\n<p>Le PDRN stimule la r\u00e9g\u00e9n\u00e9ration tissulaire et renforce la structure de la peau au niveau cellulaire. Les extraits de myrtille et d\u2019a\u00e7a\u00ef, de centella asiatica et d\u2019aloe vera renforcent les fonctions protectrices de la peau, r\u00e9duisent les signes li\u00e9s au stress et maintiennent une hydratation optimale.<\/p>\n<p><strong>Effets cl\u00e9s :<\/strong><\/p>\n<p>\u2022 R\u00e9duction des signes du photo-vieillissement et du vieillissement chronologique<br \/>\n\u2022 \u00c9claircissement de la pigmentation et des marques post-acn\u00e9<br \/>\n\u2022 Am\u00e9lioration de la fermet\u00e9 et de l\u2019\u00e9lasticit\u00e9 de la peau<br \/>\n\u2022 Lissage du grain de peau et resserrement des pores<br \/>\n\u2022 Protection antioxydante et renforcement de la barri\u00e8re cutan\u00e9e<\/p>\n<p><strong>Mode d\u2019utilisation :<\/strong><\/p>\n<p>Appliquer sur le visage et le cou nettoy\u00e9s par de l\u00e9gers mouvements de massage. Utiliser 1 \u00e0 2 fois par jour. Recommand\u00e9 en association avec une cr\u00e8me.<\/p>\n<p><strong>Ingr\u00e9dients :<\/strong><\/p>\n<p>Aqua (Water), Extrait de fruit de myrtille, Huile de graines de mangue, Extrait de fruit d\u2019a\u00e7a\u00ef, Hydrogenated Hydrolyzed Starch, Extrait d\u2019Aphanizomenon flos-aquae, Bis-glycerin ascorbate, Jus de feuille d\u2019Aloe Barbadensis, Butylene Glycol, Panth\u00e9nol, 3-Glyceril Ascorbate, Glyc\u00e9rine, Retinyl Acetate, Isopentyldiol, Pentylene Glycol, Huile de soja (Glycine Soja), Tocoph\u00e9rol, Gomme d\u2019acacia senegal, Extrait de Centella Asiatica, Huile de graines de Macadamia Ternifolia, R\u00e9tinol, Sodium hyaluronate, Hexylene Glycol, Caprylyl Glycol, Gomme xanthane, L\u00e9cithine hydrog\u00e9n\u00e9e, Phytost\u00e9rols, C\u00e9ramide NG, C\u00e9ramide NP, C\u00e9ramide AP, Octadecene, Polydesoxyribonucl\u00e9otide (PDRN), Acrylates\/C10-30 Alkyl Acrylate Crosspolymer, Tocopheryl acetate, Sorbitan caprylate, Acide benzo\u00efque, Parfum<\/p>\n","protected":false},"excerpt":{"rendered":"<p>Rejuve serum Vit C + r\u00e9tinol + PDRN \u2014 s\u00e9rum anti-\u00e2ge con\u00e7u pour la correction globale des signes du photo-vieillissement et du vieillissement chronologique. Sa formule associe la vitamine C, le r\u00e9tinol et le PDRN, offrant des effets r\u00e9parateurs, fortifiants et lissants marqu\u00e9s. Le s\u00e9rum aide \u00e0 \u00e9claircir la pigmentation et les marques post-acn\u00e9, augmente [&hellip;]<\/p>\n","protected":false},"featured_media":8011,"comment_status":"open","ping_status":"closed","template":"","meta":[],"product_brand":[78],"product_cat":[126],"product_tag":[],"class_list":{"0":"post-8010","1":"product","2":"type-product","3":"status-publish","4":"has-post-thumbnail","6":"product_brand-lana-blur-line","7":"product_cat-lana-blur-line-au-retinol-et-a-la-vitamine-c","9":"first","10":"instock","11":"shipping-taxable","12":"purchasable","13":"product-type-simple"},"aioseo_notices":[],"_links":{"self":[{"href":"https:\/\/pelartlabbenelux.com\/fr\/wp-json\/wp\/v2\/product\/8010","targetHints":{"allow":["GET"]}}],"collection":[{"href":"https:\/\/pelartlabbenelux.com\/fr\/wp-json\/wp\/v2\/product"}],"about":[{"href":"https:\/\/pelartlabbenelux.com\/fr\/wp-json\/wp\/v2\/types\/product"}],"replies":[{"embeddable":true,"href":"https:\/\/pelartlabbenelux.com\/fr\/wp-json\/wp\/v2\/comments?post=8010"}],"version-history":[{"count":2,"href":"https:\/\/pelartlabbenelux.com\/fr\/wp-json\/wp\/v2\/product\/8010\/revisions"}],"predecessor-version":[{"id":8228,"href":"https:\/\/pelartlabbenelux.com\/fr\/wp-json\/wp\/v2\/product\/8010\/revisions\/8228"}],"wp:featuredmedia":[{"embeddable":true,"href":"https:\/\/pelartlabbenelux.com\/fr\/wp-json\/wp\/v2\/media\/8011"}],"wp:attachment":[{"href":"https:\/\/pelartlabbenelux.com\/fr\/wp-json\/wp\/v2\/media?parent=8010"}],"wp:term":[{"taxonomy":"product_brand","embeddable":true,"href":"https:\/\/pelartlabbenelux.com\/fr\/wp-json\/wp\/v2\/product_brand?post=8010"},{"taxonomy":"product_cat","embeddable":true,"href":"https:\/\/pelartlabbenelux.com\/fr\/wp-json\/wp\/v2\/product_cat?post=8010"},{"taxonomy":"product_tag","embeddable":true,"href":"https:\/\/pelartlabbenelux.com\/fr\/wp-json\/wp\/v2\/product_tag?post=8010"}],"curies":[{"name":"wp","href":"https:\/\/api.w.org\/{rel}","templated":true}]}}