{"id":8008,"date":"2026-01-28T16:09:27","date_gmt":"2026-01-28T16:09:27","guid":{"rendered":"https:\/\/pelartlabbenelux.com\/product\/antioxidant-eye-cream-with-vitamin-c-retinol-and-pdrn-lana-blur-line-30-ml\/"},"modified":"2026-02-05T00:27:14","modified_gmt":"2026-02-05T00:27:14","slug":"antioxidant-eye-cream-with-vitamin-c-retinol-and-pdrn-lana-blur-line-30-ml","status":"publish","type":"product","link":"https:\/\/pelartlabbenelux.com\/fr\/produit\/antioxidant-eye-cream-with-vitamin-c-retinol-and-pdrn-lana-blur-line-30-ml\/","title":{"rendered":"Cr\u00e8me contour des yeux antioxydante Vit C + r\u00e9tinol + PDRN, Lana BluR Line, 30 ml"},"content":{"rendered":"<p>Anti-stress eye cream Vit C + r\u00e9tinol + PDRN \u2014 cr\u00e8me anti-\u00e2ge et antioxydante sp\u00e9cialement con\u00e7ue pour le contour d\u00e9licat des yeux. Sa formule \u00e0 base de vitamine C, de r\u00e9tinol et de PDRN vise \u00e0 corriger les signes du photo-vieillissement et du vieillissement chronologique, \u00e0 am\u00e9liorer la fermet\u00e9 de la peau et \u00e0 optimiser son \u00e9tat g\u00e9n\u00e9ral.<\/p>\n<p>La cr\u00e8me aide \u00e0 \u00e9claircir la pigmentation et les signes de fatigue, soutient la densit\u00e9 et l\u2019\u00e9lasticit\u00e9 cutan\u00e9es, am\u00e9liore la microcirculation et r\u00e9duit les poches. Le r\u00e9tinol stimule le renouvellement cellulaire et affine le grain de peau, tandis que la vitamine C offre une protection antioxydante puissante et conf\u00e8re au regard une apparence fra\u00eeche et repos\u00e9e.<\/p>\n<p>Le PDRN active les processus de r\u00e9g\u00e9n\u00e9ration, renforce la structure cutan\u00e9e et augmente la r\u00e9sistance de la peau aux facteurs de stress externes. Les extraits de myrtille, d\u2019hibiscus, de marronnier d\u2019Inde et de romarin, associ\u00e9s \u00e0 la caf\u00e9ine et \u00e0 la rutine, contribuent \u00e0 att\u00e9nuer les cernes, am\u00e9liorer le tonus vasculaire et sublimer l\u2019apparence du contour des yeux.<\/p>\n<p>Sa texture l\u00e9g\u00e8re p\u00e9n\u00e8tre rapidement, n\u2019alourdit pas la peau et fait de cette cr\u00e8me une excellente base de maquillage.<\/p>\n<p><strong>Effets cl\u00e9s :<\/strong><\/p>\n<p>\u2022 R\u00e9duction des signes de l\u2019\u00e2ge et des dommages li\u00e9s au soleil<br \/>\n\u2022 Am\u00e9lioration de la fermet\u00e9 et de l\u2019\u00e9lasticit\u00e9 du contour des yeux<br \/>\n\u2022 \u00c9claircissement de la pigmentation et des cernes<br \/>\n\u2022 Protection antioxydante et diminution des signes de fatigue<br \/>\n\u2022 Am\u00e9lioration de la microcirculation et r\u00e9duction des poches<\/p>\n<p><strong>Mode d\u2019utilisation :<\/strong><\/p>\n<p>Appliquer matin et soir sur la peau propre du contour des yeux par de l\u00e9gers tapotements. Convient comme base de maquillage.<\/p>\n<p><strong>Ingr\u00e9dients :<\/strong><\/p>\n<p>Aqua (Water), Extrait de fruit de myrtille, Hydrogenated Hydrolyzed Starch, Extrait d\u2019Aphanizomenon flos-aquae, Bis-glycerin ascorbate, Extrait d\u2019Hibiscus Sabdariffa, Panth\u00e9nol, Retinyl acetate, Pentylene Glycol,<br \/>\nHuile de soja (Glycine Soja), Tocoph\u00e9rol, Gomme d\u2019acacia senegal, Phytost\u00e9rols, Sodium hyaluronate, Polydesoxyribonucl\u00e9otide (PDRN), L\u00e9cithine, Isoflavones de soja, Retinyl palmitate, Prot\u00e9ines de riz hydrolys\u00e9es, Caprylic\/Capric Triglyceride, R\u00e9tinol, Sodium polyacrylate, Nicotinamide adenine dinucleotide, Huile de soja (Glycine Soja) carot\u00e8ne, Phospholipides, Ethylhexyl olivate, Sodium acrylate copolymer, Aescine, Esculine, Rutine, Caf\u00e9ine, Extrait de graines de marronnier d\u2019Inde, Extrait de feuille de romarin<\/p>\n","protected":false},"excerpt":{"rendered":"<p>Anti-stress eye cream Vit C + r\u00e9tinol + PDRN \u2014 cr\u00e8me anti-\u00e2ge et antioxydante sp\u00e9cialement con\u00e7ue pour le contour d\u00e9licat des yeux. Sa formule \u00e0 base de vitamine C, de r\u00e9tinol et de PDRN vise \u00e0 corriger les signes du photo-vieillissement et du vieillissement chronologique, \u00e0 am\u00e9liorer la fermet\u00e9 de la peau et \u00e0 optimiser [&hellip;]<\/p>\n","protected":false},"featured_media":8009,"comment_status":"open","ping_status":"closed","template":"","meta":[],"product_brand":[78],"product_cat":[126],"product_tag":[],"class_list":{"0":"post-8008","1":"product","2":"type-product","3":"status-publish","4":"has-post-thumbnail","6":"product_brand-lana-blur-line","7":"product_cat-lana-blur-line-au-retinol-et-a-la-vitamine-c","9":"first","10":"instock","11":"shipping-taxable","12":"purchasable","13":"product-type-simple"},"aioseo_notices":[],"_links":{"self":[{"href":"https:\/\/pelartlabbenelux.com\/fr\/wp-json\/wp\/v2\/product\/8008","targetHints":{"allow":["GET"]}}],"collection":[{"href":"https:\/\/pelartlabbenelux.com\/fr\/wp-json\/wp\/v2\/product"}],"about":[{"href":"https:\/\/pelartlabbenelux.com\/fr\/wp-json\/wp\/v2\/types\/product"}],"replies":[{"embeddable":true,"href":"https:\/\/pelartlabbenelux.com\/fr\/wp-json\/wp\/v2\/comments?post=8008"}],"version-history":[{"count":2,"href":"https:\/\/pelartlabbenelux.com\/fr\/wp-json\/wp\/v2\/product\/8008\/revisions"}],"predecessor-version":[{"id":8230,"href":"https:\/\/pelartlabbenelux.com\/fr\/wp-json\/wp\/v2\/product\/8008\/revisions\/8230"}],"wp:featuredmedia":[{"embeddable":true,"href":"https:\/\/pelartlabbenelux.com\/fr\/wp-json\/wp\/v2\/media\/8009"}],"wp:attachment":[{"href":"https:\/\/pelartlabbenelux.com\/fr\/wp-json\/wp\/v2\/media?parent=8008"}],"wp:term":[{"taxonomy":"product_brand","embeddable":true,"href":"https:\/\/pelartlabbenelux.com\/fr\/wp-json\/wp\/v2\/product_brand?post=8008"},{"taxonomy":"product_cat","embeddable":true,"href":"https:\/\/pelartlabbenelux.com\/fr\/wp-json\/wp\/v2\/product_cat?post=8008"},{"taxonomy":"product_tag","embeddable":true,"href":"https:\/\/pelartlabbenelux.com\/fr\/wp-json\/wp\/v2\/product_tag?post=8008"}],"curies":[{"name":"wp","href":"https:\/\/api.w.org\/{rel}","templated":true}]}}