{"id":8006,"date":"2026-01-28T16:09:27","date_gmt":"2026-01-28T16:09:27","guid":{"rendered":"https:\/\/pelartlabbenelux.com\/product\/antioxidant-night-face-cream-with-vitamin-c-retinol-and-pdrn-lana-blur-line-50-ml\/"},"modified":"2026-02-05T00:28:17","modified_gmt":"2026-02-05T00:28:17","slug":"antioxidant-night-face-cream-with-vitamin-c-retinol-and-pdrn-lana-blur-line-50-ml","status":"publish","type":"product","link":"https:\/\/pelartlabbenelux.com\/fr\/produit\/antioxidant-night-face-cream-with-vitamin-c-retinol-and-pdrn-lana-blur-line-50-ml\/","title":{"rendered":"Cr\u00e8me de nuit visage antioxydante Vit C + r\u00e9tinol + PDRN, Lana BluR Line, 50 ml"},"content":{"rendered":"<p>Anti-stress night cream Vit C + r\u00e9tinol + PDRN \u2014 cr\u00e8me de nuit anti-\u00e2ge intensive, con\u00e7ue pour restaurer la peau pendant sa phase maximale de r\u00e9g\u00e9n\u00e9ration nocturne. Sa formule associe la vitamine C, le r\u00e9tinol et le PDRN, offrant une action rajeunissante et antioxydante compl\u00e8te.<\/p>\n<p>La vitamine C contribue \u00e0 unifier le teint, \u00e0 r\u00e9duire la pigmentation et \u00e0 renforcer la structure cutan\u00e9e, apportant fra\u00eecheur et \u00e9clat au visage. Le r\u00e9tinol stimule le renouvellement cellulaire, active la synth\u00e8se du collag\u00e8ne et de l\u2019\u00e9lastine, et augmente la densit\u00e9 ainsi que la fermet\u00e9 de la peau. Le PDRN soutient les processus r\u00e9g\u00e9n\u00e9ratifs, am\u00e9liore la structure cutan\u00e9e et renforce la r\u00e9sistance de la peau aux signes du vieillissement.<\/p>\n<p>Les extraits de myrtille et de microalgues, l\u2019huile d\u2019olive, l\u2019huile de son de riz, l\u2019huile de jojoba, ainsi que la niacinamide, le b\u00eata-glucane et un enzyme probiotique assurent une hydratation profonde, restaurent les fonctions barri\u00e8res et r\u00e9duisent les signes de stress et de fatigue. Au r\u00e9veil, la peau para\u00eet plus lisse, plus ferme et visiblement revitalis\u00e9e.<\/p>\n<p>Sa texture nourrissante mais l\u00e9g\u00e8re est id\u00e9ale pour le soin de nuit, sans alourdir la peau.<\/p>\n<p><strong>Effets cl\u00e9s :<\/strong><\/p>\n<p>\u2022 Stimulation des processus de r\u00e9g\u00e9n\u00e9ration cutan\u00e9e nocturne<br \/>\n\u2022 R\u00e9duction des rides et des signes de l\u2019\u00e2ge<br \/>\n\u2022 Unification du teint et diminution de la pigmentation<br \/>\n\u2022 Am\u00e9lioration de la fermet\u00e9 et de l\u2019\u00e9lasticit\u00e9 de la peau<br \/>\n\u2022 Protection antioxydante et restauration de la barri\u00e8re cutan\u00e9e<\/p>\n<p><strong>Mode d\u2019utilisation :<\/strong><\/p>\n<p>Appliquer le soir sur le visage et le cou pr\u00e9alablement nettoy\u00e9s, par de l\u00e9gers mouvements de massage jusqu\u2019\u00e0 absorption compl\u00e8te.<\/p>\n<p><strong>Ingr\u00e9dients :<\/strong><\/p>\n<p>Aqua (Water), Extrait de fruit de myrtille, Hydrogenated Hydrolyzed Starch, Extrait d\u2019Aphanizomenon flos-aquae, Bis-glycerin ascorbate, Extrait d\u2019Hibiscus Sabdariffa, Panth\u00e9nol, Retinyl acetate, Pentylene Glycol,<br \/>\nHuile de soja (Glycine Soja), Tocoph\u00e9rol, Gomme d\u2019acacia senegal, Phytost\u00e9rols, Sodium hyaluronate, Polydesoxyribonucl\u00e9otide (PDRN), L\u00e9cithine, Isoflavones de soja, Retinyl palmitate, Prot\u00e9ines de riz hydrolys\u00e9es, Caprylic\/Capric Triglyceride, R\u00e9tinol, Sodium polyacrylate, Nicotinamide adenine dinucleotide, Huile de soja (Glycine Soja) carot\u00e8ne, Phospholipides, Ethylhexyl olivate, Sodium acrylate copolymer, Aescine, Esculine, Rutine, Caf\u00e9ine, Extrait de graines de marronnier d\u2019Inde, Extrait de feuille de romarin<\/p>\n","protected":false},"excerpt":{"rendered":"<p>Anti-stress night cream Vit C + r\u00e9tinol + PDRN \u2014 cr\u00e8me de nuit anti-\u00e2ge intensive, con\u00e7ue pour restaurer la peau pendant sa phase maximale de r\u00e9g\u00e9n\u00e9ration nocturne. Sa formule associe la vitamine C, le r\u00e9tinol et le PDRN, offrant une action rajeunissante et antioxydante compl\u00e8te. La vitamine C contribue \u00e0 unifier le teint, \u00e0 r\u00e9duire [&hellip;]<\/p>\n","protected":false},"featured_media":8007,"comment_status":"open","ping_status":"closed","template":"","meta":[],"product_brand":[78],"product_cat":[126],"product_tag":[],"class_list":{"0":"post-8006","1":"product","2":"type-product","3":"status-publish","4":"has-post-thumbnail","6":"product_brand-lana-blur-line","7":"product_cat-lana-blur-line-au-retinol-et-a-la-vitamine-c","9":"first","10":"instock","11":"shipping-taxable","12":"purchasable","13":"product-type-simple"},"aioseo_notices":[],"_links":{"self":[{"href":"https:\/\/pelartlabbenelux.com\/fr\/wp-json\/wp\/v2\/product\/8006","targetHints":{"allow":["GET"]}}],"collection":[{"href":"https:\/\/pelartlabbenelux.com\/fr\/wp-json\/wp\/v2\/product"}],"about":[{"href":"https:\/\/pelartlabbenelux.com\/fr\/wp-json\/wp\/v2\/types\/product"}],"replies":[{"embeddable":true,"href":"https:\/\/pelartlabbenelux.com\/fr\/wp-json\/wp\/v2\/comments?post=8006"}],"version-history":[{"count":2,"href":"https:\/\/pelartlabbenelux.com\/fr\/wp-json\/wp\/v2\/product\/8006\/revisions"}],"predecessor-version":[{"id":8232,"href":"https:\/\/pelartlabbenelux.com\/fr\/wp-json\/wp\/v2\/product\/8006\/revisions\/8232"}],"wp:featuredmedia":[{"embeddable":true,"href":"https:\/\/pelartlabbenelux.com\/fr\/wp-json\/wp\/v2\/media\/8007"}],"wp:attachment":[{"href":"https:\/\/pelartlabbenelux.com\/fr\/wp-json\/wp\/v2\/media?parent=8006"}],"wp:term":[{"taxonomy":"product_brand","embeddable":true,"href":"https:\/\/pelartlabbenelux.com\/fr\/wp-json\/wp\/v2\/product_brand?post=8006"},{"taxonomy":"product_cat","embeddable":true,"href":"https:\/\/pelartlabbenelux.com\/fr\/wp-json\/wp\/v2\/product_cat?post=8006"},{"taxonomy":"product_tag","embeddable":true,"href":"https:\/\/pelartlabbenelux.com\/fr\/wp-json\/wp\/v2\/product_tag?post=8006"}],"curies":[{"name":"wp","href":"https:\/\/api.w.org\/{rel}","templated":true}]}}