{"id":8004,"date":"2026-01-28T16:09:27","date_gmt":"2026-01-28T16:09:27","guid":{"rendered":"https:\/\/pelartlabbenelux.com\/product\/antioxidant-mask-cream-with-vitamin-c-retinol-and-pdrn-lana-blur-line-100-ml\/"},"modified":"2026-02-05T00:29:04","modified_gmt":"2026-02-05T00:29:04","slug":"antioxidant-mask-cream-with-vitamin-c-retinol-and-pdrn-lana-blur-line-100-ml","status":"publish","type":"product","link":"https:\/\/pelartlabbenelux.com\/fr\/produit\/antioxidant-mask-cream-with-vitamin-c-retinol-and-pdrn-lana-blur-line-100-ml\/","title":{"rendered":"Masque-cr\u00e8me antioxydant Vit C + r\u00e9tinol + PDRN, Lana BluR Line, 100 ml"},"content":{"rendered":"<p>Antioxidant cream-mask Vit C + r\u00e9tinol + PDRN \u2014 soin anti-\u00e2ge intensif con\u00e7u pour restaurer la peau, am\u00e9liorer sa fermet\u00e9 et la prot\u00e9ger du vieillissement pr\u00e9matur\u00e9.<\/p>\n<p>Sa formule contient une concentration optimale de vitamine C, qui renforce les parois des vaisseaux sanguins et des capillaires, r\u00e9duit les signes d\u2019inflammation vasculaire, unifie le teint et att\u00e9nue la pigmentation. Le r\u00e9tinol stimule activement la synth\u00e8se du collag\u00e8ne et de l\u2019\u00e9lastine, am\u00e9liorant la densit\u00e9, la fermet\u00e9 et l\u2019\u00e9lasticit\u00e9 de la peau.<\/p>\n<p>Le complexe PDRN (polyd\u00e9soxyribonucl\u00e9otide) active les processus de r\u00e9g\u00e9n\u00e9ration, favorise la r\u00e9paration des cellules endommag\u00e9es et am\u00e9liore l\u2019\u00e9tat g\u00e9n\u00e9ral de la peau. Les extraits de myrtille, de microalgues et d\u2019astragale, associ\u00e9s aux huiles de chanvre, de p\u00e9pins de raisin et de lin, renforcent la protection antioxydante, nourrissent la peau et aident \u00e0 neutraliser les dommages caus\u00e9s par les radicaux libres.<\/p>\n<p>Les c\u00e9ramides et les phospholipides renforcent la barri\u00e8re cutan\u00e9e, pr\u00e9viennent la d\u00e9shydratation et augmentent la r\u00e9sistance de la peau aux facteurs de stress externes. Cette cr\u00e8me-masque convient \u00e0 un soin anti-\u00e2ge global et am\u00e9liore visiblement l\u2019apparence de la peau apr\u00e8s seulement quelques applications.<\/p>\n<p><strong>Effets cl\u00e9s :<\/strong><\/p>\n<p>\u2022 Protection antioxydante puissante et pr\u00e9vention du photo-vieillissement<br \/>\n\u2022 Am\u00e9lioration de la fermet\u00e9 et de l\u2019\u00e9lasticit\u00e9 de la peau<br \/>\n\u2022 Unification du teint et r\u00e9duction de la pigmentation<br \/>\n\u2022 Renforcement des vaisseaux sanguins et diminution des signes d\u2019inflammation<br \/>\n\u2022 Restauration et soutien de la barri\u00e8re cutan\u00e9e<\/p>\n<p><strong>Mode d\u2019utilisation :<\/strong><\/p>\n<p>Utiliser deux fois par semaine apr\u00e8s un nettoyage et une tonification soigneux. Appliquer la cr\u00e8me-masque uniform\u00e9ment sur le visage, laisser poser 20 minutes, puis rincer \u00e0 l\u2019eau. Pour de meilleurs r\u00e9sultats, il est recommand\u00e9 de l\u2019utiliser en association avec un s\u00e9rum.<\/p>\n<p><strong>Ingr\u00e9dients :<\/strong><\/p>\n<p>Aqua (Water), Extrait de fruit de myrtille, Huile de graines de chanvre, Hydrogenated Hydrolyzed Starch, Extrait d\u2019Aphanizomenon flos-aquae, Bis-glycerin ascorbate, Huile de p\u00e9pins de raisin, Butylene Glycol, Panth\u00e9nol, 3-Glyceril Ascorbate, Glyc\u00e9rine, Retinyl acetate, Pentylene Glycol, Phytost\u00e9rols, Sodium hyaluronate, Polydesoxyribonucl\u00e9otide (PDRN), L\u00e9cithine, Isoflavones de soja, Retinyl palmitate, Prot\u00e9ines de riz hydrolys\u00e9es, Caprylic\/Capric Triglyceride, Sodium polyacrylate, Nicotinamide adenine dinucleotide, Sodium acrylate, Huile de graines de lin, Asiaticoside, Madecassoside, Acide asiatique, Extrait d\u2019astragale, Phospholipides, Aescine, B\u00eata-sitost\u00e9rol, C\u00e9ramide NP, C\u00e9ramide AP, C\u00e9ramide AS, Sorbitan caprylate, Acide benzo\u00efque, Parfum<\/p>\n","protected":false},"excerpt":{"rendered":"<p>Antioxidant cream-mask Vit C + r\u00e9tinol + PDRN \u2014 soin anti-\u00e2ge intensif con\u00e7u pour restaurer la peau, am\u00e9liorer sa fermet\u00e9 et la prot\u00e9ger du vieillissement pr\u00e9matur\u00e9. Sa formule contient une concentration optimale de vitamine C, qui renforce les parois des vaisseaux sanguins et des capillaires, r\u00e9duit les signes d\u2019inflammation vasculaire, unifie le teint et att\u00e9nue [&hellip;]<\/p>\n","protected":false},"featured_media":8005,"comment_status":"open","ping_status":"closed","template":"","meta":[],"product_brand":[78],"product_cat":[126],"product_tag":[],"class_list":{"0":"post-8004","1":"product","2":"type-product","3":"status-publish","4":"has-post-thumbnail","6":"product_brand-lana-blur-line","7":"product_cat-lana-blur-line-au-retinol-et-a-la-vitamine-c","9":"first","10":"instock","11":"shipping-taxable","12":"purchasable","13":"product-type-simple"},"aioseo_notices":[],"_links":{"self":[{"href":"https:\/\/pelartlabbenelux.com\/fr\/wp-json\/wp\/v2\/product\/8004","targetHints":{"allow":["GET"]}}],"collection":[{"href":"https:\/\/pelartlabbenelux.com\/fr\/wp-json\/wp\/v2\/product"}],"about":[{"href":"https:\/\/pelartlabbenelux.com\/fr\/wp-json\/wp\/v2\/types\/product"}],"replies":[{"embeddable":true,"href":"https:\/\/pelartlabbenelux.com\/fr\/wp-json\/wp\/v2\/comments?post=8004"}],"version-history":[{"count":2,"href":"https:\/\/pelartlabbenelux.com\/fr\/wp-json\/wp\/v2\/product\/8004\/revisions"}],"predecessor-version":[{"id":8234,"href":"https:\/\/pelartlabbenelux.com\/fr\/wp-json\/wp\/v2\/product\/8004\/revisions\/8234"}],"wp:featuredmedia":[{"embeddable":true,"href":"https:\/\/pelartlabbenelux.com\/fr\/wp-json\/wp\/v2\/media\/8005"}],"wp:attachment":[{"href":"https:\/\/pelartlabbenelux.com\/fr\/wp-json\/wp\/v2\/media?parent=8004"}],"wp:term":[{"taxonomy":"product_brand","embeddable":true,"href":"https:\/\/pelartlabbenelux.com\/fr\/wp-json\/wp\/v2\/product_brand?post=8004"},{"taxonomy":"product_cat","embeddable":true,"href":"https:\/\/pelartlabbenelux.com\/fr\/wp-json\/wp\/v2\/product_cat?post=8004"},{"taxonomy":"product_tag","embeddable":true,"href":"https:\/\/pelartlabbenelux.com\/fr\/wp-json\/wp\/v2\/product_tag?post=8004"}],"curies":[{"name":"wp","href":"https:\/\/api.w.org\/{rel}","templated":true}]}}