{"id":8002,"date":"2026-01-28T16:09:27","date_gmt":"2026-01-28T16:09:27","guid":{"rendered":"https:\/\/pelartlabbenelux.com\/product\/antioxidant-mousse-with-vitamin-c-and-niacinamide-180-ml\/"},"modified":"2026-02-05T00:29:55","modified_gmt":"2026-02-05T00:29:55","slug":"antioxidant-mousse-with-vitamin-c-and-niacinamide-180-ml","status":"publish","type":"product","link":"https:\/\/pelartlabbenelux.com\/fr\/produit\/antioxidant-mousse-with-vitamin-c-and-niacinamide-180-ml\/","title":{"rendered":"Mousse antioxydante \u00e0 la vitamine C et \u00e0 la niacinamide, 180 ml"},"content":{"rendered":"<p>Antioxidant mousse with vitamin C and niacinamide \u2014 mousse nettoyante douce \u00e0 la texture a\u00e9rienne et dense, con\u00e7ue pour le soin quotidien du visage, du cou et du d\u00e9collet\u00e9. Sa formule \u00e9limine d\u00e9licatement les impuret\u00e9s, l\u2019exc\u00e8s de s\u00e9bum et les r\u00e9sidus de maquillage, sans perturber l\u2019\u00e9quilibre hydrolipidique naturel de la peau ni provoquer de sensation de s\u00e9cheresse ou de tiraillement.<\/p>\n<p>Le complexe actif \u00e0 base de t\u00e9trahexyld\u00e9cyl ascorbate (forme stable de vitamine C), de niacinamide et d\u2019extraits de myrtille, d\u2019ortie, de bardane et de spiruline prot\u00e8ge la peau du stress oxydatif, favorise la restauration de la barri\u00e8re protectrice, unifie le teint et apporte un \u00e9clat sain. Apr\u00e8s le nettoyage, la peau est fra\u00eeche, confortable et visiblement soign\u00e9e.<\/p>\n<p><strong>Effets cl\u00e9s :<\/strong><\/p>\n<p>\u2022 Nettoyage doux et efficace de la peau<br \/>\n\u2022 Protection antioxydante contre le stress oxydatif<br \/>\n\u2022 Unification du teint et effet illuminant<br \/>\n\u2022 Restauration de la barri\u00e8re cutan\u00e9e protectrice<br \/>\n\u2022 Peau fra\u00eeche et \u00e9clatante<\/p>\n<p><strong>Mode d\u2019utilisation :<\/strong><\/p>\n<p>Appliquer une petite quantit\u00e9 de mousse sur la peau humide du visage, du cou et du d\u00e9collet\u00e9 en suivant les lignes de massage. Masser d\u00e9licatement pendant 60 secondes, puis rincer \u00e0 l\u2019eau. Utiliser matin et soir. \u00c9viter le contact avec les yeux.<\/p>\n<p><strong>Ingr\u00e9dients :<\/strong><\/p>\n<p>Water, Cocamidopropyl Betaine, Propylene Glycol, Panth\u00e9nol, Niacinamide, B\u00e9ta\u00efne, Glyc\u00e9rine, Alcool, Tetrahexyldecyl Ascorbate, Extrait d\u2019ortie, Extrait de bardane, Extrait de myrtille, Butylene Glycol, Extrait de spiruline, Acide citrique, Methylchloroisothiazolinone, Methylisothiazolinone, Disodium EDTA, Huile d\u2019\u00e9corce d\u2019agrumes, Huile essentielle de citron vert, Huile d\u2019\u00e9corce d\u2019orange<\/p>\n","protected":false},"excerpt":{"rendered":"<p>Antioxidant mousse with vitamin C and niacinamide \u2014 mousse nettoyante douce \u00e0 la texture a\u00e9rienne et dense, con\u00e7ue pour le soin quotidien du visage, du cou et du d\u00e9collet\u00e9. Sa formule \u00e9limine d\u00e9licatement les impuret\u00e9s, l\u2019exc\u00e8s de s\u00e9bum et les r\u00e9sidus de maquillage, sans perturber l\u2019\u00e9quilibre hydrolipidique naturel de la peau ni provoquer de sensation [&hellip;]<\/p>\n","protected":false},"featured_media":8003,"comment_status":"open","ping_status":"closed","template":"","meta":[],"product_brand":[78],"product_cat":[126],"product_tag":[],"class_list":{"0":"post-8002","1":"product","2":"type-product","3":"status-publish","4":"has-post-thumbnail","6":"product_brand-lana-blur-line","7":"product_cat-lana-blur-line-au-retinol-et-a-la-vitamine-c","9":"first","10":"instock","11":"shipping-taxable","12":"purchasable","13":"product-type-simple"},"aioseo_notices":[],"_links":{"self":[{"href":"https:\/\/pelartlabbenelux.com\/fr\/wp-json\/wp\/v2\/product\/8002","targetHints":{"allow":["GET"]}}],"collection":[{"href":"https:\/\/pelartlabbenelux.com\/fr\/wp-json\/wp\/v2\/product"}],"about":[{"href":"https:\/\/pelartlabbenelux.com\/fr\/wp-json\/wp\/v2\/types\/product"}],"replies":[{"embeddable":true,"href":"https:\/\/pelartlabbenelux.com\/fr\/wp-json\/wp\/v2\/comments?post=8002"}],"version-history":[{"count":2,"href":"https:\/\/pelartlabbenelux.com\/fr\/wp-json\/wp\/v2\/product\/8002\/revisions"}],"predecessor-version":[{"id":8236,"href":"https:\/\/pelartlabbenelux.com\/fr\/wp-json\/wp\/v2\/product\/8002\/revisions\/8236"}],"wp:featuredmedia":[{"embeddable":true,"href":"https:\/\/pelartlabbenelux.com\/fr\/wp-json\/wp\/v2\/media\/8003"}],"wp:attachment":[{"href":"https:\/\/pelartlabbenelux.com\/fr\/wp-json\/wp\/v2\/media?parent=8002"}],"wp:term":[{"taxonomy":"product_brand","embeddable":true,"href":"https:\/\/pelartlabbenelux.com\/fr\/wp-json\/wp\/v2\/product_brand?post=8002"},{"taxonomy":"product_cat","embeddable":true,"href":"https:\/\/pelartlabbenelux.com\/fr\/wp-json\/wp\/v2\/product_cat?post=8002"},{"taxonomy":"product_tag","embeddable":true,"href":"https:\/\/pelartlabbenelux.com\/fr\/wp-json\/wp\/v2\/product_tag?post=8002"}],"curies":[{"name":"wp","href":"https:\/\/api.w.org\/{rel}","templated":true}]}}