{"id":7979,"date":"2026-01-28T16:07:20","date_gmt":"2026-01-28T16:07:20","guid":{"rendered":"https:\/\/pelartlabbenelux.com\/product\/cleansing-mousse-for-oily-and-problematic-skin-pelart-laboratory-180-ml\/"},"modified":"2026-02-04T16:57:51","modified_gmt":"2026-02-04T16:57:51","slug":"cleansing-mousse-for-oily-and-problematic-skin-pelart-laboratory-180-ml","status":"publish","type":"product","link":"https:\/\/pelartlabbenelux.com\/fr\/produit\/cleansing-mousse-for-oily-and-problematic-skin-pelart-laboratory-180-ml\/","title":{"rendered":"Mousse nettoyante pour peaux grasses et \u00e0 probl\u00e8mes Pelart Laboratory, 180 ml"},"content":{"rendered":"<p>Une mousse nettoyante douce sans savon, con\u00e7ue pour nettoyer en douceur mais efficacement les peaux grasses et \u00e0 probl\u00e8mes. Sa texture l\u00e9g\u00e8re et ultra-douce se transforme en une mousse dense au contact de l&rsquo;eau, assurant une \u00e9limination en douceur des impuret\u00e9s, de l&rsquo;exc\u00e8s de s\u00e9bum et des r\u00e9sidus de maquillage.<\/p>\n<p>La mousse apaise les peaux irrit\u00e9es, offre des bienfaits anti-inflammatoires et aide \u00e0 nettoyer et \u00e0 resserrer les pores. La formule hydrate l&rsquo;\u00e9piderme, maintient un \u00e9quilibre optimal de l&rsquo;hydratation et am\u00e9liore l&rsquo;oxyg\u00e9nation de la peau. Un complexe d&rsquo;acides et d&rsquo;ingr\u00e9dients hydratants favorise le renouvellement de la peau et am\u00e9liore sa texture sans provoquer de sensation de tiraillement.<\/p>\n<p>Le produit convient \u00e0 une utilisation r\u00e9guli\u00e8re dans le cadre de protocoles de soins professionnels, ainsi qu&rsquo;\u00e0 des soins \u00e0 domicile pour les peaux sujettes \u00e0 l&rsquo;inflammation et \u00e0 l&rsquo;exc\u00e8s de s\u00e9bum.<\/p>\n<p><strong>Effets cl\u00e9s :<\/strong><br \/>\n\u2022 nettoyage doux sans savon<br \/>\n\u2022 \u00e9limination du s\u00e9bum et des r\u00e9sidus de maquillage<br \/>\n\u2022 action anti-inflammatoire et apaisante<br \/>\n\u2022 nettoyage et resserrement des pores<br \/>\n\u2022 hydratation et oxyg\u00e9nation de la peau<\/p>\n<p><strong>Mode d&#8217;emploi :<\/strong><br \/>\nFaites mousser une petite quantit\u00e9 de mousse dans la paume de vos mains, en \u00e9mulsionnant avec de l&rsquo;eau ti\u00e8de. Appliquez sur le visage et massez doucement. En cas d&rsquo;impuret\u00e9s importantes, il est recommand\u00e9 de masser la peau pendant 3 minutes maximum, puis de rincer abondamment \u00e0 l&rsquo;eau. Pour de meilleurs r\u00e9sultats, utilisez en combinaison avec les produits de soin Pelart Laboratory (art. 10013 \/ 10014).<\/p>\n<p><strong>Ingr\u00e9dients :<\/strong><br \/>\nAqua (eau), b\u00e9ta\u00efne, extraits : ergot, ch\u00e9lidoine, calendula, sauge, soja, bardane, bourgeons de bouleau, aloe vera, acides glycolique,<br \/>\nlactique, citrique, salicylique, tartrique, az\u00e9la\u00efque, hyaluronate de sodium, s\u00e9rine, ur\u00e9e, tr\u00e9halose, algine, eau de menthe, huiles essentielles :<br \/>\neucalyptus, menthe, g\u00e9ranium, camphre, ac\u00e9tate de tocoph\u00e9rol.<\/p>\n","protected":false},"excerpt":{"rendered":"<p>Une mousse nettoyante douce sans savon, con\u00e7ue pour nettoyer en douceur mais efficacement les peaux grasses et \u00e0 probl\u00e8mes. Sa texture l\u00e9g\u00e8re et ultra-douce se transforme en une mousse dense au contact de l&rsquo;eau, assurant une \u00e9limination en douceur des impuret\u00e9s, de l&rsquo;exc\u00e8s de s\u00e9bum et des r\u00e9sidus de maquillage. La mousse apaise les peaux [&hellip;]<\/p>\n","protected":false},"featured_media":7980,"comment_status":"open","ping_status":"closed","template":"","meta":[],"product_brand":[58],"product_cat":[125],"product_tag":[],"class_list":{"0":"post-7979","1":"product","2":"type-product","3":"status-publish","4":"has-post-thumbnail","6":"product_brand-inula-line","7":"product_cat-gamme-de-soins-inula-line-pour-peaux-grasses-et-a-problemes","9":"first","10":"instock","11":"shipping-taxable","12":"purchasable","13":"product-type-simple"},"aioseo_notices":[],"_links":{"self":[{"href":"https:\/\/pelartlabbenelux.com\/fr\/wp-json\/wp\/v2\/product\/7979","targetHints":{"allow":["GET"]}}],"collection":[{"href":"https:\/\/pelartlabbenelux.com\/fr\/wp-json\/wp\/v2\/product"}],"about":[{"href":"https:\/\/pelartlabbenelux.com\/fr\/wp-json\/wp\/v2\/types\/product"}],"replies":[{"embeddable":true,"href":"https:\/\/pelartlabbenelux.com\/fr\/wp-json\/wp\/v2\/comments?post=7979"}],"version-history":[{"count":2,"href":"https:\/\/pelartlabbenelux.com\/fr\/wp-json\/wp\/v2\/product\/7979\/revisions"}],"predecessor-version":[{"id":7987,"href":"https:\/\/pelartlabbenelux.com\/fr\/wp-json\/wp\/v2\/product\/7979\/revisions\/7987"}],"wp:featuredmedia":[{"embeddable":true,"href":"https:\/\/pelartlabbenelux.com\/fr\/wp-json\/wp\/v2\/media\/7980"}],"wp:attachment":[{"href":"https:\/\/pelartlabbenelux.com\/fr\/wp-json\/wp\/v2\/media?parent=7979"}],"wp:term":[{"taxonomy":"product_brand","embeddable":true,"href":"https:\/\/pelartlabbenelux.com\/fr\/wp-json\/wp\/v2\/product_brand?post=7979"},{"taxonomy":"product_cat","embeddable":true,"href":"https:\/\/pelartlabbenelux.com\/fr\/wp-json\/wp\/v2\/product_cat?post=7979"},{"taxonomy":"product_tag","embeddable":true,"href":"https:\/\/pelartlabbenelux.com\/fr\/wp-json\/wp\/v2\/product_tag?post=7979"}],"curies":[{"name":"wp","href":"https:\/\/api.w.org\/{rel}","templated":true}]}}