{"id":7977,"date":"2026-01-28T16:07:20","date_gmt":"2026-01-28T16:07:20","guid":{"rendered":"https:\/\/pelartlabbenelux.com\/product\/moisturizing-toner-for-oily-and-problematic-skin-pelart-laboratory-400-ml\/"},"modified":"2026-02-04T16:58:56","modified_gmt":"2026-02-04T16:58:56","slug":"moisturizing-toner-for-oily-and-problematic-skin-pelart-laboratory-400-ml","status":"publish","type":"product","link":"https:\/\/pelartlabbenelux.com\/fr\/produit\/moisturizing-toner-for-oily-and-problematic-skin-pelart-laboratory-400-ml\/","title":{"rendered":"Tonique hydratant pour peaux grasses et \u00e0 probl\u00e8mes Pelart Laboratory, 400 ml"},"content":{"rendered":"<p>Tonique hydratant professionnel pour les peaux grasses et \u00e0 probl\u00e8mes, con\u00e7u comme derni\u00e8re \u00e9tape du nettoyage et pour pr\u00e9parer la peau aux soins ult\u00e9rieurs. Le produit rafra\u00eechit et tonifie la peau, r\u00e9tablit son pH physiologique et aide \u00e0 r\u00e9duire les processus inflammatoires.<\/p>\n<p>La formule, enrichie d&rsquo;un complexe d&rsquo;extraits naturels de plantes et d&rsquo;ingr\u00e9dients actifs, agit en douceur sur le syst\u00e8me vasculaire de la peau, r\u00e9duit l&rsquo;aspect brillant et apaise les peaux irrit\u00e9es. Le tonique nettoie les pores, favorise la restauration du microbiome cutan\u00e9, stimule la microcirculation et maintient l&rsquo;\u00e9quilibre hydrique et salin, contribuant ainsi \u00e0 pr\u00e9venir la formation d&rsquo;\u00e9l\u00e9ments inflammatoires et de com\u00e9dons.<\/p>\n<p>Le produit convient \u00e0 une utilisation quotidienne dans le cadre de protocoles de soins professionnels et est \u00e9galement recommand\u00e9 comme antiseptique lors des proc\u00e9dures de nettoyage manuel.<\/p>\n<p><strong>Effets cl\u00e9s :<\/strong><br \/>\n\u2022 compl\u00e8te l&rsquo;\u00e9tape de nettoyage et r\u00e9tablit l&rsquo;\u00e9quilibre du pH<br \/>\n\u2022 r\u00e9duit l&rsquo;inflammation et r\u00e9gule la production de s\u00e9bum<br \/>\n\u2022 nettoyage des pores et normalisation du microbiome cutan\u00e9<br \/>\n\u2022 hydratation et tonification<br \/>\n\u2022 stimulation de la microcirculation<\/p>\n<p><strong>Mode d&#8217;emploi :<\/strong><br \/>\nUtiliser quotidiennement matin et soir pour compl\u00e9ter le d\u00e9maquillage et pr\u00e9parer la peau aux soins ult\u00e9rieurs. Appliquer le tonique sur un coton et r\u00e9partir uniform\u00e9ment sur la peau du visage. Peut \u00e9galement \u00eatre utilis\u00e9 comme antiseptique lors des proc\u00e9dures de nettoyage manuel.<\/p>\n<p data-start=\"1103\" data-end=\"1377\" data-is-last-node=\"\" data-is-only-node=\"\"><strong>Ingr\u00e9dients :<\/strong><br \/>\nAqua (eau), extraits : ergot, camomille, sauge, soja, bardane, calendula, bourgeons de bouleau, ch\u00e9lidoine, aloe vera,<br \/>\nacides az\u00e9la\u00efque, salicylique, lactique et glycolique, hyaluronate de sodium, s\u00e9rine, ur\u00e9e, tr\u00e9halose, algine, b\u00e9ta\u00efne, tr\u00e9halose, D-panth\u00e9nol,<br \/>\ncamphre, octopirox, huiles essentielles : eucalyptus, menthe, lavande<\/p>\n","protected":false},"excerpt":{"rendered":"<p>Tonique hydratant professionnel pour les peaux grasses et \u00e0 probl\u00e8mes, con\u00e7u comme derni\u00e8re \u00e9tape du nettoyage et pour pr\u00e9parer la peau aux soins ult\u00e9rieurs. Le produit rafra\u00eechit et tonifie la peau, r\u00e9tablit son pH physiologique et aide \u00e0 r\u00e9duire les processus inflammatoires. La formule, enrichie d&rsquo;un complexe d&rsquo;extraits naturels de plantes et d&rsquo;ingr\u00e9dients actifs, agit [&hellip;]<\/p>\n","protected":false},"featured_media":7978,"comment_status":"open","ping_status":"closed","template":"","meta":[],"product_brand":[58],"product_cat":[125],"product_tag":[],"class_list":{"0":"post-7977","1":"product","2":"type-product","3":"status-publish","4":"has-post-thumbnail","6":"product_brand-inula-line","7":"product_cat-gamme-de-soins-inula-line-pour-peaux-grasses-et-a-problemes","9":"first","10":"instock","11":"shipping-taxable","12":"purchasable","13":"product-type-simple"},"aioseo_notices":[],"_links":{"self":[{"href":"https:\/\/pelartlabbenelux.com\/fr\/wp-json\/wp\/v2\/product\/7977","targetHints":{"allow":["GET"]}}],"collection":[{"href":"https:\/\/pelartlabbenelux.com\/fr\/wp-json\/wp\/v2\/product"}],"about":[{"href":"https:\/\/pelartlabbenelux.com\/fr\/wp-json\/wp\/v2\/types\/product"}],"replies":[{"embeddable":true,"href":"https:\/\/pelartlabbenelux.com\/fr\/wp-json\/wp\/v2\/comments?post=7977"}],"version-history":[{"count":2,"href":"https:\/\/pelartlabbenelux.com\/fr\/wp-json\/wp\/v2\/product\/7977\/revisions"}],"predecessor-version":[{"id":7988,"href":"https:\/\/pelartlabbenelux.com\/fr\/wp-json\/wp\/v2\/product\/7977\/revisions\/7988"}],"wp:featuredmedia":[{"embeddable":true,"href":"https:\/\/pelartlabbenelux.com\/fr\/wp-json\/wp\/v2\/media\/7978"}],"wp:attachment":[{"href":"https:\/\/pelartlabbenelux.com\/fr\/wp-json\/wp\/v2\/media?parent=7977"}],"wp:term":[{"taxonomy":"product_brand","embeddable":true,"href":"https:\/\/pelartlabbenelux.com\/fr\/wp-json\/wp\/v2\/product_brand?post=7977"},{"taxonomy":"product_cat","embeddable":true,"href":"https:\/\/pelartlabbenelux.com\/fr\/wp-json\/wp\/v2\/product_cat?post=7977"},{"taxonomy":"product_tag","embeddable":true,"href":"https:\/\/pelartlabbenelux.com\/fr\/wp-json\/wp\/v2\/product_tag?post=7977"}],"curies":[{"name":"wp","href":"https:\/\/api.w.org\/{rel}","templated":true}]}}