{"id":7973,"date":"2026-01-28T16:07:20","date_gmt":"2026-01-28T16:07:20","guid":{"rendered":"https:\/\/pelartlabbenelux.com\/product\/treatment-toner-with-aha-acids-for-oily-and-problematic-skin-pelart-laboratory-250-ml\/"},"modified":"2026-02-04T17:00:55","modified_gmt":"2026-02-04T17:00:55","slug":"treatment-toner-with-aha-acids-for-oily-and-problematic-skin-pelart-laboratory-250-ml","status":"publish","type":"product","link":"https:\/\/pelartlabbenelux.com\/fr\/produit\/treatment-toner-with-aha-acids-for-oily-and-problematic-skin-pelart-laboratory-250-ml\/","title":{"rendered":"Tonique traitant aux acides AHA pour peaux grasses et \u00e0 probl\u00e8mes, Pelart Laboratory, 250 ml"},"content":{"rendered":"<p>Tonique professionnel aux acides AHA, d\u00e9velopp\u00e9 pour le soin des peaux grasses et \u00e0 probl\u00e8mes pr\u00e9sentant des \u00e9l\u00e9ments inflammatoires prononc\u00e9s. La formule, \u00e0 base d&rsquo;extraits naturels de plantes et d&rsquo;ingr\u00e9dients actifs, offre des effets anti-inflammatoires, antiseptiques et k\u00e9ratolytiques prononc\u00e9s.<\/p>\n<p>L&rsquo;extrait de ch\u00e9lidoine stimule la microcirculation et la r\u00e9g\u00e9n\u00e9ration des cellules \u00e9pidermiques, tandis que l&rsquo;aun\u00e9e et la bardane aident \u00e0 resserrer les pores et \u00e0 tonifier la peau. L&rsquo;extrait de sauge a une action antibact\u00e9rienne et anti-inflammatoire. L&rsquo;acide az\u00e9la\u00efque a des effets k\u00e9ratolytiques et antimicrobiens en influen\u00e7ant les processus de k\u00e9ratinisation et l&rsquo;activit\u00e9 des k\u00e9ratinocytes. L&rsquo;huile essentielle de thym, un puissant antiseptique, aide \u00e0 renforcer l&rsquo;immunit\u00e9 locale de la peau.<\/p>\n<p>Le tonique nettoie efficacement la peau, r\u00e9duit le nombre d&rsquo;\u00e9l\u00e9ments inflammatoires, diminue la brillance et pr\u00e9vient le d\u00e9veloppement de la microflore ana\u00e9robie. Convient \u00e0 une utilisation r\u00e9guli\u00e8re en cas d&rsquo;\u00e9ruptions papulopustuleuses.<\/p>\n<p><strong>Effets cl\u00e9s :<\/strong><br \/>\n\u2022 action anti-inflammatoire et antiseptique<br \/>\n\u2022 effet k\u00e9ratolytique et renouvellement de la peau<br \/>\n\u2022 r\u00e9duction de la peau grasse et nettoyage des pores<br \/>\n\u2022 pr\u00e9vention des processus inflammatoires<\/p>\n<p><strong>Mode d&#8217;emploi :<\/strong><br \/>\nImbibez un coton de tonique et essuyez soigneusement la peau du visage, en accordant une attention particuli\u00e8re aux zones pr\u00e9sentant des \u00e9ruptions papulopustuleuses. Il est recommand\u00e9 de l&rsquo;utiliser quotidiennement, matin et soir, en \u00e9vitant le contour des yeux. Ne pas rincer apr\u00e8s application.<\/p>\n<p data-start=\"1122\" data-end=\"1399\" data-is-last-node=\"\" data-is-only-node=\"\"><strong>Ingr\u00e9dients :<\/strong><br \/>\nAqua (eau), extraits : ergot, calendula, camomille, bourgeons de bouleau, ch\u00e9lidoine, sauge, soja, bardane, glycolique, lactique, salicylique, acide az\u00e9la\u00efque, camphre, D-panth\u00e9nol, huiles essentielles : eucalyptus, menthe, thym, g\u00e9ranium, allanto\u00efne, ac\u00e9tate de tocoph\u00e9rol.<\/p>\n","protected":false},"excerpt":{"rendered":"<p>Tonique professionnel aux acides AHA, d\u00e9velopp\u00e9 pour le soin des peaux grasses et \u00e0 probl\u00e8mes pr\u00e9sentant des \u00e9l\u00e9ments inflammatoires prononc\u00e9s. La formule, \u00e0 base d&rsquo;extraits naturels de plantes et d&rsquo;ingr\u00e9dients actifs, offre des effets anti-inflammatoires, antiseptiques et k\u00e9ratolytiques prononc\u00e9s. L&rsquo;extrait de ch\u00e9lidoine stimule la microcirculation et la r\u00e9g\u00e9n\u00e9ration des cellules \u00e9pidermiques, tandis que l&rsquo;aun\u00e9e et [&hellip;]<\/p>\n","protected":false},"featured_media":7974,"comment_status":"open","ping_status":"closed","template":"","meta":[],"product_brand":[58],"product_cat":[125],"product_tag":[],"class_list":{"0":"post-7973","1":"product","2":"type-product","3":"status-publish","4":"has-post-thumbnail","6":"product_brand-inula-line","7":"product_cat-gamme-de-soins-inula-line-pour-peaux-grasses-et-a-problemes","9":"first","10":"instock","11":"shipping-taxable","12":"purchasable","13":"product-type-simple"},"aioseo_notices":[],"_links":{"self":[{"href":"https:\/\/pelartlabbenelux.com\/fr\/wp-json\/wp\/v2\/product\/7973","targetHints":{"allow":["GET"]}}],"collection":[{"href":"https:\/\/pelartlabbenelux.com\/fr\/wp-json\/wp\/v2\/product"}],"about":[{"href":"https:\/\/pelartlabbenelux.com\/fr\/wp-json\/wp\/v2\/types\/product"}],"replies":[{"embeddable":true,"href":"https:\/\/pelartlabbenelux.com\/fr\/wp-json\/wp\/v2\/comments?post=7973"}],"version-history":[{"count":2,"href":"https:\/\/pelartlabbenelux.com\/fr\/wp-json\/wp\/v2\/product\/7973\/revisions"}],"predecessor-version":[{"id":7993,"href":"https:\/\/pelartlabbenelux.com\/fr\/wp-json\/wp\/v2\/product\/7973\/revisions\/7993"}],"wp:featuredmedia":[{"embeddable":true,"href":"https:\/\/pelartlabbenelux.com\/fr\/wp-json\/wp\/v2\/media\/7974"}],"wp:attachment":[{"href":"https:\/\/pelartlabbenelux.com\/fr\/wp-json\/wp\/v2\/media?parent=7973"}],"wp:term":[{"taxonomy":"product_brand","embeddable":true,"href":"https:\/\/pelartlabbenelux.com\/fr\/wp-json\/wp\/v2\/product_brand?post=7973"},{"taxonomy":"product_cat","embeddable":true,"href":"https:\/\/pelartlabbenelux.com\/fr\/wp-json\/wp\/v2\/product_cat?post=7973"},{"taxonomy":"product_tag","embeddable":true,"href":"https:\/\/pelartlabbenelux.com\/fr\/wp-json\/wp\/v2\/product_tag?post=7973"}],"curies":[{"name":"wp","href":"https:\/\/api.w.org\/{rel}","templated":true}]}}