{"id":7971,"date":"2026-01-28T16:07:20","date_gmt":"2026-01-28T16:07:20","guid":{"rendered":"https:\/\/pelartlabbenelux.com\/product\/warming-mask-for-oily-and-problematic-skin-pelart-laboratory-250-ml\/"},"modified":"2026-02-04T17:02:24","modified_gmt":"2026-02-04T17:02:24","slug":"warming-mask-for-oily-and-problematic-skin-pelart-laboratory-250-ml","status":"publish","type":"product","link":"https:\/\/pelartlabbenelux.com\/fr\/produit\/warming-mask-for-oily-and-problematic-skin-pelart-laboratory-250-ml\/","title":{"rendered":"Masque chauffant pour peaux grasses et \u00e0 probl\u00e8mes, Pelart Laboratory, 250 ml"},"content":{"rendered":"<p>Masque chauffant professionnel con\u00e7u pour pr\u00e9parer les peaux grasses et \u00e0 probl\u00e8mes aux soins cosm\u00e9tiques. La formule aide \u00e0 adoucir et \u00e0 assouplir la couche k\u00e9ratinis\u00e9e de l&rsquo;\u00e9piderme, dilate les canaux des glandes s\u00e9bac\u00e9es et facilite l&rsquo;ouverture des pores, assurant un nettoyage efficace de la peau et am\u00e9liorant l&rsquo;efficacit\u00e9 des \u00e9tapes de soins ult\u00e9rieures.<\/p>\n<p>Le masque a des propri\u00e9t\u00e9s antiseptiques et anti-inflammatoires, favorise l&rsquo;\u00e9limination des toxines et am\u00e9liore la microcirculation. L&rsquo;extrait d&rsquo;alo\u00e8s hydrate l&rsquo;\u00e9piderme et r\u00e9duit les irritations. L&rsquo;extrait de bodyaga aide \u00e0 r\u00e9sorber les infiltrats et les h\u00e9matomes, am\u00e9liore l&rsquo;irrigation sanguine des tissus et contribue au resserrement des pores. Le produit rafra\u00eechit le teint, acc\u00e9l\u00e8re les processus de r\u00e9g\u00e9n\u00e9ration et favorise la cicatrisation des peaux ab\u00eem\u00e9es.<\/p>\n<p>Le produit est destin\u00e9 exclusivement \u00e0 un usage professionnel en milieu cosm\u00e9tique.<\/p>\n<p><strong>Effets cl\u00e9s :<\/strong><br \/>\n\u2022 assouplissement et adoucissement de la couche k\u00e9ratinis\u00e9e<br \/>\n\u2022 ouverture et nettoyage des pores<br \/>\n\u2022 action antiseptique et anti-inflammatoire<br \/>\n\u2022 am\u00e9lioration de la microcirculation et d\u00e9toxification<br \/>\n\u2022 acc\u00e9l\u00e9ration de la r\u00e9g\u00e9n\u00e9ration cutan\u00e9e<\/p>\n<p><strong>Mode d&#8217;emploi :<\/strong><br \/>\nAppliquez une fine couche sur la peau nettoy\u00e9e, recouvrez d&rsquo;un film polyamide et laissez agir pendant 10 \u00e0 15 minutes. Si n\u00e9cessaire, retirer tout r\u00e9sidu de produit de la zone trait\u00e9e. L&rsquo;utilisation d&rsquo;une compresse chaude est autoris\u00e9e en l&rsquo;absence de couperose. Pour compl\u00e9ter la proc\u00e9dure, il est recommand\u00e9 d&rsquo;utiliser les produits Pelart Laboratory (art. 10018 \/ 10019).<\/p>\n<p><strong>Ingr\u00e9dients :<\/strong><br \/>\nAqua (eau), ur\u00e9e, extraits : bodyaga, ergot, alo\u00e8s, calendula, plantain, camomille azul\u00e8ne, rutine, trox\u00e9rutine,<br \/>\ncamphre, D-panth\u00e9nol, huile de ricin, glyc\u00e9rine.<\/p>\n","protected":false},"excerpt":{"rendered":"<p>Masque chauffant professionnel con\u00e7u pour pr\u00e9parer les peaux grasses et \u00e0 probl\u00e8mes aux soins cosm\u00e9tiques. La formule aide \u00e0 adoucir et \u00e0 assouplir la couche k\u00e9ratinis\u00e9e de l&rsquo;\u00e9piderme, dilate les canaux des glandes s\u00e9bac\u00e9es et facilite l&rsquo;ouverture des pores, assurant un nettoyage efficace de la peau et am\u00e9liorant l&rsquo;efficacit\u00e9 des \u00e9tapes de soins ult\u00e9rieures. Le [&hellip;]<\/p>\n","protected":false},"featured_media":7972,"comment_status":"open","ping_status":"closed","template":"","meta":[],"product_brand":[58],"product_cat":[125],"product_tag":[120],"class_list":{"0":"post-7971","1":"product","2":"type-product","3":"status-publish","4":"has-post-thumbnail","6":"product_brand-inula-line","7":"product_cat-gamme-de-soins-inula-line-pour-peaux-grasses-et-a-problemes","8":"product_tag-enregistrez-vous-en-tant-que-cosmetologue-pour-acheter-cet-article","10":"first","11":"instock","12":"shipping-taxable","13":"product-type-simple"},"aioseo_notices":[],"_links":{"self":[{"href":"https:\/\/pelartlabbenelux.com\/fr\/wp-json\/wp\/v2\/product\/7971","targetHints":{"allow":["GET"]}}],"collection":[{"href":"https:\/\/pelartlabbenelux.com\/fr\/wp-json\/wp\/v2\/product"}],"about":[{"href":"https:\/\/pelartlabbenelux.com\/fr\/wp-json\/wp\/v2\/types\/product"}],"replies":[{"embeddable":true,"href":"https:\/\/pelartlabbenelux.com\/fr\/wp-json\/wp\/v2\/comments?post=7971"}],"version-history":[{"count":2,"href":"https:\/\/pelartlabbenelux.com\/fr\/wp-json\/wp\/v2\/product\/7971\/revisions"}],"predecessor-version":[{"id":7995,"href":"https:\/\/pelartlabbenelux.com\/fr\/wp-json\/wp\/v2\/product\/7971\/revisions\/7995"}],"wp:featuredmedia":[{"embeddable":true,"href":"https:\/\/pelartlabbenelux.com\/fr\/wp-json\/wp\/v2\/media\/7972"}],"wp:attachment":[{"href":"https:\/\/pelartlabbenelux.com\/fr\/wp-json\/wp\/v2\/media?parent=7971"}],"wp:term":[{"taxonomy":"product_brand","embeddable":true,"href":"https:\/\/pelartlabbenelux.com\/fr\/wp-json\/wp\/v2\/product_brand?post=7971"},{"taxonomy":"product_cat","embeddable":true,"href":"https:\/\/pelartlabbenelux.com\/fr\/wp-json\/wp\/v2\/product_cat?post=7971"},{"taxonomy":"product_tag","embeddable":true,"href":"https:\/\/pelartlabbenelux.com\/fr\/wp-json\/wp\/v2\/product_tag?post=7971"}],"curies":[{"name":"wp","href":"https:\/\/api.w.org\/{rel}","templated":true}]}}