{"id":7967,"date":"2026-01-28T16:07:20","date_gmt":"2026-01-28T16:07:20","guid":{"rendered":"https:\/\/pelartlabbenelux.com\/product\/sebum-regulating-mask-for-oily-and-problematic-skin-pelart-laboratory-50-ml\/"},"modified":"2026-02-04T17:06:22","modified_gmt":"2026-02-04T17:06:22","slug":"sebum-regulating-mask-for-oily-and-problematic-skin-pelart-laboratory-50-ml","status":"publish","type":"product","link":"https:\/\/pelartlabbenelux.com\/fr\/produit\/sebum-regulating-mask-for-oily-and-problematic-skin-pelart-laboratory-50-ml\/","title":{"rendered":"Masque r\u00e9gulateur de s\u00e9bum pour peaux grasses et \u00e0 probl\u00e8mes Pelart Laboratory 50 ml"},"content":{"rendered":"<p>Ce soin apaise la peau et aide \u00e0 r\u00e9duire les pores dilat\u00e9s sans provoquer de s\u00e9cheresse. Sa formule r\u00e9duit la production excessive de s\u00e9bum, r\u00e9tablit l&rsquo;\u00e9quilibre lipidique de la peau et ne laisse aucun r\u00e9sidu gras.<\/p>\n<p>Le masque procure un effet rafra\u00eechissant et astringent prononc\u00e9, stimule les processus de r\u00e9g\u00e9n\u00e9ration et am\u00e9liore la texture de la peau. Les ingr\u00e9dients actifs ont des effets antiseptiques, anti-inflammatoires, k\u00e9ratoplastiques et antiseborrh\u00e9iques, favorisent la d\u00e9toxification de la peau et renforcent l&rsquo;immunit\u00e9 locale de la peau. Il r\u00e9duit \u00e9galement la sensibilit\u00e9 accrue, les rougeurs et le gonflement des zones enflamm\u00e9es.<\/p>\n<p>Convient \u00e0 une utilisation r\u00e9guli\u00e8re dans le cadre de protocoles de soins professionnels, ainsi qu&rsquo;\u00e0 la derni\u00e8re \u00e9tape des proc\u00e9dures de nettoyage de la peau.<\/p>\n<p><strong>Effets cl\u00e9s :<\/strong><br \/>\n\u2022 R\u00e9gulation du s\u00e9bum sans dess\u00e8chement excessif<br \/>\n\u2022 Resserrement des pores et am\u00e9lioration de la texture de la peau<br \/>\n\u2022 Action anti-inflammatoire et antiseptique<br \/>\n\u2022 D\u00e9toxification et restauration de l&rsquo;\u00e9quilibre lipidique<br \/>\n\u2022 R\u00e9duction de la sensibilit\u00e9 et des rougeurs<\/p>\n<p><strong>Mode d&#8217;emploi :<\/strong><br \/>\nUtiliser deux fois par semaine en traitement autonome ou comme \u00e9tape finale d&rsquo;une s\u00e9ance de nettoyage de la peau. Appliquer le masque sur le visage, laisser agir pendant 15 \u00e0 20 minutes, puis rincer \u00e0 l&rsquo;eau et compl\u00e9ter la routine de soins avec une cr\u00e8me Pelart Laboratory (art. 10021 \/ 10022).<\/p>\n<p><strong>Ingr\u00e9dients :<\/strong><br \/>\nAqua (eau), z\u00e9olite, kaolin, extraits : calendula, absinthe, plantain, g\u00e9ranium, \u00e9corce de ch\u00eane, thym, soufre, D-panth\u00e9nol, camphre, glyc\u00e9rine, huiles essentielles : eucalyptus, menthe, thym, lavande, oxyde de zinc.<\/p>\n","protected":false},"excerpt":{"rendered":"<p>Ce soin apaise la peau et aide \u00e0 r\u00e9duire les pores dilat\u00e9s sans provoquer de s\u00e9cheresse. Sa formule r\u00e9duit la production excessive de s\u00e9bum, r\u00e9tablit l&rsquo;\u00e9quilibre lipidique de la peau et ne laisse aucun r\u00e9sidu gras. Le masque procure un effet rafra\u00eechissant et astringent prononc\u00e9, stimule les processus de r\u00e9g\u00e9n\u00e9ration et am\u00e9liore la texture de [&hellip;]<\/p>\n","protected":false},"featured_media":7968,"comment_status":"open","ping_status":"closed","template":"","meta":[],"product_brand":[58],"product_cat":[125],"product_tag":[],"class_list":{"0":"post-7967","1":"product","2":"type-product","3":"status-publish","4":"has-post-thumbnail","6":"product_brand-inula-line","7":"product_cat-gamme-de-soins-inula-line-pour-peaux-grasses-et-a-problemes","9":"first","10":"instock","11":"shipping-taxable","12":"purchasable","13":"product-type-simple"},"aioseo_notices":[],"_links":{"self":[{"href":"https:\/\/pelartlabbenelux.com\/fr\/wp-json\/wp\/v2\/product\/7967","targetHints":{"allow":["GET"]}}],"collection":[{"href":"https:\/\/pelartlabbenelux.com\/fr\/wp-json\/wp\/v2\/product"}],"about":[{"href":"https:\/\/pelartlabbenelux.com\/fr\/wp-json\/wp\/v2\/types\/product"}],"replies":[{"embeddable":true,"href":"https:\/\/pelartlabbenelux.com\/fr\/wp-json\/wp\/v2\/comments?post=7967"}],"version-history":[{"count":2,"href":"https:\/\/pelartlabbenelux.com\/fr\/wp-json\/wp\/v2\/product\/7967\/revisions"}],"predecessor-version":[{"id":8001,"href":"https:\/\/pelartlabbenelux.com\/fr\/wp-json\/wp\/v2\/product\/7967\/revisions\/8001"}],"wp:featuredmedia":[{"embeddable":true,"href":"https:\/\/pelartlabbenelux.com\/fr\/wp-json\/wp\/v2\/media\/7968"}],"wp:attachment":[{"href":"https:\/\/pelartlabbenelux.com\/fr\/wp-json\/wp\/v2\/media?parent=7967"}],"wp:term":[{"taxonomy":"product_brand","embeddable":true,"href":"https:\/\/pelartlabbenelux.com\/fr\/wp-json\/wp\/v2\/product_brand?post=7967"},{"taxonomy":"product_cat","embeddable":true,"href":"https:\/\/pelartlabbenelux.com\/fr\/wp-json\/wp\/v2\/product_cat?post=7967"},{"taxonomy":"product_tag","embeddable":true,"href":"https:\/\/pelartlabbenelux.com\/fr\/wp-json\/wp\/v2\/product_tag?post=7967"}],"curies":[{"name":"wp","href":"https:\/\/api.w.org\/{rel}","templated":true}]}}