{"id":7963,"date":"2026-01-28T16:07:20","date_gmt":"2026-01-28T16:07:20","guid":{"rendered":"https:\/\/pelartlabbenelux.com\/product\/currant-phytomask-for-oily-and-problematic-skin-pelart-laboratory-250-ml\/"},"modified":"2026-02-05T00:11:08","modified_gmt":"2026-02-05T00:11:08","slug":"currant-phytomask-for-oily-and-problematic-skin-pelart-laboratory-250-ml","status":"publish","type":"product","link":"https:\/\/pelartlabbenelux.com\/fr\/produit\/currant-phytomask-for-oily-and-problematic-skin-pelart-laboratory-250-ml\/","title":{"rendered":"Phytomasque \u00e0 la groseille pour peaux grasses et \u00e0 probl\u00e8mes Pelart Laboratory 250 ml"},"content":{"rendered":"<p>Phytomasque professionnel \u00e0 base de cassis pour peaux grasses et \u00e0 probl\u00e8mes<br \/>\nUn phytomasque professionnel pour peaux grasses et \u00e0 probl\u00e8mes \u00e0 base d&rsquo;extrait de cassis, con\u00e7u pour nettoyer, tonifier et restaurer la peau. Les acides organiques du cassis ont un effet nettoyant, rajeunissant et r\u00e9g\u00e9n\u00e9rant prononc\u00e9, favorisant le renouvellement cellulaire de l&rsquo;\u00e9piderme.<\/p>\n<p>La formule est riche en macro et micro-\u00e9l\u00e9ments, ainsi qu&rsquo;en vitamines C et A, qui am\u00e9liorent l&rsquo;\u00e9tat g\u00e9n\u00e9ral de la peau et renforcent ses fonctions protectrices. L&rsquo;acide folique forme un film protecteur \u00e0 la surface de la peau, neutralise les radicaux libres et stimule le renouvellement cellulaire. L&rsquo;extrait d&rsquo;ortie renforce les parois des vaisseaux sanguins et favorise la cicatrisation de la peau, tandis que l&rsquo;extrait de raifort favorise la croissance cellulaire, am\u00e9liore la microcirculation et a des effets antimicrobiens, antibact\u00e9riens et anti-inflammatoires.<\/p>\n<p>La trox\u00e9rutine offre des bienfaits veinotoniques et angioprotecteurs, r\u00e9duit les gonflements et pr\u00e9sente des propri\u00e9t\u00e9s antioxydantes. Le masque am\u00e9liore la texture de la peau, aide \u00e0 r\u00e9duire les processus inflammatoires et laisse la peau fra\u00eeche et uniforme.<\/p>\n<p><strong>Principaux avantages :<\/strong><br \/>\n\u2022 Nettoyage et renouvellement de la peau<br \/>\n\u2022 Effet r\u00e9g\u00e9n\u00e9rant et tonifiant<br \/>\n\u2022 Protection antioxydante<br \/>\n\u2022 Renforce les parois des vaisseaux sanguins<br \/>\n\u2022 Effet anti-inflammatoire<\/p>\n<p><strong>Mode d&#8217;emploi :<\/strong><br \/>\nUtiliser deux fois par semaine apr\u00e8s le nettoyage. Appliquer le masque sur le visage, laisser agir pendant 15 \u00e0 20 minutes, puis rincer \u00e0 l&rsquo;eau et terminer la routine avec une cr\u00e8me Pelart Laboratory (art. 10021 \/ 10022).<\/p>\n<p><strong>Ingr\u00e9dients :<\/strong><br \/>\nAqua (eau), extraits : cassis, ortie, raifort, ergot, r\u00e9glisse, plantain, camomille azul\u00e8ne, bardane, rutine, trox\u00e9rutine, D-panth\u00e9nol, glyc\u00e9rine, b\u00e9ta\u00efne, hyaluronate de sodium, huiles essentielles : g\u00e9ranium.<\/p>\n","protected":false},"excerpt":{"rendered":"<p>Phytomasque professionnel \u00e0 base de cassis pour peaux grasses et \u00e0 probl\u00e8mes Un phytomasque professionnel pour peaux grasses et \u00e0 probl\u00e8mes \u00e0 base d&rsquo;extrait de cassis, con\u00e7u pour nettoyer, tonifier et restaurer la peau. Les acides organiques du cassis ont un effet nettoyant, rajeunissant et r\u00e9g\u00e9n\u00e9rant prononc\u00e9, favorisant le renouvellement cellulaire de l&rsquo;\u00e9piderme. La formule [&hellip;]<\/p>\n","protected":false},"featured_media":7964,"comment_status":"open","ping_status":"closed","template":"","meta":[],"product_brand":[58],"product_cat":[125],"product_tag":[],"class_list":{"0":"post-7963","1":"product","2":"type-product","3":"status-publish","4":"has-post-thumbnail","6":"product_brand-inula-line","7":"product_cat-gamme-de-soins-inula-line-pour-peaux-grasses-et-a-problemes","9":"first","10":"instock","11":"shipping-taxable","12":"purchasable","13":"product-type-simple"},"aioseo_notices":[],"_links":{"self":[{"href":"https:\/\/pelartlabbenelux.com\/fr\/wp-json\/wp\/v2\/product\/7963","targetHints":{"allow":["GET"]}}],"collection":[{"href":"https:\/\/pelartlabbenelux.com\/fr\/wp-json\/wp\/v2\/product"}],"about":[{"href":"https:\/\/pelartlabbenelux.com\/fr\/wp-json\/wp\/v2\/types\/product"}],"replies":[{"embeddable":true,"href":"https:\/\/pelartlabbenelux.com\/fr\/wp-json\/wp\/v2\/comments?post=7963"}],"version-history":[{"count":2,"href":"https:\/\/pelartlabbenelux.com\/fr\/wp-json\/wp\/v2\/product\/7963\/revisions"}],"predecessor-version":[{"id":8204,"href":"https:\/\/pelartlabbenelux.com\/fr\/wp-json\/wp\/v2\/product\/7963\/revisions\/8204"}],"wp:featuredmedia":[{"embeddable":true,"href":"https:\/\/pelartlabbenelux.com\/fr\/wp-json\/wp\/v2\/media\/7964"}],"wp:attachment":[{"href":"https:\/\/pelartlabbenelux.com\/fr\/wp-json\/wp\/v2\/media?parent=7963"}],"wp:term":[{"taxonomy":"product_brand","embeddable":true,"href":"https:\/\/pelartlabbenelux.com\/fr\/wp-json\/wp\/v2\/product_brand?post=7963"},{"taxonomy":"product_cat","embeddable":true,"href":"https:\/\/pelartlabbenelux.com\/fr\/wp-json\/wp\/v2\/product_cat?post=7963"},{"taxonomy":"product_tag","embeddable":true,"href":"https:\/\/pelartlabbenelux.com\/fr\/wp-json\/wp\/v2\/product_tag?post=7963"}],"curies":[{"name":"wp","href":"https:\/\/api.w.org\/{rel}","templated":true}]}}