{"id":7960,"date":"2026-01-28T16:07:20","date_gmt":"2026-01-28T16:07:20","guid":{"rendered":"https:\/\/pelartlabbenelux.com\/product\/mattifying-cream-for-oily-and-problematic-skin-spf-25-pelart-laboratory-50-ml\/"},"modified":"2026-02-05T00:13:58","modified_gmt":"2026-02-05T00:13:58","slug":"mattifying-cream-for-oily-and-problematic-skin-spf-25-pelart-laboratory-50-ml","status":"publish","type":"product","link":"https:\/\/pelartlabbenelux.com\/fr\/produit\/mattifying-cream-for-oily-and-problematic-skin-spf-25-pelart-laboratory-50-ml\/","title":{"rendered":"Cr\u00e8me matifiante pour peaux grasses et \u00e0 probl\u00e8mes SPF 25 Pelart Laboratory, 50 ml"},"content":{"rendered":"<p>Cr\u00e8me Professionnelle Matifiante pour Peaux Grasses et \u00e0 Probl\u00e8mes SPF 25<\/p>\n<p>Cr\u00e8me th\u00e9rapeutique professionnelle pour peaux grasses et \u00e0 probl\u00e8mes, \u00e0 effet matifiant et SPF 25, con\u00e7ue pour agir sur les causes profondes de l\u2019exc\u00e8s de s\u00e9bum plut\u00f4t que de simplement masquer les imperfections. Sa formule assure une nutrition compl\u00e8te de la peau, pr\u00e9vient la perte d\u2019hydratation de l\u2019\u00e9piderme et favorise un teint frais et sain.<\/p>\n<p>La cr\u00e8me poss\u00e8de un effet \u00e9claircissant, r\u00e9duit l\u2019inflammation, les d\u00e9mangeaisons et la desquamation, normalise la production de s\u00e9bum et stimule le renouvellement des cellules \u00e9pidermiques. Elle contribue au resserrement des pores et \u00e0 l\u2019am\u00e9lioration de la texture de la peau. Les composants actifs de l\u2019eucalyptus \u2014 le citral et l\u2019eug\u00e9nol \u2014 offrent des effets rafra\u00eechissants, tonifiants et r\u00e9parateurs, tout en inhibant le d\u00e9veloppement des bact\u00e9ries Staphylococcus et Streptococcus.<\/p>\n<p>La formule associe des filtres UV physiques et chimiques, assurant une protection fiable contre les rayonnements ultraviolets. Convient \u00e0 une utilisation quotidienne, aussi bien en soins professionnels qu\u2019\u00e0 domicile.<\/p>\n<p><strong>B\u00e9n\u00e9fices cl\u00e9s :<\/strong><\/p>\n<p>\u2022 Effet matifiant et r\u00e9gulation du s\u00e9bum<br \/>\n\u2022 Protection solaire SPF 25<br \/>\n\u2022 R\u00e9duction des inflammations et des irritations<br \/>\n\u2022 Resserrement des pores et am\u00e9lioration du grain de peau<br \/>\n\u2022 Pr\u00e9vention de la d\u00e9shydratation cutan\u00e9e<\/p>\n<p><strong>Mode d\u2019utilisation :<\/strong><\/p>\n<p>Appliquer une petite quantit\u00e9 sur le visage apr\u00e8s le nettoyage et la tonification. Recommand\u00e9e apr\u00e8s l\u2019utilisation des produits Pelart Laboratory (art. 10010 \/ 10011, 10013 \/ 10014).<\/p>\n<p><strong>Ingr\u00e9dients :<\/strong><\/p>\n<p>Aqua (Water), Complexe de filtres physiques et chimiques, Extrait de r\u00e9glisse, Acide hyaluronique, B\u00e9ta\u00efne, Glyc\u00e9rine,<br \/>\nSodium hyaluronate, S\u00e9rine, Ur\u00e9e, Tr\u00e9halose, Algin, D-panth\u00e9nol, Huiles essentielles : G\u00e9ranium, Menthe, Eucalyptus, Huile d\u2019olive, Oxyde de zinc<\/p>\n","protected":false},"excerpt":{"rendered":"<p>Cr\u00e8me Professionnelle Matifiante pour Peaux Grasses et \u00e0 Probl\u00e8mes SPF 25 Cr\u00e8me th\u00e9rapeutique professionnelle pour peaux grasses et \u00e0 probl\u00e8mes, \u00e0 effet matifiant et SPF 25, con\u00e7ue pour agir sur les causes profondes de l\u2019exc\u00e8s de s\u00e9bum plut\u00f4t que de simplement masquer les imperfections. Sa formule assure une nutrition compl\u00e8te de la peau, pr\u00e9vient la [&hellip;]<\/p>\n","protected":false},"featured_media":7961,"comment_status":"open","ping_status":"closed","template":"","meta":[],"product_brand":[58],"product_cat":[125],"product_tag":[],"class_list":{"0":"post-7960","1":"product","2":"type-product","3":"status-publish","4":"has-post-thumbnail","6":"product_brand-inula-line","7":"product_cat-gamme-de-soins-inula-line-pour-peaux-grasses-et-a-problemes","9":"first","10":"instock","11":"shipping-taxable","12":"purchasable","13":"product-type-simple"},"aioseo_notices":[],"_links":{"self":[{"href":"https:\/\/pelartlabbenelux.com\/fr\/wp-json\/wp\/v2\/product\/7960","targetHints":{"allow":["GET"]}}],"collection":[{"href":"https:\/\/pelartlabbenelux.com\/fr\/wp-json\/wp\/v2\/product"}],"about":[{"href":"https:\/\/pelartlabbenelux.com\/fr\/wp-json\/wp\/v2\/types\/product"}],"replies":[{"embeddable":true,"href":"https:\/\/pelartlabbenelux.com\/fr\/wp-json\/wp\/v2\/comments?post=7960"}],"version-history":[{"count":2,"href":"https:\/\/pelartlabbenelux.com\/fr\/wp-json\/wp\/v2\/product\/7960\/revisions"}],"predecessor-version":[{"id":8208,"href":"https:\/\/pelartlabbenelux.com\/fr\/wp-json\/wp\/v2\/product\/7960\/revisions\/8208"}],"wp:featuredmedia":[{"embeddable":true,"href":"https:\/\/pelartlabbenelux.com\/fr\/wp-json\/wp\/v2\/media\/7961"}],"wp:attachment":[{"href":"https:\/\/pelartlabbenelux.com\/fr\/wp-json\/wp\/v2\/media?parent=7960"}],"wp:term":[{"taxonomy":"product_brand","embeddable":true,"href":"https:\/\/pelartlabbenelux.com\/fr\/wp-json\/wp\/v2\/product_brand?post=7960"},{"taxonomy":"product_cat","embeddable":true,"href":"https:\/\/pelartlabbenelux.com\/fr\/wp-json\/wp\/v2\/product_cat?post=7960"},{"taxonomy":"product_tag","embeddable":true,"href":"https:\/\/pelartlabbenelux.com\/fr\/wp-json\/wp\/v2\/product_tag?post=7960"}],"curies":[{"name":"wp","href":"https:\/\/api.w.org\/{rel}","templated":true}]}}