{"id":7958,"date":"2026-01-28T16:07:20","date_gmt":"2026-01-28T16:07:20","guid":{"rendered":"https:\/\/pelartlabbenelux.com\/product\/niacinamide-fluid-cream-for-oily-and-problematic-skin-spf-25-pelart-laboratory-50-ml\/"},"modified":"2026-02-05T00:15:16","modified_gmt":"2026-02-05T00:15:16","slug":"niacinamide-fluid-cream-for-oily-and-problematic-skin-spf-25-pelart-laboratory-50-ml","status":"publish","type":"product","link":"https:\/\/pelartlabbenelux.com\/fr\/produit\/niacinamide-fluid-cream-for-oily-and-problematic-skin-spf-25-pelart-laboratory-50-ml\/","title":{"rendered":"Cr\u00e8me fluide \u00e0 la niacinamide pour peaux grasses et \u00e0 grobl\u00e8mes SPF 25 Pelart Laboratory, 50 ml"},"content":{"rendered":"<p>Cr\u00e8me fluide professionnelle \u00e0 la niacinamide et SPF 25, con\u00e7ue pour le soin des peaux grasses et \u00e0 probl\u00e8mes sujettes aux inflammations et au photo-vieillissement. Sa formule associe des actifs innovants et des extraits v\u00e9g\u00e9taux afin de r\u00e9guler la production de s\u00e9bum, r\u00e9duire l\u2019inflammation et pr\u00e9venir le vieillissement pr\u00e9matur\u00e9 de la peau.<\/p>\n<p>La niacinamide stimule la synth\u00e8se des c\u00e9ramides, soutient la restauration de la barri\u00e8re \u00e9pidermique et contribue au maintien d\u2019un niveau d\u2019hydratation optimal. Le complexe d\u2019extraits v\u00e9g\u00e9taux et d\u2019ingr\u00e9dients actifs exerce des effets antioxydants, anti-inflammatoires, antiseptiques et bact\u00e9ricides, aidant \u00e0 r\u00e9duire l\u2019acn\u00e9, \u00e0 acc\u00e9l\u00e9rer la r\u00e9gression des \u00e9l\u00e9ments inflammatoires et \u00e0 pr\u00e9venir leur r\u00e9apparition.<\/p>\n<p>La cr\u00e8me fluide offre un effet matifiant l\u00e9ger, laissant la peau soyeuse et lisse, sans sensation de lourdeur. Elle contient des filtres UV modernes assurant une protection contre le photo-vieillissement et les effets nocifs des rayonnements ultraviolets. Convient \u00e0 une utilisation quotidienne le matin.<\/p>\n<p><strong>B\u00e9n\u00e9fices cl\u00e9s :<\/strong><\/p>\n<p>\u2022 R\u00e9gulation de la production de s\u00e9bum<br \/>\n\u2022 Effets anti-inflammatoires et antioxydants<br \/>\n\u2022 Restauration de la barri\u00e8re \u00e9pidermique<br \/>\n\u2022 R\u00e9duction de l\u2019acn\u00e9 et pr\u00e9vention des r\u00e9cidives<br \/>\n\u2022 Effet matifiant et protection SPF 25 contre le photo-vieillissement<\/p>\n<p><strong>Mode d\u2019utilisation :<\/strong><\/p>\n<p>Appliquer une petite quantit\u00e9 sur le visage le matin apr\u00e8s le nettoyage et la tonification.<\/p>\n<p><strong>Ingr\u00e9dients :<\/strong><\/p>\n<p>Aqua (Water), C12-15 Alkyl Benzoate, Ethylhexyl Methoxycinnamate, Niacinamide, Diethylamino Hydroxybenzoyl Hexyl Benzoate, Cyclopentasiloxane, Levure, Extraits : Marron, Inule, Tea Tree, Ammonium Glycyrrhizinate, D-Panth\u00e9nol, Propylene Glycol, Zinc Gluconate, Caf\u00e9ine, Biotine, Sodium Polyacrylate, Amidon de riz, Phenoxyethanol, Methylparaben, Composition parfum\u00e9e, Propylparaben, Caffeyl Tripeptide-1<\/p>\n","protected":false},"excerpt":{"rendered":"<p>Cr\u00e8me fluide professionnelle \u00e0 la niacinamide et SPF 25, con\u00e7ue pour le soin des peaux grasses et \u00e0 probl\u00e8mes sujettes aux inflammations et au photo-vieillissement. Sa formule associe des actifs innovants et des extraits v\u00e9g\u00e9taux afin de r\u00e9guler la production de s\u00e9bum, r\u00e9duire l\u2019inflammation et pr\u00e9venir le vieillissement pr\u00e9matur\u00e9 de la peau. La niacinamide stimule [&hellip;]<\/p>\n","protected":false},"featured_media":7959,"comment_status":"open","ping_status":"closed","template":"","meta":[],"product_brand":[58],"product_cat":[125],"product_tag":[],"class_list":{"0":"post-7958","1":"product","2":"type-product","3":"status-publish","4":"has-post-thumbnail","6":"product_brand-inula-line","7":"product_cat-gamme-de-soins-inula-line-pour-peaux-grasses-et-a-problemes","9":"first","10":"instock","11":"shipping-taxable","12":"purchasable","13":"product-type-simple"},"aioseo_notices":[],"_links":{"self":[{"href":"https:\/\/pelartlabbenelux.com\/fr\/wp-json\/wp\/v2\/product\/7958","targetHints":{"allow":["GET"]}}],"collection":[{"href":"https:\/\/pelartlabbenelux.com\/fr\/wp-json\/wp\/v2\/product"}],"about":[{"href":"https:\/\/pelartlabbenelux.com\/fr\/wp-json\/wp\/v2\/types\/product"}],"replies":[{"embeddable":true,"href":"https:\/\/pelartlabbenelux.com\/fr\/wp-json\/wp\/v2\/comments?post=7958"}],"version-history":[{"count":2,"href":"https:\/\/pelartlabbenelux.com\/fr\/wp-json\/wp\/v2\/product\/7958\/revisions"}],"predecessor-version":[{"id":8210,"href":"https:\/\/pelartlabbenelux.com\/fr\/wp-json\/wp\/v2\/product\/7958\/revisions\/8210"}],"wp:featuredmedia":[{"embeddable":true,"href":"https:\/\/pelartlabbenelux.com\/fr\/wp-json\/wp\/v2\/media\/7959"}],"wp:attachment":[{"href":"https:\/\/pelartlabbenelux.com\/fr\/wp-json\/wp\/v2\/media?parent=7958"}],"wp:term":[{"taxonomy":"product_brand","embeddable":true,"href":"https:\/\/pelartlabbenelux.com\/fr\/wp-json\/wp\/v2\/product_brand?post=7958"},{"taxonomy":"product_cat","embeddable":true,"href":"https:\/\/pelartlabbenelux.com\/fr\/wp-json\/wp\/v2\/product_cat?post=7958"},{"taxonomy":"product_tag","embeddable":true,"href":"https:\/\/pelartlabbenelux.com\/fr\/wp-json\/wp\/v2\/product_tag?post=7958"}],"curies":[{"name":"wp","href":"https:\/\/api.w.org\/{rel}","templated":true}]}}