{"id":7956,"date":"2026-01-28T16:07:20","date_gmt":"2026-01-28T16:07:20","guid":{"rendered":"https:\/\/pelartlabbenelux.com\/product\/antibacterial-moisturizing-gel-fluid-for-oily-and-problematic-skin-pelart-laboratory-50-ml\/"},"modified":"2026-02-05T00:16:23","modified_gmt":"2026-02-05T00:16:23","slug":"antibacterial-moisturizing-gel-fluid-for-oily-and-problematic-skin-pelart-laboratory-50-ml","status":"publish","type":"product","link":"https:\/\/pelartlabbenelux.com\/fr\/produit\/antibacterial-moisturizing-gel-fluid-for-oily-and-problematic-skin-pelart-laboratory-50-ml\/","title":{"rendered":"Gel-fluide hydratant antibact\u00e9rien pour peaux grasses et \u00e0 probl\u00e8mes Pelart Laboratory, 50 ml"},"content":{"rendered":"<p>Gel-fluide professionnel hydratant antibact\u00e9rien pour peaux grasses et \u00e0 probl\u00e8mes<\/p>\n<p>Gel-fluide antibact\u00e9rien professionnel \u00e0 la texture hydrogel l\u00e9g\u00e8re et non com\u00e9dog\u00e8ne, con\u00e7u pour hydrater et prendre soin des peaux grasses et \u00e0 probl\u00e8mes. Sa formule aide \u00e0 maintenir un niveau optimal d\u2019hydratation tout en r\u00e9gulant la production de s\u00e9bum, sans alourdir la peau ni obstruer les pores.<\/p>\n<p>Un complexe d\u2019extraits v\u00e9g\u00e9taux exerce une action astringente et antiseptique, contribuant au nettoyage de la peau et \u00e0 la r\u00e9duction des inflammations. Les acides gras essentiels et les triglyc\u00e9rides soutiennent l\u2019\u00e9quilibre lipidique cutan\u00e9. L\u2019extrait de ruscus, riche en ruscog\u00e9nine et en flavono\u00efdes, offre des effets veinotoniques, r\u00e9duit la perm\u00e9abilit\u00e9 capillaire et renforce la r\u00e9sistance des vaisseaux sanguins. La niacinamide stimule les processus m\u00e9taboliques, renforce la barri\u00e8re cutan\u00e9e et aide \u00e0 pr\u00e9venir la formation d\u2019\u00e9l\u00e9ments inflammatoires.<\/p>\n<p>Convient \u00e0 un usage quotidien, aussi bien en soins professionnels qu\u2019\u00e0 domicile, pour les peaux sujettes \u00e0 l\u2019acn\u00e9 et aux inflammations.<\/p>\n<p><strong>B\u00e9n\u00e9fices cl\u00e9s :<\/strong><\/p>\n<p>\u2022 Hydratation non com\u00e9dog\u00e8ne<br \/>\n\u2022 Action antibact\u00e9rienne et antiseptique<br \/>\n\u2022 R\u00e9gulation de la production de s\u00e9bum<br \/>\n\u2022 Renforcement des parois des vaisseaux sanguins<br \/>\n\u2022 Pr\u00e9vention des \u00e9l\u00e9ments inflammatoires<\/p>\n<p><strong>Mode d\u2019utilisation :<\/strong><\/p>\n<p>Appliquer une fine couche sur le visage apr\u00e8s le nettoyage et la tonification. Recommand\u00e9 apr\u00e8s l\u2019utilisation des produits Pelart Laboratory (art. 10010 \/ 10011, 10013 \/ 10014).<\/p>\n<p><strong>Ingr\u00e9dients :<\/strong><\/p>\n<p>Aqua (Water), Extraits : Ruscus, Camomille, Ergot, \u00c9corce de saule, Sauge, Soja, Bardane, Millepertuis, Niacinamide, Sodium Salicylate, B\u00e9ta\u00efne, Huile d\u2019\u00e9glantier, Octopirox, L\u00e9cithine, Tocoph\u00e9rol, Ubiquinone, Ascorbyl Tetraisopalmitate<\/p>\n","protected":false},"excerpt":{"rendered":"<p>Gel-fluide professionnel hydratant antibact\u00e9rien pour peaux grasses et \u00e0 probl\u00e8mes Gel-fluide antibact\u00e9rien professionnel \u00e0 la texture hydrogel l\u00e9g\u00e8re et non com\u00e9dog\u00e8ne, con\u00e7u pour hydrater et prendre soin des peaux grasses et \u00e0 probl\u00e8mes. Sa formule aide \u00e0 maintenir un niveau optimal d\u2019hydratation tout en r\u00e9gulant la production de s\u00e9bum, sans alourdir la peau ni obstruer [&hellip;]<\/p>\n","protected":false},"featured_media":7957,"comment_status":"open","ping_status":"closed","template":"","meta":[],"product_brand":[58],"product_cat":[125],"product_tag":[],"class_list":{"0":"post-7956","1":"product","2":"type-product","3":"status-publish","4":"has-post-thumbnail","6":"product_brand-inula-line","7":"product_cat-gamme-de-soins-inula-line-pour-peaux-grasses-et-a-problemes","9":"first","10":"instock","11":"shipping-taxable","12":"purchasable","13":"product-type-simple"},"aioseo_notices":[],"_links":{"self":[{"href":"https:\/\/pelartlabbenelux.com\/fr\/wp-json\/wp\/v2\/product\/7956","targetHints":{"allow":["GET"]}}],"collection":[{"href":"https:\/\/pelartlabbenelux.com\/fr\/wp-json\/wp\/v2\/product"}],"about":[{"href":"https:\/\/pelartlabbenelux.com\/fr\/wp-json\/wp\/v2\/types\/product"}],"replies":[{"embeddable":true,"href":"https:\/\/pelartlabbenelux.com\/fr\/wp-json\/wp\/v2\/comments?post=7956"}],"version-history":[{"count":2,"href":"https:\/\/pelartlabbenelux.com\/fr\/wp-json\/wp\/v2\/product\/7956\/revisions"}],"predecessor-version":[{"id":8212,"href":"https:\/\/pelartlabbenelux.com\/fr\/wp-json\/wp\/v2\/product\/7956\/revisions\/8212"}],"wp:featuredmedia":[{"embeddable":true,"href":"https:\/\/pelartlabbenelux.com\/fr\/wp-json\/wp\/v2\/media\/7957"}],"wp:attachment":[{"href":"https:\/\/pelartlabbenelux.com\/fr\/wp-json\/wp\/v2\/media?parent=7956"}],"wp:term":[{"taxonomy":"product_brand","embeddable":true,"href":"https:\/\/pelartlabbenelux.com\/fr\/wp-json\/wp\/v2\/product_brand?post=7956"},{"taxonomy":"product_cat","embeddable":true,"href":"https:\/\/pelartlabbenelux.com\/fr\/wp-json\/wp\/v2\/product_cat?post=7956"},{"taxonomy":"product_tag","embeddable":true,"href":"https:\/\/pelartlabbenelux.com\/fr\/wp-json\/wp\/v2\/product_tag?post=7956"}],"curies":[{"name":"wp","href":"https:\/\/api.w.org\/{rel}","templated":true}]}}