{"id":7954,"date":"2026-01-28T16:07:20","date_gmt":"2026-01-28T16:07:20","guid":{"rendered":"https:\/\/pelartlabbenelux.com\/product\/antiseptic-spot-treatment-for-oily-and-problematic-skin-pelart-laboratory-30-ml\/"},"modified":"2026-02-05T00:17:14","modified_gmt":"2026-02-05T00:17:14","slug":"antiseptic-spot-treatment-for-oily-and-problematic-skin-pelart-laboratory-30-ml","status":"publish","type":"product","link":"https:\/\/pelartlabbenelux.com\/fr\/produit\/antiseptic-spot-treatment-for-oily-and-problematic-skin-pelart-laboratory-30-ml\/","title":{"rendered":"Traitement antiseptique local pour peaux grasses et \u00e0 probl\u00e8mes Pelart Laboratory, 30 ml"},"content":{"rendered":"<p>Traitement professionnel antiseptique local pour peaux grasses et \u00e0 probl\u00e8mes<\/p>\n<p>Soin antiseptique professionnel destin\u00e9 \u00e0 une application cibl\u00e9e sur les peaux grasses et \u00e0 probl\u00e8mes sujettes aux l\u00e9sions inflammatoires et pustuleuses. Sa formule poss\u00e8de des propri\u00e9t\u00e9s anti-inflammatoires prononc\u00e9es, cr\u00e9e une barri\u00e8re antiseptique protectrice et aide \u00e0 r\u00e9duire les irritations cutan\u00e9es.<\/p>\n<p>Le produit absorbe efficacement l\u2019exc\u00e8s de s\u00e9bum, r\u00e9gule l\u2019activit\u00e9 des glandes s\u00e9bac\u00e9es et exerce une action ass\u00e9chante contr\u00f4l\u00e9e sans dess\u00e9cher excessivement la peau. Ses propri\u00e9t\u00e9s antibact\u00e9riennes et astringentes contribuent \u00e0 pr\u00e9venir l\u2019apparition de l\u00e9sions pustuleuses et l\u2019obstruction des canaux s\u00e9bac\u00e9s, assurant une protection tout au long de la journ\u00e9e.<\/p>\n<p>Convient \u00e0 une application locale sur les zones sujettes \u00e0 l\u2019acn\u00e9.<\/p>\n<p><strong>B\u00e9n\u00e9fices cl\u00e9s :<\/strong><\/p>\n<p>\u2022 Action antiseptique et anti-inflammatoire<br \/>\n\u2022 Absorption et r\u00e9gulation du s\u00e9bum<br \/>\n\u2022 Ass\u00e8che les \u00e9l\u00e9ments inflammatoires<br \/>\n\u2022 Pr\u00e9vention des l\u00e9sions pustuleuses<br \/>\n\u2022 Protection cutan\u00e9e tout au long de la journ\u00e9e<\/p>\n<p><strong>Mode d\u2019utilisation :<\/strong><\/p>\n<p>Appliquer localement sur les zones affect\u00e9es par l\u2019acn\u00e9.<\/p>\n<p><strong>Ingr\u00e9dients :<\/strong><\/p>\n<p>Aqua (Water), Oxyde de zinc, Acide salicylique, Camphre, Alcool<\/p>\n","protected":false},"excerpt":{"rendered":"<p>Traitement professionnel antiseptique local pour peaux grasses et \u00e0 probl\u00e8mes Soin antiseptique professionnel destin\u00e9 \u00e0 une application cibl\u00e9e sur les peaux grasses et \u00e0 probl\u00e8mes sujettes aux l\u00e9sions inflammatoires et pustuleuses. Sa formule poss\u00e8de des propri\u00e9t\u00e9s anti-inflammatoires prononc\u00e9es, cr\u00e9e une barri\u00e8re antiseptique protectrice et aide \u00e0 r\u00e9duire les irritations cutan\u00e9es. Le produit absorbe efficacement l\u2019exc\u00e8s [&hellip;]<\/p>\n","protected":false},"featured_media":7955,"comment_status":"open","ping_status":"closed","template":"","meta":[],"product_brand":[58],"product_cat":[125],"product_tag":[],"class_list":{"0":"post-7954","1":"product","2":"type-product","3":"status-publish","4":"has-post-thumbnail","6":"product_brand-inula-line","7":"product_cat-gamme-de-soins-inula-line-pour-peaux-grasses-et-a-problemes","9":"first","10":"instock","11":"shipping-taxable","12":"purchasable","13":"product-type-simple"},"aioseo_notices":[],"_links":{"self":[{"href":"https:\/\/pelartlabbenelux.com\/fr\/wp-json\/wp\/v2\/product\/7954","targetHints":{"allow":["GET"]}}],"collection":[{"href":"https:\/\/pelartlabbenelux.com\/fr\/wp-json\/wp\/v2\/product"}],"about":[{"href":"https:\/\/pelartlabbenelux.com\/fr\/wp-json\/wp\/v2\/types\/product"}],"replies":[{"embeddable":true,"href":"https:\/\/pelartlabbenelux.com\/fr\/wp-json\/wp\/v2\/comments?post=7954"}],"version-history":[{"count":2,"href":"https:\/\/pelartlabbenelux.com\/fr\/wp-json\/wp\/v2\/product\/7954\/revisions"}],"predecessor-version":[{"id":8214,"href":"https:\/\/pelartlabbenelux.com\/fr\/wp-json\/wp\/v2\/product\/7954\/revisions\/8214"}],"wp:featuredmedia":[{"embeddable":true,"href":"https:\/\/pelartlabbenelux.com\/fr\/wp-json\/wp\/v2\/media\/7955"}],"wp:attachment":[{"href":"https:\/\/pelartlabbenelux.com\/fr\/wp-json\/wp\/v2\/media?parent=7954"}],"wp:term":[{"taxonomy":"product_brand","embeddable":true,"href":"https:\/\/pelartlabbenelux.com\/fr\/wp-json\/wp\/v2\/product_brand?post=7954"},{"taxonomy":"product_cat","embeddable":true,"href":"https:\/\/pelartlabbenelux.com\/fr\/wp-json\/wp\/v2\/product_cat?post=7954"},{"taxonomy":"product_tag","embeddable":true,"href":"https:\/\/pelartlabbenelux.com\/fr\/wp-json\/wp\/v2\/product_tag?post=7954"}],"curies":[{"name":"wp","href":"https:\/\/api.w.org\/{rel}","templated":true}]}}