{"id":7952,"date":"2026-01-28T16:07:20","date_gmt":"2026-01-28T16:07:20","guid":{"rendered":"https:\/\/pelartlabbenelux.com\/product\/barraskilo-night-cream-with-azelaic-ccid-and-snail-mucin-for-oily-and-problematic-skin-pelart-laboratory-50-ml\/"},"modified":"2026-02-05T00:18:10","modified_gmt":"2026-02-05T00:18:10","slug":"barraskilo-night-cream-with-azelaic-ccid-and-snail-mucin-for-oily-and-problematic-skin-pelart-laboratory-50-ml","status":"publish","type":"product","link":"https:\/\/pelartlabbenelux.com\/fr\/produit\/barraskilo-night-cream-with-azelaic-ccid-and-snail-mucin-for-oily-and-problematic-skin-pelart-laboratory-50-ml\/","title":{"rendered":"Cr\u00e8me de nuit BARRASKILO \u00e0 l\u2019acide az\u00e9la\u00efque et \u00e0 la mucine d\u2019escargot pour peaux grasses et \u00e0 probl\u00e8mes Pelart Laboratory, 50 ml"},"content":{"rendered":"<p>Cr\u00e8me de nuit professionnelle BARRASKILO \u00e0 l\u2019acide az\u00e9la\u00efque et \u00e0 la mucine d\u2019escargot pour peaux grasses et \u00e0 probl\u00e8mes<\/p>\n<p>Cr\u00e8me de nuit professionnelle con\u00e7ue pour cibler les principaux m\u00e9canismes de la pathogen\u00e8se de l\u2019acn\u00e9 et soutenir la r\u00e9g\u00e9n\u00e9ration cutan\u00e9e pendant la nuit. Sa formule, \u00e0 base d\u2019acide az\u00e9la\u00efque et d\u2019acide kojique, offre une action anti-acn\u00e9 marqu\u00e9e, aide \u00e0 \u00e9claircir la pigmentation post-inflammatoire et \u00e0 unifier le teint.<\/p>\n<p>La cr\u00e8me poss\u00e8de des propri\u00e9t\u00e9s k\u00e9ratolytiques, antimicrobiennes et antivirales, acc\u00e9l\u00e8re le renouvellement de l\u2019\u00e9piderme, r\u00e9duit l\u2019hyperk\u00e9ratose et am\u00e9liore l\u2019\u00e9tat g\u00e9n\u00e9ral de la peau, la laissant plus lisse, lumineuse et d\u2019apparence saine.<\/p>\n<p>La mucine d\u2019escargot \u2014 un biocomplexe hautement actif contenant des enzymes, du cuivre, du zinc, du fer, de l\u2019acide glycolique, des vitamines A, C et E, des prot\u00e9ines, du collag\u00e8ne et de l\u2019\u00e9lastine \u2014 agit efficacement sur un large \u00e9ventail de probl\u00e9matiques cutan\u00e9es, notamment les inflammations, l\u2019acn\u00e9, la pigmentation, les rides, les gonflements et les signes de photo-vieillissement, tout en favorisant la restauration et le renforcement de la barri\u00e8re cutan\u00e9e.<\/p>\n<p><strong>B\u00e9n\u00e9fices cl\u00e9s :<\/strong><\/p>\n<p>\u2022 Action anti-inflammatoire et anti-acn\u00e9<br \/>\n\u2022 \u00c9claircit les marques post-acn\u00e9 et la pigmentation<br \/>\n\u2022 Effet k\u00e9ratolytique et antimicrobien<br \/>\n\u2022 Acc\u00e9l\u00e8re la r\u00e9g\u00e9n\u00e9ration cutan\u00e9e<br \/>\n\u2022 Am\u00e9liore la texture, l\u2019uniformit\u00e9 et l\u2019\u00e9clat de la peau<\/p>\n<p><strong>Mode d\u2019utilisation :<\/strong><\/p>\n<p>Appliquer le soir sur le visage, le cou et le d\u00e9collet\u00e9 apr\u00e8s le nettoyage et la tonification.<\/p>\n<p><strong>Ingr\u00e9dients :<\/strong><\/p>\n<p>Aqua (Water), Acide az\u00e9la\u00efque, Sodium salicylate, Niacinamide, Extrait de levure, Extrait de graines de marronnier d\u2019Inde, Extrait de tea tree, Ammonium glycyrrhizate, Panth\u00e9nol, Propylene glycol, Zinc gluconate, Caf\u00e9ine, Biotine, Isopentyldiol, Glyc\u00e9rine, Squalane, Mucine d\u2019escargot, Mannitol, Sodium citrate, Acetyl tetrapeptide-15, Bisabolol, Acide kojique, Sodium hyaluronate, Huiles essentielles : Romarin, G\u00e9ranium<\/p>\n","protected":false},"excerpt":{"rendered":"<p>Cr\u00e8me de nuit professionnelle BARRASKILO \u00e0 l\u2019acide az\u00e9la\u00efque et \u00e0 la mucine d\u2019escargot pour peaux grasses et \u00e0 probl\u00e8mes Cr\u00e8me de nuit professionnelle con\u00e7ue pour cibler les principaux m\u00e9canismes de la pathogen\u00e8se de l\u2019acn\u00e9 et soutenir la r\u00e9g\u00e9n\u00e9ration cutan\u00e9e pendant la nuit. Sa formule, \u00e0 base d\u2019acide az\u00e9la\u00efque et d\u2019acide kojique, offre une action anti-acn\u00e9 [&hellip;]<\/p>\n","protected":false},"featured_media":7953,"comment_status":"open","ping_status":"closed","template":"","meta":[],"product_brand":[58],"product_cat":[125],"product_tag":[],"class_list":{"0":"post-7952","1":"product","2":"type-product","3":"status-publish","4":"has-post-thumbnail","6":"product_brand-inula-line","7":"product_cat-gamme-de-soins-inula-line-pour-peaux-grasses-et-a-problemes","9":"first","10":"instock","11":"shipping-taxable","12":"purchasable","13":"product-type-simple"},"aioseo_notices":[],"_links":{"self":[{"href":"https:\/\/pelartlabbenelux.com\/fr\/wp-json\/wp\/v2\/product\/7952","targetHints":{"allow":["GET"]}}],"collection":[{"href":"https:\/\/pelartlabbenelux.com\/fr\/wp-json\/wp\/v2\/product"}],"about":[{"href":"https:\/\/pelartlabbenelux.com\/fr\/wp-json\/wp\/v2\/types\/product"}],"replies":[{"embeddable":true,"href":"https:\/\/pelartlabbenelux.com\/fr\/wp-json\/wp\/v2\/comments?post=7952"}],"version-history":[{"count":2,"href":"https:\/\/pelartlabbenelux.com\/fr\/wp-json\/wp\/v2\/product\/7952\/revisions"}],"predecessor-version":[{"id":8216,"href":"https:\/\/pelartlabbenelux.com\/fr\/wp-json\/wp\/v2\/product\/7952\/revisions\/8216"}],"wp:featuredmedia":[{"embeddable":true,"href":"https:\/\/pelartlabbenelux.com\/fr\/wp-json\/wp\/v2\/media\/7953"}],"wp:attachment":[{"href":"https:\/\/pelartlabbenelux.com\/fr\/wp-json\/wp\/v2\/media?parent=7952"}],"wp:term":[{"taxonomy":"product_brand","embeddable":true,"href":"https:\/\/pelartlabbenelux.com\/fr\/wp-json\/wp\/v2\/product_brand?post=7952"},{"taxonomy":"product_cat","embeddable":true,"href":"https:\/\/pelartlabbenelux.com\/fr\/wp-json\/wp\/v2\/product_cat?post=7952"},{"taxonomy":"product_tag","embeddable":true,"href":"https:\/\/pelartlabbenelux.com\/fr\/wp-json\/wp\/v2\/product_tag?post=7952"}],"curies":[{"name":"wp","href":"https:\/\/api.w.org\/{rel}","templated":true}]}}