{"id":7950,"date":"2026-01-28T16:07:20","date_gmt":"2026-01-28T16:07:20","guid":{"rendered":"https:\/\/pelartlabbenelux.com\/product\/anti-acne-booster-with-acid-complex-for-oily-and-problematic-skin-pelart-laboratory-30-ml\/"},"modified":"2026-02-05T00:19:18","modified_gmt":"2026-02-05T00:19:18","slug":"anti-acne-booster-with-acid-complex-for-oily-and-problematic-skin-pelart-laboratory-30-ml","status":"publish","type":"product","link":"https:\/\/pelartlabbenelux.com\/fr\/produit\/anti-acne-booster-with-acid-complex-for-oily-and-problematic-skin-pelart-laboratory-30-ml\/","title":{"rendered":"Booster anti-acn\u00e9 avec complexe d\u2019acides pour peaux grasses et \u00e0 probl\u00e8mes Pelart Laboratory, 30 ml"},"content":{"rendered":"<p>Booster professionnel destin\u00e9 au soin complet des peaux grasses et \u00e0 probl\u00e8mes sujettes aux inflammations et \u00e0 l\u2019acn\u00e9. Sa formule offre une action antiseptique et anti-inflammatoire prononc\u00e9e, aide \u00e0 normaliser l\u2019activit\u00e9 des glandes s\u00e9bac\u00e9es et am\u00e9liore l\u2019\u00e9tat de la peau lors d\u2019une utilisation r\u00e9guli\u00e8re.<\/p>\n<p>Le complexe d\u2019acides actifs (acides lactique, glycolique, salicylique et az\u00e9la\u00efque) exfolie d\u00e9licatement les cellules mortes, renouvelle la surface cutan\u00e9e et nettoie les pores du s\u00e9bum et des impuret\u00e9s, renfor\u00e7ant l\u2019efficacit\u00e9 des soins anti-acn\u00e9 et pr\u00e9venant la formation de nouveaux \u00e9l\u00e9ments inflammatoires.<\/p>\n<p>La niacinamide renforce la barri\u00e8re cutan\u00e9e, r\u00e9gule la production de s\u00e9bum et r\u00e9duit les rougeurs visibles. Le complexe hydratant \u00e0 base d\u2019acide hyaluronique, d\u2019acides amin\u00e9s et de prot\u00e9oglycanes maintient un niveau d\u2019hydratation optimal, pr\u00e9venant la s\u00e9cheresse et l\u2019inconfort. Les extraits d\u2019hamam\u00e9lis, d\u2019aloe et de romarin procurent des effets apaisants et r\u00e9parateurs.<\/p>\n<p>Compatible avec les autres produits Pelart Laboratory, ce booster s\u2019int\u00e8gre facilement dans les routines de soins professionnelles et \u00e0 domicile.<\/p>\n<p><strong>B\u00e9n\u00e9fices cl\u00e9s :<\/strong><\/p>\n<p>\u2022 Action antiseptique et anti-inflammatoire<br \/>\n\u2022 R\u00e9gulation du s\u00e9bum et nettoyage des pores<br \/>\n\u2022 Renouvellement cutan\u00e9 doux \u00e0 base d\u2019acides<br \/>\n\u2022 Renforce l\u2019efficacit\u00e9 des soins anti-acn\u00e9<br \/>\n\u2022 Unifie la texture et le teint de la peau<\/p>\n<p><strong>Mode d\u2019utilisation :<\/strong><\/p>\n<p>Utiliser matin et soir. Appliquer \u00e0 l\u2019\u00e9tape du s\u00e9rum ou ajouter quelques gouttes \u00e0 une cr\u00e8me. Convient \u00e0 une utilisation en association avec tous les produits Pelart Laboratory.<\/p>\n<p><strong>Ingr\u00e9dients :<\/strong><\/p>\n<p>Aqua (Water), Nicotinamide, Acides lactique, glycolique, salicylique et az\u00e9la\u00efque, Acetate de tocoph\u00e9rol, Isopentyldiol, Sodium hyaluronate, Extraits : Hamam\u00e9lis, Aloe, Romarin, Caf\u00e9ine, Trimethylglycine, Sodium DL-pyrrolidonecarboxylate, Sorbitol, L-s\u00e9rine, Acide L-glutamique, L-lysine, Propyl-p-hydroxybenzoate, Prot\u00e9oglycanes, Extrait hydrog\u00e9n\u00e9 d\u2019hibiscus, Dextrine, Octopirox, Cellules souches de pomme, Gomme xanthane, Glyc\u00e9rine, L\u00e9cithine, Phenoxyethanol, Huile essentielle de g\u00e9ranium<\/p>\n","protected":false},"excerpt":{"rendered":"<p>Booster professionnel destin\u00e9 au soin complet des peaux grasses et \u00e0 probl\u00e8mes sujettes aux inflammations et \u00e0 l\u2019acn\u00e9. Sa formule offre une action antiseptique et anti-inflammatoire prononc\u00e9e, aide \u00e0 normaliser l\u2019activit\u00e9 des glandes s\u00e9bac\u00e9es et am\u00e9liore l\u2019\u00e9tat de la peau lors d\u2019une utilisation r\u00e9guli\u00e8re. Le complexe d\u2019acides actifs (acides lactique, glycolique, salicylique et az\u00e9la\u00efque) exfolie [&hellip;]<\/p>\n","protected":false},"featured_media":7951,"comment_status":"open","ping_status":"closed","template":"","meta":[],"product_brand":[58],"product_cat":[125],"product_tag":[],"class_list":{"0":"post-7950","1":"product","2":"type-product","3":"status-publish","4":"has-post-thumbnail","6":"product_brand-inula-line","7":"product_cat-gamme-de-soins-inula-line-pour-peaux-grasses-et-a-problemes","9":"first","10":"instock","11":"shipping-taxable","12":"purchasable","13":"product-type-simple"},"aioseo_notices":[],"_links":{"self":[{"href":"https:\/\/pelartlabbenelux.com\/fr\/wp-json\/wp\/v2\/product\/7950","targetHints":{"allow":["GET"]}}],"collection":[{"href":"https:\/\/pelartlabbenelux.com\/fr\/wp-json\/wp\/v2\/product"}],"about":[{"href":"https:\/\/pelartlabbenelux.com\/fr\/wp-json\/wp\/v2\/types\/product"}],"replies":[{"embeddable":true,"href":"https:\/\/pelartlabbenelux.com\/fr\/wp-json\/wp\/v2\/comments?post=7950"}],"version-history":[{"count":2,"href":"https:\/\/pelartlabbenelux.com\/fr\/wp-json\/wp\/v2\/product\/7950\/revisions"}],"predecessor-version":[{"id":8218,"href":"https:\/\/pelartlabbenelux.com\/fr\/wp-json\/wp\/v2\/product\/7950\/revisions\/8218"}],"wp:featuredmedia":[{"embeddable":true,"href":"https:\/\/pelartlabbenelux.com\/fr\/wp-json\/wp\/v2\/media\/7951"}],"wp:attachment":[{"href":"https:\/\/pelartlabbenelux.com\/fr\/wp-json\/wp\/v2\/media?parent=7950"}],"wp:term":[{"taxonomy":"product_brand","embeddable":true,"href":"https:\/\/pelartlabbenelux.com\/fr\/wp-json\/wp\/v2\/product_brand?post=7950"},{"taxonomy":"product_cat","embeddable":true,"href":"https:\/\/pelartlabbenelux.com\/fr\/wp-json\/wp\/v2\/product_cat?post=7950"},{"taxonomy":"product_tag","embeddable":true,"href":"https:\/\/pelartlabbenelux.com\/fr\/wp-json\/wp\/v2\/product_tag?post=7950"}],"curies":[{"name":"wp","href":"https:\/\/api.w.org\/{rel}","templated":true}]}}