{"id":7948,"date":"2026-01-28T16:07:19","date_gmt":"2026-01-28T16:07:19","guid":{"rendered":"https:\/\/pelartlabbenelux.com\/product\/pelart-laboratory-cleansing-gel-for-oily-and-problematic-skin-750-ml\/"},"modified":"2026-02-04T16:56:18","modified_gmt":"2026-02-04T16:56:18","slug":"pelart-laboratory-cleansing-gel-for-oily-and-problematic-skin-750-ml","status":"publish","type":"product","link":"https:\/\/pelartlabbenelux.com\/fr\/produit\/pelart-laboratory-cleansing-gel-for-oily-and-problematic-skin-750-ml\/","title":{"rendered":"Gel nettoyant Pelart Laboratory pour peaux grasses et \u00e0 probl\u00e8mes, 750 ml"},"content":{"rendered":"<p>Gel nettoyant doux \u00e0 base d&rsquo;extraits naturels de plantes, con\u00e7u pour nettoyer en douceur les peaux grasses et \u00e0 probl\u00e8mes. Sa formule offre un effet th\u00e9rapeutique et \u00e9limine efficacement les impuret\u00e9s sans perturber l&rsquo;\u00e9quilibre hydrolipidique de la peau.<\/p>\n<p>Le gel d\u00e9sinfecte la peau, poss\u00e8de des propri\u00e9t\u00e9s bact\u00e9ricides et aide \u00e0 renforcer les m\u00e9canismes de protection naturels de l&rsquo;\u00e9piderme. Il nettoie et tonifie efficacement la peau, r\u00e9gule l&rsquo;activit\u00e9 des glandes s\u00e9bac\u00e9es et r\u00e9duit l&rsquo;apparence de la s\u00e9borrh\u00e9e. Le complexe d&rsquo;acides AHA stimule le renouvellement \u00e9pidermique, am\u00e9liore la texture de la peau et la rend plus douce et plus \u00e9lastique.<\/p>\n<p>Convient \u00e0 une utilisation r\u00e9guli\u00e8re dans le cadre de protocoles de soins professionnels ainsi qu&rsquo;\u00e0 une utilisation \u00e0 domicile sur recommandation d&rsquo;un sp\u00e9cialiste.<\/p>\n<p><strong>Effets cl\u00e9s :<\/strong><br \/>\n\u2022 nettoyage doux sans perturber l&rsquo;\u00e9quilibre hydrolipidique<br \/>\n\u2022 action antiseptique et bact\u00e9ricide<br \/>\n\u2022 r\u00e9gulation de l&rsquo;activit\u00e9 des glandes s\u00e9bac\u00e9es<br \/>\n\u2022 tonification et renouvellement de la peau<\/p>\n<p><strong>Mode d&#8217;emploi :<\/strong><br \/>\nConvient \u00e0 une utilisation quotidienne, matin et soir. Faites mousser une petite quantit\u00e9 de gel dans la paume de vos mains, appliquez sur la peau humide en \u00e9vitant le contour des yeux, rincez \u00e0 l&rsquo;eau et terminez la routine en appliquant un tonique.<\/p>\n<p><strong>Ingr\u00e9dients :<\/strong><br \/>\nAqua (eau), b\u00e9ta\u00efne, extraits : ergot, ch\u00e9lidoine, sauge, soja, calendula, bardane, bourgeons de bouleau, carboxym\u00e9thylcellulose,<br \/>\nacides glycolique, lactique, citrique, az\u00e9la\u00efque, salicylique, tartrique, eau de menthe, camphre, huiles essentielles : eucalyptus, menthe,<br \/>\ng\u00e9ranium, ac\u00e9tate de tocoph\u00e9rol.<\/p>\n","protected":false},"excerpt":{"rendered":"<p>Gel nettoyant doux \u00e0 base d&rsquo;extraits naturels de plantes, con\u00e7u pour nettoyer en douceur les peaux grasses et \u00e0 probl\u00e8mes. Sa formule offre un effet th\u00e9rapeutique et \u00e9limine efficacement les impuret\u00e9s sans perturber l&rsquo;\u00e9quilibre hydrolipidique de la peau. Le gel d\u00e9sinfecte la peau, poss\u00e8de des propri\u00e9t\u00e9s bact\u00e9ricides et aide \u00e0 renforcer les m\u00e9canismes de protection [&hellip;]<\/p>\n","protected":false},"featured_media":7949,"comment_status":"open","ping_status":"closed","template":"","meta":[],"product_brand":[58],"product_cat":[125],"product_tag":[],"class_list":{"0":"post-7948","1":"product","2":"type-product","3":"status-publish","4":"has-post-thumbnail","6":"product_brand-inula-line","7":"product_cat-gamme-de-soins-inula-line-pour-peaux-grasses-et-a-problemes","9":"first","10":"instock","11":"shipping-taxable","12":"purchasable","13":"product-type-simple"},"aioseo_notices":[],"_links":{"self":[{"href":"https:\/\/pelartlabbenelux.com\/fr\/wp-json\/wp\/v2\/product\/7948","targetHints":{"allow":["GET"]}}],"collection":[{"href":"https:\/\/pelartlabbenelux.com\/fr\/wp-json\/wp\/v2\/product"}],"about":[{"href":"https:\/\/pelartlabbenelux.com\/fr\/wp-json\/wp\/v2\/types\/product"}],"replies":[{"embeddable":true,"href":"https:\/\/pelartlabbenelux.com\/fr\/wp-json\/wp\/v2\/comments?post=7948"}],"version-history":[{"count":1,"href":"https:\/\/pelartlabbenelux.com\/fr\/wp-json\/wp\/v2\/product\/7948\/revisions"}],"predecessor-version":[{"id":7983,"href":"https:\/\/pelartlabbenelux.com\/fr\/wp-json\/wp\/v2\/product\/7948\/revisions\/7983"}],"wp:featuredmedia":[{"embeddable":true,"href":"https:\/\/pelartlabbenelux.com\/fr\/wp-json\/wp\/v2\/media\/7949"}],"wp:attachment":[{"href":"https:\/\/pelartlabbenelux.com\/fr\/wp-json\/wp\/v2\/media?parent=7948"}],"wp:term":[{"taxonomy":"product_brand","embeddable":true,"href":"https:\/\/pelartlabbenelux.com\/fr\/wp-json\/wp\/v2\/product_brand?post=7948"},{"taxonomy":"product_cat","embeddable":true,"href":"https:\/\/pelartlabbenelux.com\/fr\/wp-json\/wp\/v2\/product_cat?post=7948"},{"taxonomy":"product_tag","embeddable":true,"href":"https:\/\/pelartlabbenelux.com\/fr\/wp-json\/wp\/v2\/product_tag?post=7948"}],"curies":[{"name":"wp","href":"https:\/\/api.w.org\/{rel}","templated":true}]}}