{"id":7946,"date":"2026-01-28T16:07:19","date_gmt":"2026-01-28T16:07:19","guid":{"rendered":"https:\/\/pelartlabbenelux.com\/product\/cleansing-gel-for-oily-and-problematic-skin-pelart-laboratory-250-ml\/"},"modified":"2026-02-04T16:56:52","modified_gmt":"2026-02-04T16:56:52","slug":"cleansing-gel-for-oily-and-problematic-skin-pelart-laboratory-250-ml","status":"publish","type":"product","link":"https:\/\/pelartlabbenelux.com\/fr\/produit\/cleansing-gel-for-oily-and-problematic-skin-pelart-laboratory-250-ml\/","title":{"rendered":"Gel nettoyant pour peaux grasses et \u00e0 probl\u00e8mes Laboratoire Pelart 250 ml"},"content":{"rendered":"<p>Gel nettoyant doux \u00e0 base d&rsquo;extraits naturels de plantes, con\u00e7u pour le nettoyage d\u00e9licat des peaux grasses et \u00e0 probl\u00e8mes. Sa formule offre des effets th\u00e9rapeutiques et \u00e9limine efficacement les impuret\u00e9s sans perturber l&rsquo;\u00e9quilibre hydrolipidique de la peau.<\/p>\n<p>Le gel d\u00e9sinfecte la peau, poss\u00e8de des propri\u00e9t\u00e9s bact\u00e9ricides et aide \u00e0 renforcer les m\u00e9canismes de protection naturels de la peau. Il nettoie et tonifie efficacement la peau, r\u00e9gule la production de s\u00e9bum et r\u00e9duit les signes de s\u00e9borrh\u00e9e. Le complexe d&rsquo;acides AHA stimule le renouvellement \u00e9pidermique, am\u00e9liore la texture de la peau, la rendant plus douce et plus \u00e9lastique.<\/p>\n<p>Convient \u00e0 une utilisation r\u00e9guli\u00e8re dans le cadre de protocoles de soins professionnels et \u00e0 domicile, selon les recommandations d&rsquo;un sp\u00e9cialiste.<\/p>\n<p><strong>Effets cl\u00e9s :<\/strong><br \/>\n\u2022 nettoyage doux sans perturber l&rsquo;\u00e9quilibre hydrolipidique de la peau<br \/>\n\u2022 action antiseptique et bact\u00e9ricide<br \/>\n\u2022 r\u00e9gulation de la production de s\u00e9bum<br \/>\n\u2022 tonification et renouvellement de la peau<\/p>\n<p><strong>Mode d&#8217;emploi :<\/strong><br \/>\nConvient \u00e0 une utilisation quotidienne matin et soir. Faites mousser une petite quantit\u00e9 de gel dans la paume de vos mains, appliquez sur la peau humide en \u00e9vitant le contour des yeux, rincez \u00e0 l&rsquo;eau et terminez votre routine avec un tonique.<\/p>\n<p><strong>Ingr\u00e9dients :<\/strong><br \/>\nAqua (eau), b\u00e9ta\u00efne, extraits : ergot, ch\u00e9lidoine, sauge, soja, calendula, bardane, bourgeons de bouleau, carboxym\u00e9thylcellulose, acides glycolique, lactique, citrique, az\u00e9la\u00efque, salicylique, tartrique, eau de menthe, camphre, huiles essentielles : eucalyptus, menthe, g\u00e9ranium, ac\u00e9tate de tocoph\u00e9rol.<\/p>\n","protected":false},"excerpt":{"rendered":"<p>Gel nettoyant doux \u00e0 base d&rsquo;extraits naturels de plantes, con\u00e7u pour le nettoyage d\u00e9licat des peaux grasses et \u00e0 probl\u00e8mes. Sa formule offre des effets th\u00e9rapeutiques et \u00e9limine efficacement les impuret\u00e9s sans perturber l&rsquo;\u00e9quilibre hydrolipidique de la peau. Le gel d\u00e9sinfecte la peau, poss\u00e8de des propri\u00e9t\u00e9s bact\u00e9ricides et aide \u00e0 renforcer les m\u00e9canismes de protection [&hellip;]<\/p>\n","protected":false},"featured_media":7947,"comment_status":"open","ping_status":"closed","template":"","meta":[],"product_brand":[58],"product_cat":[125],"product_tag":[],"class_list":{"0":"post-7946","1":"product","2":"type-product","3":"status-publish","4":"has-post-thumbnail","6":"product_brand-inula-line","7":"product_cat-gamme-de-soins-inula-line-pour-peaux-grasses-et-a-problemes","9":"first","10":"instock","11":"shipping-taxable","12":"purchasable","13":"product-type-simple"},"aioseo_notices":[],"_links":{"self":[{"href":"https:\/\/pelartlabbenelux.com\/fr\/wp-json\/wp\/v2\/product\/7946","targetHints":{"allow":["GET"]}}],"collection":[{"href":"https:\/\/pelartlabbenelux.com\/fr\/wp-json\/wp\/v2\/product"}],"about":[{"href":"https:\/\/pelartlabbenelux.com\/fr\/wp-json\/wp\/v2\/types\/product"}],"replies":[{"embeddable":true,"href":"https:\/\/pelartlabbenelux.com\/fr\/wp-json\/wp\/v2\/comments?post=7946"}],"version-history":[{"count":2,"href":"https:\/\/pelartlabbenelux.com\/fr\/wp-json\/wp\/v2\/product\/7946\/revisions"}],"predecessor-version":[{"id":7984,"href":"https:\/\/pelartlabbenelux.com\/fr\/wp-json\/wp\/v2\/product\/7946\/revisions\/7984"}],"wp:featuredmedia":[{"embeddable":true,"href":"https:\/\/pelartlabbenelux.com\/fr\/wp-json\/wp\/v2\/media\/7947"}],"wp:attachment":[{"href":"https:\/\/pelartlabbenelux.com\/fr\/wp-json\/wp\/v2\/media?parent=7946"}],"wp:term":[{"taxonomy":"product_brand","embeddable":true,"href":"https:\/\/pelartlabbenelux.com\/fr\/wp-json\/wp\/v2\/product_brand?post=7946"},{"taxonomy":"product_cat","embeddable":true,"href":"https:\/\/pelartlabbenelux.com\/fr\/wp-json\/wp\/v2\/product_cat?post=7946"},{"taxonomy":"product_tag","embeddable":true,"href":"https:\/\/pelartlabbenelux.com\/fr\/wp-json\/wp\/v2\/product_tag?post=7946"}],"curies":[{"name":"wp","href":"https:\/\/api.w.org\/{rel}","templated":true}]}}