{"id":7944,"date":"2026-01-28T16:07:20","date_gmt":"2026-01-28T16:07:20","guid":{"rendered":"https:\/\/pelartlabbenelux.com\/product\/localized-acne-treatment-ampoule-pelart-laboratory-2-ml\/"},"modified":"2026-02-04T17:03:50","modified_gmt":"2026-02-04T17:03:50","slug":"localized-acne-treatment-ampoule-pelart-laboratory-2-ml","status":"publish","type":"product","link":"https:\/\/pelartlabbenelux.com\/fr\/produit\/localized-acne-treatment-ampoule-pelart-laboratory-2-ml\/","title":{"rendered":"Ampoule de traitement localis\u00e9 contre l&rsquo;acn\u00e9 Pelart Laboratory, 2 ml"},"content":{"rendered":"<p>Une ampoule professionnelle \u00e0 action localis\u00e9e con\u00e7ue pour pr\u00e9venir et corriger les \u00e9l\u00e9ments inflammatoires des peaux grasses et \u00e0 probl\u00e8mes. La formule est d\u00e9velopp\u00e9e pour une application cibl\u00e9e et vise \u00e0 r\u00e9duire la gravit\u00e9 de l&rsquo;acn\u00e9 tout en pr\u00e9venant le d\u00e9veloppement de processus inflammatoires.<\/p>\n<p>Le peroxyde de benzoyle a des effets k\u00e9ratolytiques et oxydants, et pr\u00e9sente une activit\u00e9 bact\u00e9ricide prononc\u00e9e contre Propionibacterium acnes. Les composants s\u00e9bostatiques aident \u00e0 r\u00e9duire la production excessive de s\u00e9bum. L&rsquo;huile essentielle de thym agit comme un puissant antiseptique, renfor\u00e7ant l&rsquo;immunit\u00e9 locale de la peau. Le soufre, connu comme le \u00ab min\u00e9ral de la beaut\u00e9 \u00bb, active les processus m\u00e9taboliques et offre des effets bact\u00e9ricides et anti-inflammatoires.<\/p>\n<p>Le produit r\u00e9duit efficacement l&rsquo;inflammation, acc\u00e9l\u00e8re la r\u00e9gression des l\u00e9sions acn\u00e9iques et favorise la clart\u00e9 de la peau.<\/p>\n<p><strong>Principaux avantages :<\/strong><br \/>\n\u2022 action bact\u00e9ricide contre Propionibacterium acnes<br \/>\n\u2022 effet k\u00e9ratolytique<br \/>\n\u2022 r\u00e9duction de la production de s\u00e9bum<br \/>\n\u2022 diminution des \u00e9l\u00e9ments inflammatoires<br \/>\n\u2022 pr\u00e9vention de la r\u00e9currence de l&rsquo;acn\u00e9<\/p>\n<p><strong>Mode d&#8217;emploi :<\/strong><br \/>\nPour usage externe uniquement. Appliquer localement sur les zones enflamm\u00e9es de la peau deux fois par jour apr\u00e8s le nettoyage. En cas de s\u00e9cheresse ou de desquamation, r\u00e9duire la fr\u00e9quence d&rsquo;application \u00e0 une fois par jour.<\/p>\n<p><strong>Pr\u00e9cautions :<\/strong><br \/>\nAugmenter la fr\u00e9quence d&rsquo;application n&rsquo;am\u00e9liore pas l&rsquo;efficacit\u00e9 et peut provoquer une irritation cutan\u00e9e.<\/p>\n<p><strong>Cure recommand\u00e9e :<\/strong><br \/>\nJusqu&rsquo;\u00e0 5 semaines.<\/p>\n<p><strong>Ingr\u00e9dients :<\/strong><br \/>\nAqua (eau), acide salicylique, acide glycolique, acide az\u00e9la\u00efque, extrait de camomille, extrait de graines de Bixa Orellana, peroxyde de benzoyle, glycyrrhizinate dipotassique, soufre.<\/p>\n","protected":false},"excerpt":{"rendered":"<p>Une ampoule professionnelle \u00e0 action localis\u00e9e con\u00e7ue pour pr\u00e9venir et corriger les \u00e9l\u00e9ments inflammatoires des peaux grasses et \u00e0 probl\u00e8mes. La formule est d\u00e9velopp\u00e9e pour une application cibl\u00e9e et vise \u00e0 r\u00e9duire la gravit\u00e9 de l&rsquo;acn\u00e9 tout en pr\u00e9venant le d\u00e9veloppement de processus inflammatoires. Le peroxyde de benzoyle a des effets k\u00e9ratolytiques et oxydants, et [&hellip;]<\/p>\n","protected":false},"featured_media":7945,"comment_status":"open","ping_status":"closed","template":"","meta":[],"product_brand":[58],"product_cat":[125],"product_tag":[],"class_list":{"0":"post-7944","1":"product","2":"type-product","3":"status-publish","4":"has-post-thumbnail","6":"product_brand-inula-line","7":"product_cat-gamme-de-soins-inula-line-pour-peaux-grasses-et-a-problemes","9":"first","10":"instock","11":"shipping-taxable","12":"purchasable","13":"product-type-simple"},"aioseo_notices":[],"_links":{"self":[{"href":"https:\/\/pelartlabbenelux.com\/fr\/wp-json\/wp\/v2\/product\/7944","targetHints":{"allow":["GET"]}}],"collection":[{"href":"https:\/\/pelartlabbenelux.com\/fr\/wp-json\/wp\/v2\/product"}],"about":[{"href":"https:\/\/pelartlabbenelux.com\/fr\/wp-json\/wp\/v2\/types\/product"}],"replies":[{"embeddable":true,"href":"https:\/\/pelartlabbenelux.com\/fr\/wp-json\/wp\/v2\/comments?post=7944"}],"version-history":[{"count":2,"href":"https:\/\/pelartlabbenelux.com\/fr\/wp-json\/wp\/v2\/product\/7944\/revisions"}],"predecessor-version":[{"id":7997,"href":"https:\/\/pelartlabbenelux.com\/fr\/wp-json\/wp\/v2\/product\/7944\/revisions\/7997"}],"wp:featuredmedia":[{"embeddable":true,"href":"https:\/\/pelartlabbenelux.com\/fr\/wp-json\/wp\/v2\/media\/7945"}],"wp:attachment":[{"href":"https:\/\/pelartlabbenelux.com\/fr\/wp-json\/wp\/v2\/media?parent=7944"}],"wp:term":[{"taxonomy":"product_brand","embeddable":true,"href":"https:\/\/pelartlabbenelux.com\/fr\/wp-json\/wp\/v2\/product_brand?post=7944"},{"taxonomy":"product_cat","embeddable":true,"href":"https:\/\/pelartlabbenelux.com\/fr\/wp-json\/wp\/v2\/product_cat?post=7944"},{"taxonomy":"product_tag","embeddable":true,"href":"https:\/\/pelartlabbenelux.com\/fr\/wp-json\/wp\/v2\/product_tag?post=7944"}],"curies":[{"name":"wp","href":"https:\/\/api.w.org\/{rel}","templated":true}]}}