{"id":7932,"date":"2026-01-28T16:08:23","date_gmt":"2026-01-28T16:08:23","guid":{"rendered":"https:\/\/pelartlabbenelux.com\/product\/demaquillant-fruit-series-250-ml\/"},"modified":"2026-02-04T16:41:50","modified_gmt":"2026-02-04T16:41:50","slug":"demaquillant-fruit-series-250-ml","status":"publish","type":"product","link":"https:\/\/pelartlabbenelux.com\/fr\/produit\/demaquillant-fruit-series-250-ml\/","title":{"rendered":"D\u00e9maquillant Fruit Series, 250 ml"},"content":{"rendered":"<p data-start=\"0\" data-end=\"225\">Lait d\u00e9maquillant doux \u00e0 la texture cr\u00e9meuse qui nettoie efficacement la peau du visage et du cou sans alt\u00e9rer sa barri\u00e8re protectrice naturelle. Convient \u00e0 tous les types de peau, y compris les peaux sensibles et le contour des yeux.<\/p>\n<p data-start=\"227\" data-end=\"569\">La formule \u00e0 base d&rsquo;huiles lie et \u00e9limine en douceur le maquillage et les impuret\u00e9s, se rince facilement \u00e0 l&rsquo;eau et ne provoque ni irritation ni dess\u00e8chement. Le produit hydrate, adoucit et tonifie la peau, am\u00e9liorant ainsi sa texture et son \u00e9tat g\u00e9n\u00e9ral. Parfait pour un usage professionnel ou domestique, il permet un massage confortable pendant le d\u00e9maquillage.<\/p>\n<p data-start=\"571\" data-end=\"758\">Effets cl\u00e9s :<br data-start=\"583\" data-end=\"586\" \/>\u2022 \u00e9limination en douceur du maquillage et des impuret\u00e9s<br data-start=\"628\" data-end=\"631\" \/>\u2022 hydratation et adoucissement de la peau<br data-start=\"673\" data-end=\"676\" \/>\u2022 pr\u00e9servation des fonctions protectrices de la peau<br data-start=\"725\" data-end=\"728\" \/>\u2022 effet apaisant et tonifiant<\/p>\n<p data-start=\"760\" data-end=\"870\" data-is-last-node=\"\" data-is-only-node=\"\">Mode d&#8217;emploi :<br data-start=\"771\" data-end=\"774\" \/>Appliquez le lait sur le visage et le cou en massant. Retirez les r\u00e9sidus \u00e0 l&rsquo;aide d&rsquo;un coton.<\/p>\n","protected":false},"excerpt":{"rendered":"<p>Lait d\u00e9maquillant doux \u00e0 la texture cr\u00e9meuse qui nettoie efficacement la peau du visage et du cou sans alt\u00e9rer sa barri\u00e8re protectrice naturelle. Convient \u00e0 tous les types de peau, y compris les peaux sensibles et le contour des yeux. La formule \u00e0 base d&rsquo;huiles lie et \u00e9limine en douceur le maquillage et les impuret\u00e9s, [&hellip;]<\/p>\n","protected":false},"featured_media":7933,"comment_status":"open","ping_status":"closed","template":"","meta":[],"product_brand":[68],"product_cat":[124],"product_tag":[],"class_list":{"0":"post-7932","1":"product","2":"type-product","3":"status-publish","4":"has-post-thumbnail","6":"product_brand-fruit-series","7":"product_cat-fruit-line-pour-le-soin-des-yeux-et-anti-age","9":"first","10":"instock","11":"shipping-taxable","12":"purchasable","13":"product-type-simple"},"aioseo_notices":[],"_links":{"self":[{"href":"https:\/\/pelartlabbenelux.com\/fr\/wp-json\/wp\/v2\/product\/7932","targetHints":{"allow":["GET"]}}],"collection":[{"href":"https:\/\/pelartlabbenelux.com\/fr\/wp-json\/wp\/v2\/product"}],"about":[{"href":"https:\/\/pelartlabbenelux.com\/fr\/wp-json\/wp\/v2\/types\/product"}],"replies":[{"embeddable":true,"href":"https:\/\/pelartlabbenelux.com\/fr\/wp-json\/wp\/v2\/comments?post=7932"}],"version-history":[{"count":1,"href":"https:\/\/pelartlabbenelux.com\/fr\/wp-json\/wp\/v2\/product\/7932\/revisions"}],"predecessor-version":[{"id":7934,"href":"https:\/\/pelartlabbenelux.com\/fr\/wp-json\/wp\/v2\/product\/7932\/revisions\/7934"}],"wp:featuredmedia":[{"embeddable":true,"href":"https:\/\/pelartlabbenelux.com\/fr\/wp-json\/wp\/v2\/media\/7933"}],"wp:attachment":[{"href":"https:\/\/pelartlabbenelux.com\/fr\/wp-json\/wp\/v2\/media?parent=7932"}],"wp:term":[{"taxonomy":"product_brand","embeddable":true,"href":"https:\/\/pelartlabbenelux.com\/fr\/wp-json\/wp\/v2\/product_brand?post=7932"},{"taxonomy":"product_cat","embeddable":true,"href":"https:\/\/pelartlabbenelux.com\/fr\/wp-json\/wp\/v2\/product_cat?post=7932"},{"taxonomy":"product_tag","embeddable":true,"href":"https:\/\/pelartlabbenelux.com\/fr\/wp-json\/wp\/v2\/product_tag?post=7932"}],"curies":[{"name":"wp","href":"https:\/\/api.w.org\/{rel}","templated":true}]}}