{"id":7930,"date":"2026-01-28T16:08:23","date_gmt":"2026-01-28T16:08:23","guid":{"rendered":"https:\/\/pelartlabbenelux.com\/product\/creme-contour-des-yeux-argousier-fruit-series-100-ml\/"},"modified":"2026-02-04T16:42:03","modified_gmt":"2026-02-04T16:42:03","slug":"creme-contour-des-yeux-argousier-fruit-series-100-ml","status":"publish","type":"product","link":"https:\/\/pelartlabbenelux.com\/fr\/produit\/creme-contour-des-yeux-argousier-fruit-series-100-ml\/","title":{"rendered":"Cr\u00e8me contour des yeux \u00ab Argousier \u00bb Fruit Series, 100 ml"},"content":{"rendered":"<p data-start=\"0\" data-end=\"227\">La cr\u00e8me contour des yeux \u00e0 l&rsquo;argousier hydrate de mani\u00e8re optimale, nourrit la peau gr\u00e2ce \u00e0 des vitamines et des huiles v\u00e9g\u00e9tales, et prot\u00e8ge contre le froid et le vent. Les lipides restaurent la fonction barri\u00e8re de la peau, l&rsquo;adoucissent et am\u00e9liorent son \u00e9lasticit\u00e9.<\/p>\n<p data-start=\"229\" data-end=\"541\">Les huiles et extraits v\u00e9g\u00e9taux aident \u00e0 ralentir le vieillissement pr\u00e9matur\u00e9, favorisent les processus m\u00e9taboliques et renforcent les vaisseaux sanguins. Le complexe triglyc\u00e9ridique favorise la formation des membranes cellulaires et am\u00e9liore l&rsquo;absorption des vitamines A, E, D et K. Sa texture l\u00e9g\u00e8re p\u00e9n\u00e8tre rapidement, laissant la peau douce et soyeuse.<\/p>\n<p data-start=\"543\" data-end=\"732\">Effets cl\u00e9s :<br data-start=\"556\" data-end=\"559\" \/>\u2022 hydratation et nutrition de la peau autour des yeux<br data-start=\"614\" data-end=\"617\" \/>\u2022 restauration de la barri\u00e8re protectrice<br data-start=\"656\" data-end=\"659\" \/>\u2022 \u00e9lasticit\u00e9 et tonicit\u00e9 accrues<br data-start=\"690\" data-end=\"693\" \/>\u2022 protection contre les facteurs externes<\/p>\n<p data-start=\"734\" data-end=\"927\" data-is-last-node=\"\" data-is-only-node=\"\">Mode d&#8217;emploi :<br data-start=\"745\" data-end=\"748\" \/>Utiliser quotidiennement matin et soir. Appliquer sur la peau nettoy\u00e9e du contour des yeux. Convient comme base de maquillage. Recommand\u00e9 apr\u00e8s le s\u00e9rum (10034) ou les additifs actifs (10090-10093).<\/p>\n","protected":false},"excerpt":{"rendered":"<p>La cr\u00e8me contour des yeux \u00e0 l&rsquo;argousier hydrate de mani\u00e8re optimale, nourrit la peau gr\u00e2ce \u00e0 des vitamines et des huiles v\u00e9g\u00e9tales, et prot\u00e8ge contre le froid et le vent. Les lipides restaurent la fonction barri\u00e8re de la peau, l&rsquo;adoucissent et am\u00e9liorent son \u00e9lasticit\u00e9. Les huiles et extraits v\u00e9g\u00e9taux aident \u00e0 ralentir le vieillissement pr\u00e9matur\u00e9, [&hellip;]<\/p>\n","protected":false},"featured_media":7931,"comment_status":"open","ping_status":"closed","template":"","meta":[],"product_brand":[68],"product_cat":[124],"product_tag":[],"class_list":{"0":"post-7930","1":"product","2":"type-product","3":"status-publish","4":"has-post-thumbnail","6":"product_brand-fruit-series","7":"product_cat-fruit-line-pour-le-soin-des-yeux-et-anti-age","9":"first","10":"instock","11":"shipping-taxable","12":"purchasable","13":"product-type-simple"},"aioseo_notices":[],"_links":{"self":[{"href":"https:\/\/pelartlabbenelux.com\/fr\/wp-json\/wp\/v2\/product\/7930","targetHints":{"allow":["GET"]}}],"collection":[{"href":"https:\/\/pelartlabbenelux.com\/fr\/wp-json\/wp\/v2\/product"}],"about":[{"href":"https:\/\/pelartlabbenelux.com\/fr\/wp-json\/wp\/v2\/types\/product"}],"replies":[{"embeddable":true,"href":"https:\/\/pelartlabbenelux.com\/fr\/wp-json\/wp\/v2\/comments?post=7930"}],"version-history":[{"count":1,"href":"https:\/\/pelartlabbenelux.com\/fr\/wp-json\/wp\/v2\/product\/7930\/revisions"}],"predecessor-version":[{"id":7935,"href":"https:\/\/pelartlabbenelux.com\/fr\/wp-json\/wp\/v2\/product\/7930\/revisions\/7935"}],"wp:featuredmedia":[{"embeddable":true,"href":"https:\/\/pelartlabbenelux.com\/fr\/wp-json\/wp\/v2\/media\/7931"}],"wp:attachment":[{"href":"https:\/\/pelartlabbenelux.com\/fr\/wp-json\/wp\/v2\/media?parent=7930"}],"wp:term":[{"taxonomy":"product_brand","embeddable":true,"href":"https:\/\/pelartlabbenelux.com\/fr\/wp-json\/wp\/v2\/product_brand?post=7930"},{"taxonomy":"product_cat","embeddable":true,"href":"https:\/\/pelartlabbenelux.com\/fr\/wp-json\/wp\/v2\/product_cat?post=7930"},{"taxonomy":"product_tag","embeddable":true,"href":"https:\/\/pelartlabbenelux.com\/fr\/wp-json\/wp\/v2\/product_tag?post=7930"}],"curies":[{"name":"wp","href":"https:\/\/api.w.org\/{rel}","templated":true}]}}