{"id":7928,"date":"2026-01-28T16:08:23","date_gmt":"2026-01-28T16:08:23","guid":{"rendered":"https:\/\/pelartlabbenelux.com\/product\/creme-pour-les-yeux-a-largousier-fruit-series-30-ml\/"},"modified":"2026-02-04T16:42:15","modified_gmt":"2026-02-04T16:42:15","slug":"creme-pour-les-yeux-a-largousier-fruit-series-30-ml","status":"publish","type":"product","link":"https:\/\/pelartlabbenelux.com\/fr\/produit\/creme-pour-les-yeux-a-largousier-fruit-series-30-ml\/","title":{"rendered":"Cr\u00e8me pour les yeux \u00e0 l&rsquo;argousier Fruit Series, 30 ml"},"content":{"rendered":"<p data-start=\"0\" data-end=\"225\">La cr\u00e8me contour des yeux \u00e0 l&rsquo;argousier hydrate de mani\u00e8re optimale, nourrit la peau gr\u00e2ce \u00e0 ses vitamines et ses huiles v\u00e9g\u00e9tales, et prot\u00e8ge contre le froid et le vent. Les lipides restaurent la fonction barri\u00e8re de la peau, l&rsquo;adoucissent et augmentent son \u00e9lasticit\u00e9.<\/p>\n<p data-start=\"227\" data-end=\"529\">Les huiles v\u00e9g\u00e9tales et les extraits v\u00e9g\u00e9taux aident \u00e0 ralentir le vieillissement pr\u00e9matur\u00e9, favorisent les processus m\u00e9taboliques et renforcent les vaisseaux sanguins. Le complexe triglyc\u00e9ridique aide \u00e0 la formation des membranes cellulaires et am\u00e9liore l&rsquo;absorption des vitamines A, E, D et K. Sa texture l\u00e9g\u00e8re p\u00e9n\u00e8tre rapidement, laissant la peau douce et soyeuse.<\/p>\n<p data-start=\"531\" data-end=\"707\">Effets cl\u00e9s :<br data-start=\"543\" data-end=\"546\" \/>\u2022 hydratation et nutrition du contour des yeux<br data-start=\"589\" data-end=\"592\" \/>\u2022 restauration de la barri\u00e8re protectrice<br data-start=\"631\" data-end=\"634\" \/>\u2022 \u00e9lasticit\u00e9 et tonicit\u00e9 accrues<br data-start=\"665\" data-end=\"668\" \/>\u2022 protection contre les facteurs externes<\/p>\n<p data-start=\"709\" data-end=\"897\" data-is-last-node=\"\" data-is-only-node=\"\">Mode d&#8217;emploi :<br data-start=\"720\" data-end=\"723\" \/>Appliquer quotidiennement matin et soir sur la peau nettoy\u00e9e du contour des yeux. Convient comme base de maquillage. Recommand\u00e9 apr\u00e8s le s\u00e9rum (10034) ou les additifs actifs (10090-10093).<\/p>\n","protected":false},"excerpt":{"rendered":"<p>La cr\u00e8me contour des yeux \u00e0 l&rsquo;argousier hydrate de mani\u00e8re optimale, nourrit la peau gr\u00e2ce \u00e0 ses vitamines et ses huiles v\u00e9g\u00e9tales, et prot\u00e8ge contre le froid et le vent. Les lipides restaurent la fonction barri\u00e8re de la peau, l&rsquo;adoucissent et augmentent son \u00e9lasticit\u00e9. Les huiles v\u00e9g\u00e9tales et les extraits v\u00e9g\u00e9taux aident \u00e0 ralentir le [&hellip;]<\/p>\n","protected":false},"featured_media":7929,"comment_status":"open","ping_status":"closed","template":"","meta":[],"product_brand":[68],"product_cat":[124],"product_tag":[],"class_list":{"0":"post-7928","1":"product","2":"type-product","3":"status-publish","4":"has-post-thumbnail","6":"product_brand-fruit-series","7":"product_cat-fruit-line-pour-le-soin-des-yeux-et-anti-age","9":"first","10":"instock","11":"shipping-taxable","12":"purchasable","13":"product-type-simple"},"aioseo_notices":[],"_links":{"self":[{"href":"https:\/\/pelartlabbenelux.com\/fr\/wp-json\/wp\/v2\/product\/7928","targetHints":{"allow":["GET"]}}],"collection":[{"href":"https:\/\/pelartlabbenelux.com\/fr\/wp-json\/wp\/v2\/product"}],"about":[{"href":"https:\/\/pelartlabbenelux.com\/fr\/wp-json\/wp\/v2\/types\/product"}],"replies":[{"embeddable":true,"href":"https:\/\/pelartlabbenelux.com\/fr\/wp-json\/wp\/v2\/comments?post=7928"}],"version-history":[{"count":1,"href":"https:\/\/pelartlabbenelux.com\/fr\/wp-json\/wp\/v2\/product\/7928\/revisions"}],"predecessor-version":[{"id":7936,"href":"https:\/\/pelartlabbenelux.com\/fr\/wp-json\/wp\/v2\/product\/7928\/revisions\/7936"}],"wp:featuredmedia":[{"embeddable":true,"href":"https:\/\/pelartlabbenelux.com\/fr\/wp-json\/wp\/v2\/media\/7929"}],"wp:attachment":[{"href":"https:\/\/pelartlabbenelux.com\/fr\/wp-json\/wp\/v2\/media?parent=7928"}],"wp:term":[{"taxonomy":"product_brand","embeddable":true,"href":"https:\/\/pelartlabbenelux.com\/fr\/wp-json\/wp\/v2\/product_brand?post=7928"},{"taxonomy":"product_cat","embeddable":true,"href":"https:\/\/pelartlabbenelux.com\/fr\/wp-json\/wp\/v2\/product_cat?post=7928"},{"taxonomy":"product_tag","embeddable":true,"href":"https:\/\/pelartlabbenelux.com\/fr\/wp-json\/wp\/v2\/product_tag?post=7928"}],"curies":[{"name":"wp","href":"https:\/\/api.w.org\/{rel}","templated":true}]}}