{"id":7926,"date":"2026-01-28T16:08:23","date_gmt":"2026-01-28T16:08:23","guid":{"rendered":"https:\/\/pelartlabbenelux.com\/product\/masque-pour-les-yeux-a-la-framboise-fruit-series-100-ml\/"},"modified":"2026-02-04T16:42:29","modified_gmt":"2026-02-04T16:42:29","slug":"masque-pour-les-yeux-a-la-framboise-fruit-series-100-ml","status":"publish","type":"product","link":"https:\/\/pelartlabbenelux.com\/fr\/produit\/masque-pour-les-yeux-a-la-framboise-fruit-series-100-ml\/","title":{"rendered":"Masque pour les yeux \u00e0 la framboise, Fruit Series, 100 ml"},"content":{"rendered":"<p data-start=\"0\" data-end=\"285\">Masque d\u00e9licat pour les yeux con\u00e7u pour pr\u00e9server la jeunesse et la fra\u00eecheur du contour des yeux. Am\u00e9liore la microcirculation, nourrit la peau et aide \u00e0 r\u00e9duire les poches. Le complexe de tanins et de polyph\u00e9nols augmente la fermet\u00e9 de la peau et renforce les vaisseaux sanguins, r\u00e9duisant leur perm\u00e9abilit\u00e9.<\/p>\n<p data-start=\"287\" data-end=\"514\">L&rsquo;extrait de framboise, riche en vitamines B et en vitamine C, tonifie et rafra\u00eechit la peau. La chrysine aide \u00e0 \u00e9claircir les cernes, tandis que les peptides matriciels stimulent la r\u00e9g\u00e9n\u00e9ration, l&rsquo;hydratation et la restauration de la barri\u00e8re protectrice de la peau.<\/p>\n<p data-start=\"516\" data-end=\"674\">Effets cl\u00e9s :<br \/>\n\u2022 r\u00e9duit les poches et les cernes<br \/>\n\u2022 am\u00e9liore la microcirculation<br \/>\n\u2022 augmente la fermet\u00e9 et le tonus de la peau<br \/>\n\u2022 restaure et hydrate la zone p\u00e9rioculaire<\/p>\n<p data-start=\"676\" data-end=\"885\" data-is-last-node=\"\" data-is-only-node=\"\">Mode d&#8217;emploi :<br data-start=\"687\" data-end=\"690\" \/>Inclus dans les protocoles de peeling chimique pour la zone p\u00e9rioculaire. Pour les soins \u00e0 domicile, utiliser 2 fois par semaine. Doit \u00eatre associ\u00e9 \u00e0 un s\u00e9rum (10034, 10053, 10054) et \u00e0 une cr\u00e8me pour les yeux (10081, 10082, 10060, 10061).<\/p>\n","protected":false},"excerpt":{"rendered":"<p>Masque d\u00e9licat pour les yeux con\u00e7u pour pr\u00e9server la jeunesse et la fra\u00eecheur du contour des yeux. Am\u00e9liore la microcirculation, nourrit la peau et aide \u00e0 r\u00e9duire les poches. Le complexe de tanins et de polyph\u00e9nols augmente la fermet\u00e9 de la peau et renforce les vaisseaux sanguins, r\u00e9duisant leur perm\u00e9abilit\u00e9. L&rsquo;extrait de framboise, riche en [&hellip;]<\/p>\n","protected":false},"featured_media":7927,"comment_status":"open","ping_status":"closed","template":"","meta":[],"product_brand":[68],"product_cat":[124],"product_tag":[],"class_list":{"0":"post-7926","1":"product","2":"type-product","3":"status-publish","4":"has-post-thumbnail","6":"product_brand-fruit-series","7":"product_cat-fruit-line-pour-le-soin-des-yeux-et-anti-age","9":"first","10":"instock","11":"shipping-taxable","12":"purchasable","13":"product-type-simple"},"aioseo_notices":[],"_links":{"self":[{"href":"https:\/\/pelartlabbenelux.com\/fr\/wp-json\/wp\/v2\/product\/7926","targetHints":{"allow":["GET"]}}],"collection":[{"href":"https:\/\/pelartlabbenelux.com\/fr\/wp-json\/wp\/v2\/product"}],"about":[{"href":"https:\/\/pelartlabbenelux.com\/fr\/wp-json\/wp\/v2\/types\/product"}],"replies":[{"embeddable":true,"href":"https:\/\/pelartlabbenelux.com\/fr\/wp-json\/wp\/v2\/comments?post=7926"}],"version-history":[{"count":1,"href":"https:\/\/pelartlabbenelux.com\/fr\/wp-json\/wp\/v2\/product\/7926\/revisions"}],"predecessor-version":[{"id":7937,"href":"https:\/\/pelartlabbenelux.com\/fr\/wp-json\/wp\/v2\/product\/7926\/revisions\/7937"}],"wp:featuredmedia":[{"embeddable":true,"href":"https:\/\/pelartlabbenelux.com\/fr\/wp-json\/wp\/v2\/media\/7927"}],"wp:attachment":[{"href":"https:\/\/pelartlabbenelux.com\/fr\/wp-json\/wp\/v2\/media?parent=7926"}],"wp:term":[{"taxonomy":"product_brand","embeddable":true,"href":"https:\/\/pelartlabbenelux.com\/fr\/wp-json\/wp\/v2\/product_brand?post=7926"},{"taxonomy":"product_cat","embeddable":true,"href":"https:\/\/pelartlabbenelux.com\/fr\/wp-json\/wp\/v2\/product_cat?post=7926"},{"taxonomy":"product_tag","embeddable":true,"href":"https:\/\/pelartlabbenelux.com\/fr\/wp-json\/wp\/v2\/product_tag?post=7926"}],"curies":[{"name":"wp","href":"https:\/\/api.w.org\/{rel}","templated":true}]}}