{"id":7922,"date":"2026-01-28T16:08:23","date_gmt":"2026-01-28T16:08:23","guid":{"rendered":"https:\/\/pelartlabbenelux.com\/product\/fluide-hydratant-creme-spf-15-serie-fruits-50-ml\/"},"modified":"2026-02-04T16:42:56","modified_gmt":"2026-02-04T16:42:56","slug":"fluide-hydratant-creme-spf-15-serie-fruits-50-ml","status":"publish","type":"product","link":"https:\/\/pelartlabbenelux.com\/fr\/produit\/fluide-hydratant-creme-spf-15-serie-fruits-50-ml\/","title":{"rendered":"Fluide hydratant Cr\u00e8me SPF 15 S\u00e9rie Fruits, 50 ml"},"content":{"rendered":"<p data-start=\"0\" data-end=\"328\">Cr\u00e8me fluide hydratante l\u00e9g\u00e8re avec SPF 15 pour les soins quotidiens du visage. P\u00e9n\u00e8tre rapidement, hydrate la peau en profondeur et aide \u00e0 maintenir son hydratation tout au long de la journ\u00e9e, laissant la peau lisse et soign\u00e9e. Offre des bienfaits r\u00e9g\u00e9n\u00e9rants et antioxydants, am\u00e9liore le teint, renforce la fermet\u00e9 et r\u00e9duit visiblement la profondeur des rides.<\/p>\n<p data-start=\"330\" data-end=\"628\">La formule, enrichie en acide folique, vitamines E et K et acides gras insatur\u00e9s, stimule le renouvellement \u00e9pidermique, la synth\u00e8se de collag\u00e8ne et la production d&rsquo;acide hyaluronique. L&rsquo;extrait de melon hydrate intens\u00e9ment les peaux s\u00e8ches et d\u00e9shydrat\u00e9es, augmentant leur \u00e9lasticit\u00e9 et leur fermet\u00e9. Convient aux peaux ternes et fatigu\u00e9es.<\/p>\n<p data-start=\"630\" data-end=\"802\">Effets cl\u00e9s :<br data-start=\"642\" data-end=\"645\" \/>\u2022 hydratation intense et protection contre la d\u00e9shydratation<br data-start=\"701\" data-end=\"704\" \/>\u2022 raffermissement et tonification de la peau<br data-start=\"738\" data-end=\"741\" \/>\u2022 am\u00e9lioration du teint<br data-start=\"762\" data-end=\"765\" \/>\u2022 protection antioxydante et SPF 15<\/p>\n<p data-start=\"804\" data-end=\"922\" data-is-last-node=\"\" data-is-only-node=\"\">Mode d&#8217;emploi :<br data-start=\"815\" data-end=\"818\" \/>Appliquez une petite quantit\u00e9 de cr\u00e8me fluide sur le visage en massant d\u00e9licatement jusqu&rsquo;\u00e0 absorption compl\u00e8te.<\/p>\n<p data-start=\"804\" data-end=\"922\" data-is-last-node=\"\" data-is-only-node=\"\"><span data-sheets-root=\"1\">Ingr\u00e9dients :<br \/>\nHuile d&rsquo;olive, isoflavones de soja, extrait de melon, complexe filtrant UV, beurre de karit\u00e9, huile d&rsquo;argousier, ac\u00e9tate de tocoph\u00e9ryle, allanto\u00efne. <\/span><\/p>\n","protected":false},"excerpt":{"rendered":"<p>Cr\u00e8me fluide hydratante l\u00e9g\u00e8re avec SPF 15 pour les soins quotidiens du visage. P\u00e9n\u00e8tre rapidement, hydrate la peau en profondeur et aide \u00e0 maintenir son hydratation tout au long de la journ\u00e9e, laissant la peau lisse et soign\u00e9e. Offre des bienfaits r\u00e9g\u00e9n\u00e9rants et antioxydants, am\u00e9liore le teint, renforce la fermet\u00e9 et r\u00e9duit visiblement la profondeur [&hellip;]<\/p>\n","protected":false},"featured_media":7923,"comment_status":"open","ping_status":"closed","template":"","meta":[],"product_brand":[68],"product_cat":[124],"product_tag":[],"class_list":{"0":"post-7922","1":"product","2":"type-product","3":"status-publish","4":"has-post-thumbnail","6":"product_brand-fruit-series","7":"product_cat-fruit-line-pour-le-soin-des-yeux-et-anti-age","9":"first","10":"instock","11":"shipping-taxable","12":"purchasable","13":"product-type-simple"},"aioseo_notices":[],"_links":{"self":[{"href":"https:\/\/pelartlabbenelux.com\/fr\/wp-json\/wp\/v2\/product\/7922","targetHints":{"allow":["GET"]}}],"collection":[{"href":"https:\/\/pelartlabbenelux.com\/fr\/wp-json\/wp\/v2\/product"}],"about":[{"href":"https:\/\/pelartlabbenelux.com\/fr\/wp-json\/wp\/v2\/types\/product"}],"replies":[{"embeddable":true,"href":"https:\/\/pelartlabbenelux.com\/fr\/wp-json\/wp\/v2\/comments?post=7922"}],"version-history":[{"count":1,"href":"https:\/\/pelartlabbenelux.com\/fr\/wp-json\/wp\/v2\/product\/7922\/revisions"}],"predecessor-version":[{"id":7939,"href":"https:\/\/pelartlabbenelux.com\/fr\/wp-json\/wp\/v2\/product\/7922\/revisions\/7939"}],"wp:featuredmedia":[{"embeddable":true,"href":"https:\/\/pelartlabbenelux.com\/fr\/wp-json\/wp\/v2\/media\/7923"}],"wp:attachment":[{"href":"https:\/\/pelartlabbenelux.com\/fr\/wp-json\/wp\/v2\/media?parent=7922"}],"wp:term":[{"taxonomy":"product_brand","embeddable":true,"href":"https:\/\/pelartlabbenelux.com\/fr\/wp-json\/wp\/v2\/product_brand?post=7922"},{"taxonomy":"product_cat","embeddable":true,"href":"https:\/\/pelartlabbenelux.com\/fr\/wp-json\/wp\/v2\/product_cat?post=7922"},{"taxonomy":"product_tag","embeddable":true,"href":"https:\/\/pelartlabbenelux.com\/fr\/wp-json\/wp\/v2\/product_tag?post=7922"}],"curies":[{"name":"wp","href":"https:\/\/api.w.org\/{rel}","templated":true}]}}