{"id":7920,"date":"2026-01-28T16:08:23","date_gmt":"2026-01-28T16:08:23","guid":{"rendered":"https:\/\/pelartlabbenelux.com\/product\/peeling-pour-la-zone-periorbitaire-cerise-serie-fruits-50-ml\/"},"modified":"2026-02-04T16:43:08","modified_gmt":"2026-02-04T16:43:08","slug":"peeling-pour-la-zone-periorbitaire-cerise-serie-fruits-50-ml","status":"publish","type":"product","link":"https:\/\/pelartlabbenelux.com\/fr\/produit\/peeling-pour-la-zone-periorbitaire-cerise-serie-fruits-50-ml\/","title":{"rendered":"Peeling pour la zone p\u00e9riorbitaire (cerise) S\u00e9rie Fruits, 50 ml"},"content":{"rendered":"<p data-start=\"0\" data-end=\"242\">Exfoliant doux \u00e0 la cerise sp\u00e9cialement con\u00e7u pour le soin d\u00e9licat du contour des yeux. Sa formule \u00e0 base d&rsquo;extrait de cerise, riche en vitamine C, vitamines B, acide folique et oligo-\u00e9l\u00e9ments, aide \u00e0 renforcer les capillaires et \u00e0 am\u00e9liorer la microcirculation.<\/p>\n<p data-start=\"244\" data-end=\"539\">De faibles concentrations d&rsquo;acides AHA permettent une exfoliation douce sans irritation ni inconfort, stimulant le renouvellement des tissus et lissant le grain de peau. Le peeling hydrate, aide \u00e0 retenir l&rsquo;hydratation, r\u00e9duit les poches et l&rsquo;apparence des cernes, redonnant fra\u00eecheur et \u00e9clat \u00e0 la peau.<\/p>\n<p data-start=\"541\" data-end=\"730\">Effets cl\u00e9s :<br \/>\n\u2022 exfoliation douce et renouvellement de la peau<br data-start=\"591\" data-end=\"594\" \/>\u2022 r\u00e9duction des poches et des cernes<br data-start=\"635\" data-end=\"638\" \/>\u2022 lissage du grain de peau et \u00e9clat renforc\u00e9<br data-start=\"682\" data-end=\"685\" \/>\u2022 action hydratante et anti-inflammatoire<\/p>\n<p data-start=\"732\" data-end=\"1108\" data-is-last-node=\"\" data-is-only-node=\"\">Mode d&#8217;emploi :<br \/>\nApr\u00e8s avoir nettoy\u00e9 la peau, s\u00e9chez-la. Appliquez le peeling \u00e0 l&rsquo;aide d&rsquo;un pinceau en effectuant des mouvements doux, en \u00e9vitant le contour des yeux et les muqueuses. Laissez agir pendant 5 \u00e0 7 minutes, puis rincez abondamment \u00e0 l&rsquo;eau. Apr\u00e8s le soin, il est recommand\u00e9 d&rsquo;appliquer un masque (art. 10063, 10064) pendant 15 \u00e0 20 minutes et de terminer la routine avec une cr\u00e8me contour des yeux (art. 10060, 10061, 10083, 10084).<\/p>\n<p data-start=\"732\" data-end=\"1108\" data-is-last-node=\"\" data-is-only-node=\"\"><span data-sheets-root=\"1\">Ingr\u00e9dients : acide lactique, acide ambr\u00e9, acide citrique, extrait de cerise, extrait de framboise, acide glycolique, acide tartrique, acide lactobionique, glyc\u00e9rine, carbom\u00e8re, phosphate d&rsquo;ascorbyle de sodium, huile essentielle de g\u00e9ranium. <\/span><\/p>\n","protected":false},"excerpt":{"rendered":"<p>Exfoliant doux \u00e0 la cerise sp\u00e9cialement con\u00e7u pour le soin d\u00e9licat du contour des yeux. Sa formule \u00e0 base d&rsquo;extrait de cerise, riche en vitamine C, vitamines B, acide folique et oligo-\u00e9l\u00e9ments, aide \u00e0 renforcer les capillaires et \u00e0 am\u00e9liorer la microcirculation. De faibles concentrations d&rsquo;acides AHA permettent une exfoliation douce sans irritation ni inconfort, [&hellip;]<\/p>\n","protected":false},"featured_media":7921,"comment_status":"open","ping_status":"closed","template":"","meta":[],"product_brand":[68],"product_cat":[124],"product_tag":[],"class_list":{"0":"post-7920","1":"product","2":"type-product","3":"status-publish","4":"has-post-thumbnail","6":"product_brand-fruit-series","7":"product_cat-fruit-line-pour-le-soin-des-yeux-et-anti-age","9":"first","10":"instock","11":"shipping-taxable","12":"purchasable","13":"product-type-simple"},"aioseo_notices":[],"_links":{"self":[{"href":"https:\/\/pelartlabbenelux.com\/fr\/wp-json\/wp\/v2\/product\/7920","targetHints":{"allow":["GET"]}}],"collection":[{"href":"https:\/\/pelartlabbenelux.com\/fr\/wp-json\/wp\/v2\/product"}],"about":[{"href":"https:\/\/pelartlabbenelux.com\/fr\/wp-json\/wp\/v2\/types\/product"}],"replies":[{"embeddable":true,"href":"https:\/\/pelartlabbenelux.com\/fr\/wp-json\/wp\/v2\/comments?post=7920"}],"version-history":[{"count":1,"href":"https:\/\/pelartlabbenelux.com\/fr\/wp-json\/wp\/v2\/product\/7920\/revisions"}],"predecessor-version":[{"id":7940,"href":"https:\/\/pelartlabbenelux.com\/fr\/wp-json\/wp\/v2\/product\/7920\/revisions\/7940"}],"wp:featuredmedia":[{"embeddable":true,"href":"https:\/\/pelartlabbenelux.com\/fr\/wp-json\/wp\/v2\/media\/7921"}],"wp:attachment":[{"href":"https:\/\/pelartlabbenelux.com\/fr\/wp-json\/wp\/v2\/media?parent=7920"}],"wp:term":[{"taxonomy":"product_brand","embeddable":true,"href":"https:\/\/pelartlabbenelux.com\/fr\/wp-json\/wp\/v2\/product_brand?post=7920"},{"taxonomy":"product_cat","embeddable":true,"href":"https:\/\/pelartlabbenelux.com\/fr\/wp-json\/wp\/v2\/product_cat?post=7920"},{"taxonomy":"product_tag","embeddable":true,"href":"https:\/\/pelartlabbenelux.com\/fr\/wp-json\/wp\/v2\/product_tag?post=7920"}],"curies":[{"name":"wp","href":"https:\/\/api.w.org\/{rel}","templated":true}]}}