{"id":7918,"date":"2026-01-28T16:08:23","date_gmt":"2026-01-28T16:08:23","guid":{"rendered":"https:\/\/pelartlabbenelux.com\/product\/peeling-pour-la-zone-periorbitaire-cassis-serie-fruit-100-ml\/"},"modified":"2026-02-24T14:36:07","modified_gmt":"2026-02-24T14:36:07","slug":"peeling-pour-la-zone-periorbitaire-cassis-serie-fruit-100-ml","status":"publish","type":"product","link":"https:\/\/pelartlabbenelux.com\/fr\/produit\/peeling-pour-la-zone-periorbitaire-cassis-serie-fruit-100-ml\/","title":{"rendered":"Peeling visage (cassis) S\u00e9rie Fruit, 100 ml"},"content":{"rendered":"<p data-start=\"0\" data-end=\"326\">Peeling \u00e0 la texture gel douce pour un renouvellement cutan\u00e9 en douceur et un soin anti-\u00e2ge. L&rsquo;association d&rsquo;acides AHA et BHA \u00e0 l&rsquo;extrait de cassis offre une exfoliation efficace mais d\u00e9licate, sans risque d&rsquo;irritation. Le peeling uniformise le grain de peau, am\u00e9liore le teint, stimule le renouvellement cellulaire et augmente la fermet\u00e9 de la peau.<\/p>\n<p data-start=\"328\" data-end=\"528\">La formule maintient le niveau d&rsquo;hydratation naturel de la peau, normalise l&rsquo;\u00e9quilibre acido-basique, am\u00e9liore le fonctionnement des glandes s\u00e9bac\u00e9es et favorise la p\u00e9n\u00e9tration des ingr\u00e9dients actifs dans les soins ult\u00e9rieurs.<\/p>\n<p data-start=\"530\" data-end=\"705\">Effets cl\u00e9s :<br \/>\n\u2022 exfoliation douce et renouvellement cutan\u00e9<br data-start=\"580\" data-end=\"583\" \/>\u2022 lissage de la texture et am\u00e9lioration du teint<br data-start=\"623\" data-end=\"626\" \/>\u2022 raffermissement et \u00e9lasticit\u00e9 accrus<br data-start=\"661\" data-end=\"664\" \/>\u2022 normalisation du pH et r\u00e9gulation du s\u00e9bum<\/p>\n<p data-start=\"707\" data-end=\"913\" data-is-last-node=\"\" data-is-only-node=\"\">Mode d&#8217;emploi :<br \/>\nAppliquer sur la peau nettoy\u00e9e du visage (art. 10070, 10071), \u00e9mulsionner avec de l&rsquo;eau en effectuant de l\u00e9gers mouvements de massage. Laisser agir pendant 5 \u00e0 8 minutes (selon la sensibilit\u00e9 de la peau), puis rincer abondamment \u00e0 l&rsquo;eau.<\/p>\n<p data-start=\"707\" data-end=\"913\" data-is-last-node=\"\" data-is-only-node=\"\"><span data-sheets-root=\"1\">Ingr\u00e9dients : eau, acide lactique, acide glycolique, alcool c\u00e9tylst\u00e9arylique, acide ambr\u00e9, acide citrique, extrait de cassis, acide tartrique, acide lactobionique, glyc\u00e9rine, acide salicylique, carbom\u00e8re, phosphate d&rsquo;ascorbyle de sodium, huile essentielle de g\u00e9ranium. <\/span><\/p>\n","protected":false},"excerpt":{"rendered":"<p>Peeling \u00e0 la texture gel douce pour un renouvellement cutan\u00e9 en douceur et un soin anti-\u00e2ge. L&rsquo;association d&rsquo;acides AHA et BHA \u00e0 l&rsquo;extrait de cassis offre une exfoliation efficace mais d\u00e9licate, sans risque d&rsquo;irritation. Le peeling uniformise le grain de peau, am\u00e9liore le teint, stimule le renouvellement cellulaire et augmente la fermet\u00e9 de la peau. [&hellip;]<\/p>\n","protected":false},"featured_media":7919,"comment_status":"open","ping_status":"closed","template":"","meta":[],"product_brand":[68],"product_cat":[124],"product_tag":[],"class_list":{"0":"post-7918","1":"product","2":"type-product","3":"status-publish","4":"has-post-thumbnail","6":"product_brand-fruit-series","7":"product_cat-fruit-line-pour-le-soin-des-yeux-et-anti-age","9":"first","10":"instock","11":"shipping-taxable","12":"purchasable","13":"product-type-simple"},"aioseo_notices":[],"_links":{"self":[{"href":"https:\/\/pelartlabbenelux.com\/fr\/wp-json\/wp\/v2\/product\/7918","targetHints":{"allow":["GET"]}}],"collection":[{"href":"https:\/\/pelartlabbenelux.com\/fr\/wp-json\/wp\/v2\/product"}],"about":[{"href":"https:\/\/pelartlabbenelux.com\/fr\/wp-json\/wp\/v2\/types\/product"}],"replies":[{"embeddable":true,"href":"https:\/\/pelartlabbenelux.com\/fr\/wp-json\/wp\/v2\/comments?post=7918"}],"version-history":[{"count":2,"href":"https:\/\/pelartlabbenelux.com\/fr\/wp-json\/wp\/v2\/product\/7918\/revisions"}],"predecessor-version":[{"id":10600,"href":"https:\/\/pelartlabbenelux.com\/fr\/wp-json\/wp\/v2\/product\/7918\/revisions\/10600"}],"wp:featuredmedia":[{"embeddable":true,"href":"https:\/\/pelartlabbenelux.com\/fr\/wp-json\/wp\/v2\/media\/7919"}],"wp:attachment":[{"href":"https:\/\/pelartlabbenelux.com\/fr\/wp-json\/wp\/v2\/media?parent=7918"}],"wp:term":[{"taxonomy":"product_brand","embeddable":true,"href":"https:\/\/pelartlabbenelux.com\/fr\/wp-json\/wp\/v2\/product_brand?post=7918"},{"taxonomy":"product_cat","embeddable":true,"href":"https:\/\/pelartlabbenelux.com\/fr\/wp-json\/wp\/v2\/product_cat?post=7918"},{"taxonomy":"product_tag","embeddable":true,"href":"https:\/\/pelartlabbenelux.com\/fr\/wp-json\/wp\/v2\/product_tag?post=7918"}],"curies":[{"name":"wp","href":"https:\/\/api.w.org\/{rel}","templated":true}]}}