{"id":7916,"date":"2026-01-28T16:08:23","date_gmt":"2026-01-28T16:08:23","guid":{"rendered":"https:\/\/pelartlabbenelux.com\/product\/creme-reparatrice-epitheliale-fruit-series-100-ml\/"},"modified":"2026-02-04T16:43:38","modified_gmt":"2026-02-04T16:43:38","slug":"creme-reparatrice-epitheliale-fruit-series-100-ml","status":"publish","type":"product","link":"https:\/\/pelartlabbenelux.com\/fr\/produit\/creme-reparatrice-epitheliale-fruit-series-100-ml\/","title":{"rendered":"Cr\u00e8me r\u00e9paratrice \u00e9pith\u00e9liale Fruit Series, 100 ml"},"content":{"rendered":"<p data-start=\"0\" data-end=\"265\">Cr\u00e8me \u00e9pith\u00e9liante r\u00e9paratrice professionnelle con\u00e7ue pour acc\u00e9l\u00e9rer la r\u00e9g\u00e9n\u00e9ration cutan\u00e9e pendant la p\u00e9riode de r\u00e9\u00e9ducation. Recommand\u00e9e apr\u00e8s les peelings chimiques et au laser, la photo\u00e9pilation, la dermabrasion, ainsi qu&rsquo;au stade final des proc\u00e9dures cosm\u00e9tiques invasives.<\/p>\n<p data-start=\"267\" data-end=\"458\">La formule stimule la cicatrisation des tissus, favorise la restauration de la barri\u00e8re cutan\u00e9e, r\u00e9duit l&rsquo;inconfort et maintient les processus naturels de r\u00e9g\u00e9n\u00e9ration. Convient aux peaux sensibles et ab\u00eem\u00e9es.<\/p>\n<p data-start=\"460\" data-end=\"624\">Effets cl\u00e9s :<br \/>\n\u2022 acc\u00e9l\u00e9ration de l&rsquo;\u00e9pith\u00e9lialisation et de la cicatrisation<br \/>\n\u2022 restauration de la barri\u00e8re cutan\u00e9e<br \/>\n\u2022 r\u00e9duction des irritations et de l&rsquo;inconfort<br \/>\n\u2022 soutien de la r\u00e9g\u00e9n\u00e9ration tissulaire<\/p>\n<p data-start=\"626\" data-end=\"774\" data-is-last-node=\"\" data-is-only-node=\"\">Mode d&#8217;emploi :<br \/>\nAppliquez une petite quantit\u00e9 de cr\u00e8me sur les zones ab\u00eem\u00e9es de la peau. Il est recommand\u00e9 de l&rsquo;utiliser en association avec le s\u00e9rum r\u00e9parateur (r\u00e9f. 10067).<\/p>\n<p data-start=\"626\" data-end=\"774\" data-is-last-node=\"\" data-is-only-node=\"\"><span data-sheets-root=\"1\">Ingr\u00e9dients : huile de chardon-Marie, absinthe, alcool c\u00e9t\u00e9tylst\u00e9arylique, palmitate de c\u00e9tyle, st\u00e9arate de glyc\u00e9ryle, glyc\u00e9rine, extraits : achill\u00e9e millefeuille, camomille, calendula, romarin, D-panth\u00e9nol, aloe barbadensis, allanto\u00efne, caf\u00e9ine, ac\u00e9tate de tocoph\u00e9ryle, azul\u00e8ne, composition parfum\u00e9e, alcool benzylique, m\u00e9thylchloroisothiazolinone. <\/span><\/p>\n","protected":false},"excerpt":{"rendered":"<p>Cr\u00e8me \u00e9pith\u00e9liante r\u00e9paratrice professionnelle con\u00e7ue pour acc\u00e9l\u00e9rer la r\u00e9g\u00e9n\u00e9ration cutan\u00e9e pendant la p\u00e9riode de r\u00e9\u00e9ducation. Recommand\u00e9e apr\u00e8s les peelings chimiques et au laser, la photo\u00e9pilation, la dermabrasion, ainsi qu&rsquo;au stade final des proc\u00e9dures cosm\u00e9tiques invasives. La formule stimule la cicatrisation des tissus, favorise la restauration de la barri\u00e8re cutan\u00e9e, r\u00e9duit l&rsquo;inconfort et maintient les processus [&hellip;]<\/p>\n","protected":false},"featured_media":7917,"comment_status":"open","ping_status":"closed","template":"","meta":[],"product_brand":[68],"product_cat":[124],"product_tag":[],"class_list":{"0":"post-7916","1":"product","2":"type-product","3":"status-publish","4":"has-post-thumbnail","6":"product_brand-fruit-series","7":"product_cat-fruit-line-pour-le-soin-des-yeux-et-anti-age","9":"first","10":"instock","11":"shipping-taxable","12":"purchasable","13":"product-type-simple"},"aioseo_notices":[],"_links":{"self":[{"href":"https:\/\/pelartlabbenelux.com\/fr\/wp-json\/wp\/v2\/product\/7916","targetHints":{"allow":["GET"]}}],"collection":[{"href":"https:\/\/pelartlabbenelux.com\/fr\/wp-json\/wp\/v2\/product"}],"about":[{"href":"https:\/\/pelartlabbenelux.com\/fr\/wp-json\/wp\/v2\/types\/product"}],"replies":[{"embeddable":true,"href":"https:\/\/pelartlabbenelux.com\/fr\/wp-json\/wp\/v2\/comments?post=7916"}],"version-history":[{"count":1,"href":"https:\/\/pelartlabbenelux.com\/fr\/wp-json\/wp\/v2\/product\/7916\/revisions"}],"predecessor-version":[{"id":7942,"href":"https:\/\/pelartlabbenelux.com\/fr\/wp-json\/wp\/v2\/product\/7916\/revisions\/7942"}],"wp:featuredmedia":[{"embeddable":true,"href":"https:\/\/pelartlabbenelux.com\/fr\/wp-json\/wp\/v2\/media\/7917"}],"wp:attachment":[{"href":"https:\/\/pelartlabbenelux.com\/fr\/wp-json\/wp\/v2\/media?parent=7916"}],"wp:term":[{"taxonomy":"product_brand","embeddable":true,"href":"https:\/\/pelartlabbenelux.com\/fr\/wp-json\/wp\/v2\/product_brand?post=7916"},{"taxonomy":"product_cat","embeddable":true,"href":"https:\/\/pelartlabbenelux.com\/fr\/wp-json\/wp\/v2\/product_cat?post=7916"},{"taxonomy":"product_tag","embeddable":true,"href":"https:\/\/pelartlabbenelux.com\/fr\/wp-json\/wp\/v2\/product_tag?post=7916"}],"curies":[{"name":"wp","href":"https:\/\/api.w.org\/{rel}","templated":true}]}}