{"id":7914,"date":"2026-01-28T16:08:23","date_gmt":"2026-01-28T16:08:23","guid":{"rendered":"https:\/\/pelartlabbenelux.com\/product\/creme-protectrice-de-jour-spf-50-fruit-series-100-ml\/"},"modified":"2026-02-04T16:43:52","modified_gmt":"2026-02-04T16:43:52","slug":"creme-protectrice-de-jour-spf-50-fruit-series-100-ml","status":"publish","type":"product","link":"https:\/\/pelartlabbenelux.com\/fr\/produit\/creme-protectrice-de-jour-spf-50-fruit-series-100-ml\/","title":{"rendered":"Cr\u00e8me protectrice de jour SPF 50 Fruit Series, 100 ml"},"content":{"rendered":"<p data-start=\"0\" data-end=\"236\">Cr\u00e8me de jour professionnelle avec un indice de protection \u00e9lev\u00e9 SPF 50 pour un usage quotidien. Sa formule l\u00e9g\u00e8re avec filtres UVA\/UVB offre une photoprotection fiable contre les effets nocifs du soleil et aide \u00e0 pr\u00e9venir le photovieillissement de la peau.<\/p>\n<p data-start=\"238\" data-end=\"570\">Le complexe Multi-Active Moisturizer Patch H2O hydrate intens\u00e9ment, rafra\u00eechit et apaise la peau, r\u00e9duisant les signes d&rsquo;irritation. La cr\u00e8me convient \u00e0 tous les types de peau et \u00e0 diff\u00e9rents niveaux d&rsquo;exposition au soleil, que ce soit en ville, \u00e0 la mer ou \u00e0 la montagne. Elle p\u00e9n\u00e8tre rapidement, ne laisse pas de sensation collante et procure une sensation de confort sur la peau.<\/p>\n<p data-start=\"572\" data-end=\"739\">Principaux effets :<br data-start=\"584\" data-end=\"587\" \/>\u2022 haute protection contre les rayons UVA\/UVB<br data-start=\"630\" data-end=\"633\" \/>\u2022 pr\u00e9vention du photovieillissement<br data-start=\"659\" data-end=\"662\" \/>\u2022 hydratation intense et effet apaisant<br data-start=\"701\" data-end=\"704\" \/>\u2022 texture agr\u00e9able, non collante<\/p>\n<p data-start=\"741\" data-end=\"936\" data-is-last-node=\"\" data-is-only-node=\"\">Mode d&#8217;emploi :<br data-start=\"752\" data-end=\"755\" \/>Appliquez la quantit\u00e9 n\u00e9cessaire de cr\u00e8me sur la peau 20 \u00e0 30 minutes avant l&rsquo;exposition au soleil, en \u00e9talant avec des mouvements de massage. Pendant l&rsquo;exposition au soleil, il est recommand\u00e9 de renouveler l&rsquo;application plusieurs fois.<\/p>\n<p><span data-sheets-root=\"1\">Ingr\u00e9dients :<br \/>\nComplexe filtrant UVA\/UVB, cascade d&rsquo;\u00e9mollients, beurre de karit\u00e9, patch hydratant multi-actif H2O, oxyde de zinc, glucoside d&rsquo;ascorbyle, vitamine E, bisabolol, allanto\u00efne.<\/span><\/p>\n","protected":false},"excerpt":{"rendered":"<p>Cr\u00e8me de jour professionnelle avec un indice de protection \u00e9lev\u00e9 SPF 50 pour un usage quotidien. Sa formule l\u00e9g\u00e8re avec filtres UVA\/UVB offre une photoprotection fiable contre les effets nocifs du soleil et aide \u00e0 pr\u00e9venir le photovieillissement de la peau. Le complexe Multi-Active Moisturizer Patch H2O hydrate intens\u00e9ment, rafra\u00eechit et apaise la peau, r\u00e9duisant [&hellip;]<\/p>\n","protected":false},"featured_media":7915,"comment_status":"open","ping_status":"closed","template":"","meta":[],"product_brand":[68],"product_cat":[124],"product_tag":[],"class_list":{"0":"post-7914","1":"product","2":"type-product","3":"status-publish","4":"has-post-thumbnail","6":"product_brand-fruit-series","7":"product_cat-fruit-line-pour-le-soin-des-yeux-et-anti-age","9":"first","10":"instock","11":"shipping-taxable","12":"purchasable","13":"product-type-simple"},"aioseo_notices":[],"_links":{"self":[{"href":"https:\/\/pelartlabbenelux.com\/fr\/wp-json\/wp\/v2\/product\/7914","targetHints":{"allow":["GET"]}}],"collection":[{"href":"https:\/\/pelartlabbenelux.com\/fr\/wp-json\/wp\/v2\/product"}],"about":[{"href":"https:\/\/pelartlabbenelux.com\/fr\/wp-json\/wp\/v2\/types\/product"}],"replies":[{"embeddable":true,"href":"https:\/\/pelartlabbenelux.com\/fr\/wp-json\/wp\/v2\/comments?post=7914"}],"version-history":[{"count":1,"href":"https:\/\/pelartlabbenelux.com\/fr\/wp-json\/wp\/v2\/product\/7914\/revisions"}],"predecessor-version":[{"id":7943,"href":"https:\/\/pelartlabbenelux.com\/fr\/wp-json\/wp\/v2\/product\/7914\/revisions\/7943"}],"wp:featuredmedia":[{"embeddable":true,"href":"https:\/\/pelartlabbenelux.com\/fr\/wp-json\/wp\/v2\/media\/7915"}],"wp:attachment":[{"href":"https:\/\/pelartlabbenelux.com\/fr\/wp-json\/wp\/v2\/media?parent=7914"}],"wp:term":[{"taxonomy":"product_brand","embeddable":true,"href":"https:\/\/pelartlabbenelux.com\/fr\/wp-json\/wp\/v2\/product_brand?post=7914"},{"taxonomy":"product_cat","embeddable":true,"href":"https:\/\/pelartlabbenelux.com\/fr\/wp-json\/wp\/v2\/product_cat?post=7914"},{"taxonomy":"product_tag","embeddable":true,"href":"https:\/\/pelartlabbenelux.com\/fr\/wp-json\/wp\/v2\/product_tag?post=7914"}],"curies":[{"name":"wp","href":"https:\/\/api.w.org\/{rel}","templated":true}]}}