{"id":7896,"date":"2026-01-28T16:07:41","date_gmt":"2026-01-28T16:07:41","guid":{"rendered":"https:\/\/pelartlabbenelux.com\/product\/tonique-activateur-wt-pour-les-peaux-pigmentees-laboratoire-pelart-de-lys-blanc-line-250-ml\/"},"modified":"2026-02-04T16:15:18","modified_gmt":"2026-02-04T16:15:18","slug":"tonique-activateur-wt-pour-les-peaux-pigmentees-laboratoire-pelart-de-lys-blanc-line-250-ml","status":"publish","type":"product","link":"https:\/\/pelartlabbenelux.com\/fr\/produit\/tonique-activateur-wt-pour-les-peaux-pigmentees-laboratoire-pelart-de-lys-blanc-line-250-ml\/","title":{"rendered":"Tonique-Activateur \u00ab\u00a0WT\u00a0\u00bb pour les peaux pigment\u00e9es Laboratoire Pelart De Lys Blanc Line, 250 ml"},"content":{"rendered":"<p data-start=\"52\" data-end=\"415\">Un tonique activateur professionnel con\u00e7u pour renforcer l&rsquo;efficacit\u00e9 des programmes d&rsquo;\u00e9claircissement et pr\u00e9parer la peau aux traitements \u00e0 l&rsquo;acide. Le complexe acide bloque le transport de la m\u00e9lanine vers les k\u00e9ratinocytes, ce qui favorise un teint uniforme et r\u00e9duit l&rsquo;apparence de la pigmentation.<\/p>\n<p data-start=\"417\" data-end=\"709\">Les acides glycolique, kojique, lactique, salicylique et az\u00e9la\u00efque exfolient en douceur, uniformisent le microrelief et l&rsquo;\u00e9paisseur de l&rsquo;\u00e9piderme, assurant une p\u00e9n\u00e9tration plus uniforme et plus profonde des principes actifs. L&rsquo;acide f\u00e9rulique assure une protection antioxydante, stimule la synth\u00e8se du collag\u00e8ne et am\u00e9liore la fermet\u00e9 de la peau.<\/p>\n<p data-start=\"711\" data-end=\"865\">Le tonique pr\u00e9pare la peau aux peelings, renforce l&rsquo;action des produits \u00e9claircissants et augmente l&rsquo;efficacit\u00e9 des soins professionnels.<\/p>\n<p data-start=\"867\" data-end=\"1008\"><strong data-start=\"867\" data-end=\"884\">Principaux b\u00e9n\u00e9fices :<\/strong><br data-start=\"884\" data-end=\"887\" \/>&#8211; \u00c9claircit et unifie le teint<br data-start=\"918\" data-end=\"921\" \/>&#8211; R\u00e9duit la pigmentation<br data-start=\"943\" data-end=\"946\" \/>&#8211; Lisse la texture de la peau<br data-start=\"968\" data-end=\"971\" \/>&#8211; Pr\u00e9pare la peau aux traitements acides<\/p>\n<p data-start=\"1010\" data-end=\"1210\"><strong data-start=\"1010\" data-end=\"1033\">Mode d&#8217;emploi :<\/strong><br data-start=\"1033\" data-end=\"1036\" \/>Appliquer sur un coton et essuyer d\u00e9licatement le visage, le cou et le d\u00e9collet\u00e9 avant d&rsquo;utiliser les produits (art. 10042, 10044, 10045). Utilisez le soir pour une cure de 2 semaines avant les peelings.<\/p>\n<p data-start=\"1010\" data-end=\"1210\"><span data-sheets-root=\"1\"><strong>Ingr\u00e9dients :<\/strong><br \/>\nAqua (Eau), Alcool d\u00e9natur\u00e9, Propyl\u00e8ne Glycol, Isopentadiol, Ur\u00e9e, Acides : Glycolique, Ferulique, Kojique, Lactique, Salicylique, Az\u00e9la\u00efque, D-Panth\u00e9nol, Sorbitan Caprylate, Propanediol, Acide Benzo\u00efque, Huiles Essentielles : Citron vert, Bergamote. <\/span><\/p>\n","protected":false},"excerpt":{"rendered":"<p>Un tonique activateur professionnel con\u00e7u pour renforcer l&rsquo;efficacit\u00e9 des programmes d&rsquo;\u00e9claircissement et pr\u00e9parer la peau aux traitements \u00e0 l&rsquo;acide. Le complexe acide bloque le transport de la m\u00e9lanine vers les k\u00e9ratinocytes, ce qui favorise un teint uniforme et r\u00e9duit l&rsquo;apparence de la pigmentation. Les acides glycolique, kojique, lactique, salicylique et az\u00e9la\u00efque exfolient en douceur, uniformisent [&hellip;]<\/p>\n","protected":false},"featured_media":7897,"comment_status":"open","ping_status":"closed","template":"","meta":[],"product_brand":[62],"product_cat":[123],"product_tag":[],"class_list":{"0":"post-7896","1":"product","2":"type-product","3":"status-publish","4":"has-post-thumbnail","6":"product_brand-de-lys-blanc-line","7":"product_cat-de-lys-blanc-line-soins-de-la-peau-avec-pigmentation-a-base-de-lys","9":"first","10":"instock","11":"shipping-taxable","12":"purchasable","13":"product-type-simple"},"aioseo_notices":[],"_links":{"self":[{"href":"https:\/\/pelartlabbenelux.com\/fr\/wp-json\/wp\/v2\/product\/7896","targetHints":{"allow":["GET"]}}],"collection":[{"href":"https:\/\/pelartlabbenelux.com\/fr\/wp-json\/wp\/v2\/product"}],"about":[{"href":"https:\/\/pelartlabbenelux.com\/fr\/wp-json\/wp\/v2\/types\/product"}],"replies":[{"embeddable":true,"href":"https:\/\/pelartlabbenelux.com\/fr\/wp-json\/wp\/v2\/comments?post=7896"}],"version-history":[{"count":1,"href":"https:\/\/pelartlabbenelux.com\/fr\/wp-json\/wp\/v2\/product\/7896\/revisions"}],"predecessor-version":[{"id":7901,"href":"https:\/\/pelartlabbenelux.com\/fr\/wp-json\/wp\/v2\/product\/7896\/revisions\/7901"}],"wp:featuredmedia":[{"embeddable":true,"href":"https:\/\/pelartlabbenelux.com\/fr\/wp-json\/wp\/v2\/media\/7897"}],"wp:attachment":[{"href":"https:\/\/pelartlabbenelux.com\/fr\/wp-json\/wp\/v2\/media?parent=7896"}],"wp:term":[{"taxonomy":"product_brand","embeddable":true,"href":"https:\/\/pelartlabbenelux.com\/fr\/wp-json\/wp\/v2\/product_brand?post=7896"},{"taxonomy":"product_cat","embeddable":true,"href":"https:\/\/pelartlabbenelux.com\/fr\/wp-json\/wp\/v2\/product_cat?post=7896"},{"taxonomy":"product_tag","embeddable":true,"href":"https:\/\/pelartlabbenelux.com\/fr\/wp-json\/wp\/v2\/product_tag?post=7896"}],"curies":[{"name":"wp","href":"https:\/\/api.w.org\/{rel}","templated":true}]}}