{"id":7894,"date":"2026-01-28T16:07:41","date_gmt":"2026-01-28T16:07:41","guid":{"rendered":"https:\/\/pelartlabbenelux.com\/product\/traitement-local-ampoule-contre-la-pigmentation-laboratoire-pelart-de-lys-blanc-line-2-ml\/"},"modified":"2026-02-04T16:15:54","modified_gmt":"2026-02-04T16:15:54","slug":"traitement-local-ampoule-contre-la-pigmentation-laboratoire-pelart-de-lys-blanc-line-2-ml","status":"publish","type":"product","link":"https:\/\/pelartlabbenelux.com\/fr\/produit\/traitement-local-ampoule-contre-la-pigmentation-laboratoire-pelart-de-lys-blanc-line-2-ml\/","title":{"rendered":"Traitement local Ampoule contre la pigmentation Laboratoire Pelart De Lys Blanc Line, 2 ml"},"content":{"rendered":"<p data-start=\"113\" data-end=\"572\">Une ampoule professionnelle pour une correction cibl\u00e9e des taches brunes. La formule active agit directement sur les m\u00e9lanocytes, en inhibant l&rsquo;activit\u00e9 de la tyrosinase et en r\u00e9duisant la synth\u00e8se de la m\u00e9lanine. Le complexe acide-plante facilite la p\u00e9n\u00e9tration des ingr\u00e9dients actifs dans la couche corn\u00e9e, ce qui permet d&rsquo;obtenir un effet d\u00e9pigmentant prononc\u00e9. La synergie de l&rsquo;arbutine, de la vitamine C, du glutathion et de la niacinamide aide \u00e0 \u00e9claircir la pigmentation existante et \u00e0 pr\u00e9venir la formation de nouvelles taches.<\/p>\n<p data-start=\"574\" data-end=\"676\"><strong data-start=\"574\" data-end=\"591\">Principaux b\u00e9n\u00e9fices :<\/strong><br data-start=\"591\" data-end=\"594\" \/>&#8211; Att\u00e9nue les taches brunes<br data-start=\"614\" data-end=\"617\" \/>&#8211; Unifie le teint<br data-start=\"634\" data-end=\"637\" \/>&#8211; Pr\u00e9vient la r\u00e9apparition de la pigmentation<\/p>\n<p data-start=\"678\" data-end=\"782\" data-is-last-node=\"\" data-is-only-node=\"\"><strong data-start=\"678\" data-end=\"701\">Mode d&#8217;emploi :<\/strong><br data-start=\"701\" data-end=\"704\" \/>Appliquez une fine couche localement sur la zone pigment\u00e9e deux fois par jour sur une peau nettoy\u00e9e.<\/p>\n<p data-start=\"678\" data-end=\"782\" data-is-last-node=\"\" data-is-only-node=\"\"><span data-sheets-root=\"1\"><strong>Ingr\u00e9dients :<\/strong><br \/>\nAqua (Eau), Arbutin, L\u00e9cithine, Acide de lin, Ac\u00e9tate de tocoph\u00e9rol, Palmitate d&rsquo;ascorbyle, Glutathion, Glyc\u00e9rine,<br \/>\nNiacinamide, Extrait de germes de raifort, Glyc\u00e9rine, L\u00e9cithine, Ph\u00e9noxy\u00e9thanol, Extrait de busserole, acide gallique diglucosyl, glucoside d&rsquo;ascorbyle, copolym\u00e8re d&rsquo;acrylate d&rsquo;hydroxy\u00e9thyle\/acrylamidom\u00e9thyltaurate de sodium, caprylate de sorbitan, propanediol, acide benzo\u00efque.<\/span><\/p>\n","protected":false},"excerpt":{"rendered":"<p>Une ampoule professionnelle pour une correction cibl\u00e9e des taches brunes. La formule active agit directement sur les m\u00e9lanocytes, en inhibant l&rsquo;activit\u00e9 de la tyrosinase et en r\u00e9duisant la synth\u00e8se de la m\u00e9lanine. Le complexe acide-plante facilite la p\u00e9n\u00e9tration des ingr\u00e9dients actifs dans la couche corn\u00e9e, ce qui permet d&rsquo;obtenir un effet d\u00e9pigmentant prononc\u00e9. La synergie [&hellip;]<\/p>\n","protected":false},"featured_media":7895,"comment_status":"open","ping_status":"closed","template":"","meta":[],"product_brand":[62],"product_cat":[123],"product_tag":[],"class_list":{"0":"post-7894","1":"product","2":"type-product","3":"status-publish","4":"has-post-thumbnail","6":"product_brand-de-lys-blanc-line","7":"product_cat-de-lys-blanc-line-soins-de-la-peau-avec-pigmentation-a-base-de-lys","9":"first","10":"instock","11":"shipping-taxable","12":"purchasable","13":"product-type-simple"},"aioseo_notices":[],"_links":{"self":[{"href":"https:\/\/pelartlabbenelux.com\/fr\/wp-json\/wp\/v2\/product\/7894","targetHints":{"allow":["GET"]}}],"collection":[{"href":"https:\/\/pelartlabbenelux.com\/fr\/wp-json\/wp\/v2\/product"}],"about":[{"href":"https:\/\/pelartlabbenelux.com\/fr\/wp-json\/wp\/v2\/types\/product"}],"replies":[{"embeddable":true,"href":"https:\/\/pelartlabbenelux.com\/fr\/wp-json\/wp\/v2\/comments?post=7894"}],"version-history":[{"count":1,"href":"https:\/\/pelartlabbenelux.com\/fr\/wp-json\/wp\/v2\/product\/7894\/revisions"}],"predecessor-version":[{"id":7902,"href":"https:\/\/pelartlabbenelux.com\/fr\/wp-json\/wp\/v2\/product\/7894\/revisions\/7902"}],"wp:featuredmedia":[{"embeddable":true,"href":"https:\/\/pelartlabbenelux.com\/fr\/wp-json\/wp\/v2\/media\/7895"}],"wp:attachment":[{"href":"https:\/\/pelartlabbenelux.com\/fr\/wp-json\/wp\/v2\/media?parent=7894"}],"wp:term":[{"taxonomy":"product_brand","embeddable":true,"href":"https:\/\/pelartlabbenelux.com\/fr\/wp-json\/wp\/v2\/product_brand?post=7894"},{"taxonomy":"product_cat","embeddable":true,"href":"https:\/\/pelartlabbenelux.com\/fr\/wp-json\/wp\/v2\/product_cat?post=7894"},{"taxonomy":"product_tag","embeddable":true,"href":"https:\/\/pelartlabbenelux.com\/fr\/wp-json\/wp\/v2\/product_tag?post=7894"}],"curies":[{"name":"wp","href":"https:\/\/api.w.org\/{rel}","templated":true}]}}